{"id":12296,"date":"2024-02-19T15:56:43","date_gmt":"2024-02-19T14:56:43","guid":{"rendered":"https:\/\/bunzyland.com\/product\/strohkaninchen-karotte\/"},"modified":"2026-03-10T06:20:26","modified_gmt":"2026-03-10T05:20:26","slug":"strohkaninchen-karotte","status":"publish","type":"product","link":"https:\/\/bunzyland.com\/de\/produkt\/strohkaninchen-karotte\/","title":{"rendered":"Strohkaninchen Karotte"},"content":{"rendered":"<h2>Karottenknabbereien f\u00fcr Kaninchen<\/h2>\n<p>F\u00fcr eine gute Zahngesundheit muss Ihr Kaninchen jeden Tag knabbern. Mit <strong>Straw Rabbit Carrot<\/strong> kann Ihr kleiner Hase an einem hochwertigen Naturprodukt knabbern, das seine Z\u00e4hne gesund h\u00e4lt.<\/p>\n<p><img fetchpriority=\"high\" decoding=\"async\" class=\"alignnone wp-image-10661\" src=\"https:\/\/bunzyland.com\/wp-content\/uploads\/2024\/02\/jeu-a-grignoter-pour-lapin-300x300.jpg\" alt=\"Strohkaninchen Karotte\" width=\"600\" height=\"600\" srcset=\"https:\/\/bunzyland.com\/wp-content\/uploads\/2024\/02\/jeu-a-grignoter-pour-lapin-300x300.jpg 300w, https:\/\/bunzyland.com\/wp-content\/uploads\/2024\/02\/jeu-a-grignoter-pour-lapin-150x150.jpg 150w, https:\/\/bunzyland.com\/wp-content\/uploads\/2024\/02\/jeu-a-grignoter-pour-lapin-768x768.jpg 768w, https:\/\/bunzyland.com\/wp-content\/uploads\/2024\/02\/jeu-a-grignoter-pour-lapin-990x990.jpg 990w, https:\/\/bunzyland.com\/wp-content\/uploads\/2024\/02\/jeu-a-grignoter-pour-lapin-441x441.jpg 441w, https:\/\/bunzyland.com\/wp-content\/uploads\/2024\/02\/jeu-a-grignoter-pour-lapin-100x100.jpg 100w, https:\/\/bunzyland.com\/wp-content\/uploads\/2024\/02\/jeu-a-grignoter-pour-lapin-600x600.jpg 600w, https:\/\/bunzyland.com\/wp-content\/uploads\/2024\/02\/jeu-a-grignoter-pour-lapin.jpg 1000w\" sizes=\"(max-width: 600px) 100vw, 600px\" \/><\/p>\n<p>Diese ungiftige Kaninchenm\u00f6hre ist aus nat\u00fcrlichen getrockneten Kr\u00e4utern geflochten. Es besteht also kein Risiko f\u00fcr Ihr Haustier.<\/p>\n<ul>\n<li>Pflegt die Z\u00e4hne Ihres Kaninchens<\/li>\n<li>Bek\u00e4mpft Langeweile<\/li>\n<li>Lustiges Spielzeug f\u00fcr das Gehege Ihres Kaninchens<\/li>\n<li>Nat\u00fcrliche Fasern<\/li>\n<\/ul>\n<h3>Ein unentbehrliches Kaninchenspielzeug<\/h3>\n<p>Unsere <strong>Kaninchenkarotte aus Stroh<\/strong> ist das perfekte Spielzeug f\u00fcr Kaninchen aller Gr\u00f6\u00dfen. Ihr Kaninchen wird bald daran schnuppern und knabbern. Dieses Kaninchenspielzeug ist unverzichtbar, denn es bietet eine gesunde und angemessene Besch\u00e4ftigung, um sein nat\u00fcrliches Bed\u00fcrfnis zu knabbern zu befriedigen. Ihr Kaninchen wird unterhalten, ohne dass die Gefahr besteht, dass die M\u00f6bel in Ihrer Wohnung besch\u00e4digt werden.<\/p>\n<p><img decoding=\"async\" class=\"alignnone wp-image-10662\" src=\"https:\/\/bunzyland.com\/wp-content\/uploads\/2024\/02\/jeu-carotte-pour-lapin-300x300.jpg\" alt=\"Strohkaninchen Karotte\" width=\"600\" height=\"600\" srcset=\"https:\/\/bunzyland.com\/wp-content\/uploads\/2024\/02\/jeu-carotte-pour-lapin-300x300.jpg 300w, https:\/\/bunzyland.com\/wp-content\/uploads\/2024\/02\/jeu-carotte-pour-lapin-150x150.jpg 150w, https:\/\/bunzyland.com\/wp-content\/uploads\/2024\/02\/jeu-carotte-pour-lapin-768x768.jpg 768w, https:\/\/bunzyland.com\/wp-content\/uploads\/2024\/02\/jeu-carotte-pour-lapin-990x990.jpg 990w, https:\/\/bunzyland.com\/wp-content\/uploads\/2024\/02\/jeu-carotte-pour-lapin-441x441.jpg 441w, https:\/\/bunzyland.com\/wp-content\/uploads\/2024\/02\/jeu-carotte-pour-lapin-100x100.jpg 100w, https:\/\/bunzyland.com\/wp-content\/uploads\/2024\/02\/jeu-carotte-pour-lapin-600x600.jpg 600w, https:\/\/bunzyland.com\/wp-content\/uploads\/2024\/02\/jeu-carotte-pour-lapin.jpg 1000w\" sizes=\"(max-width: 600px) 100vw, 600px\" \/><\/p>\n<p>Dieser<strong> Karottenknabberspa\u00df<\/strong> ist eine gute M\u00f6glichkeit, die Langeweile bei Kaninchen zu bek\u00e4mpfen. Langeweile kann manchmal zu destruktivem Verhalten f\u00fchren, aber mit diesem stimulierenden Karottenspielzeug findet Ihr Kaninchen eine lustige und lohnende Besch\u00e4ftigung. Es ist die perfekte Wahl, um Ihr Kaninchen aktiv und gl\u00fccklich zu halten.<\/p>\n<p><strong>Merkmale:<\/strong><\/p>\n<p>Materialien: nat\u00fcrliches Gras<br \/>\nGr\u00f6\u00dfe: 20 x 4 cm<\/p>\n","protected":false},"excerpt":{"rendered":"<p>Karottenknabbereien f\u00fcr Kaninchen F\u00fcr eine gute Zahngesundheit muss Ihr Kaninchen jeden Tag knabbern. Mit Straw Rabbit Carrot kann Ihr kleiner Hase an einem hochwertigen Naturprodukt knabbern, das seine Z\u00e4hne gesund h\u00e4lt. Diese ungiftige Kaninchenm\u00f6hre ist aus nat\u00fcrlichen getrockneten Kr\u00e4utern geflochten. Es besteht also kein Risiko f\u00fcr Ihr Haustier. Pflegt die Z\u00e4hne Ihres Kaninchens Bek\u00e4mpft Langeweile [&hellip;]<\/p>\n","protected":false},"featured_media":12285,"comment_status":"closed","ping_status":"closed","template":"","meta":{"_seopress_robots_primary_cat":"none","_seopress_titles_title":"","_seopress_titles_desc":"","_seopress_robots_index":""},"product_brand":[],"product_cat":[173,169,177,172],"product_tag":[],"class_list":{"0":"post-12296","1":"product","2":"type-product","3":"status-publish","4":"has-post-thumbnail","6":"product_cat-angebote","7":"product_cat-hasenladen","8":"product_cat-kaninchen-kauspielzeug","9":"product_cat-spielzeug-fur-kaninchen","11":"first","12":"instock","13":"sale","14":"taxable","15":"shipping-taxable","16":"purchasable","17":"product-type-simple"},"_links":{"self":[{"href":"https:\/\/bunzyland.com\/de\/wp-json\/wp\/v2\/product\/12296","targetHints":{"allow":["GET"]}}],"collection":[{"href":"https:\/\/bunzyland.com\/de\/wp-json\/wp\/v2\/product"}],"about":[{"href":"https:\/\/bunzyland.com\/de\/wp-json\/wp\/v2\/types\/product"}],"replies":[{"embeddable":true,"href":"https:\/\/bunzyland.com\/de\/wp-json\/wp\/v2\/comments?post=12296"}],"wp:featuredmedia":[{"embeddable":true,"href":"https:\/\/bunzyland.com\/de\/wp-json\/wp\/v2\/media\/12285"}],"wp:attachment":[{"href":"https:\/\/bunzyland.com\/de\/wp-json\/wp\/v2\/media?parent=12296"}],"wp:term":[{"taxonomy":"product_brand","embeddable":true,"href":"https:\/\/bunzyland.com\/de\/wp-json\/wp\/v2\/product_brand?post=12296"},{"taxonomy":"product_cat","embeddable":true,"href":"https:\/\/bunzyland.com\/de\/wp-json\/wp\/v2\/product_cat?post=12296"},{"taxonomy":"product_tag","embeddable":true,"href":"https:\/\/bunzyland.com\/de\/wp-json\/wp\/v2\/product_tag?post=12296"}],"curies":[{"name":"wp","href":"https:\/\/api.w.org\/{rel}","templated":true}]}}