{"id":12316,"date":"2024-02-19T15:56:44","date_gmt":"2024-02-19T14:56:44","guid":{"rendered":"https:\/\/bunzyland.com\/product\/heuballen-fuer-kaninchen\/"},"modified":"2025-10-22T12:04:25","modified_gmt":"2025-10-22T10:04:25","slug":"heuballen-fuer-kaninchen","status":"publish","type":"product","link":"https:\/\/bunzyland.com\/de\/produkt\/heuballen-fuer-kaninchen\/","title":{"rendered":"Heuballen f\u00fcr Kaninchen"},"content":{"rendered":"<div class=\"detailmodule_html\">\n<div class=\"detail-desc-decorate-richtext\">\n<h2>Knabberheu-Ball f\u00fcr Kaninchen<\/h2>\n<p>Der <strong>Kaninchen-Heuball<\/strong> ist mehr als nur eine Delikatesse. Nat\u00fcrlich ist dieser Heuball f\u00fcr gro\u00dfe und kleine Feinschmecker gleicherma\u00dfen geeignet. Geben Sie Ihrem Hasen oder Kaninchen dieses Heuspielzeug, das Gaumenfreude mit Zahnpflege verbindet. Es ist ein nat\u00fcrlicher Schatz, eine Quelle essentieller Ballaststoffe, die die Sinne Ihres Schatzes erfreuen und gleichzeitig zu einer gesunden Verdauung beitragen.<\/p>\n<p><img fetchpriority=\"high\" decoding=\"async\" class=\"alignnone wp-image-16480\" src=\"https:\/\/mon-lapinnain.com\/wp-content\/uploads\/2021\/07\/jouet-pour-lapin-foin.png\" alt=\"jouet pour lapin foin\" width=\"600\" height=\"600\"><\/p>\n<p>Dieses <strong>Kaninchenspielzeug<\/strong> dient nicht nur als gesunder <strong>Snack<\/strong>, sondern ist auch ein interaktives Spielzeug, das die k\u00f6rperliche Aktivit\u00e4t Ihres Kaninchens anregt. Wenn Sie diesen Ball mit einem Durchmesser von 10 cm rollen und knabbern, hat Ihr Kaninchen Bewegung und genie\u00dft gleichzeitig ein leckeres Leckerli. Das ist ein lustiger Weg, um Langeweile zu bek\u00e4mpfen und das nat\u00fcrliche Suchverhalten zu f\u00f6rdern.<\/p>\n<h3>Un jouet pour lapin en compl\u00e9ment<\/h3>\n<p><img decoding=\"async\" class=\"alignnone wp-image-16479\" src=\"https:\/\/mon-lapinnain.com\/wp-content\/uploads\/2021\/07\/boule-foin-pour-lapin.png\" alt=\"Boule foin pour lapin\" width=\"600\" height=\"600\"><\/p>\n<p>Dieser <strong>Kaninchenheuball<\/strong> ist ein Muss f\u00fcr alle Kaninchenbesitzer. Dieser Heuball aus nat\u00fcrlichem Gras ist die perfekte Wahl f\u00fcr Ihr Kaninchen. Bitte beachten Sie, dass dieses Kaninchenspiel die t\u00e4gliche Heuf\u00fctterung des Kaninchens nicht ersetzt. Obwohl es im Wesentlichen aus Heu besteht, dient dieses <strong>interaktive Spielzeug<\/strong> als Extra, um Aktivit\u00e4t und Gier zu stimulieren. Klassisches Heu sollte die Hauptnahrung Ihres Kaninchens bleiben.<\/p>\n<p><strong>Merkmale:  <\/strong><\/p>\n<ul>\n<li>Materialien: Nat\u00fcrliches Gras<\/li>\n<li>Gr\u00f6\u00dfe: 10 cm<\/li>\n<\/ul>\n<\/div>\n<div class=\"detailmodule_dynamic\">\n<p>F\u00fcr noch mehr Spa\u00df f\u00fcr Ihren pelzigen Freund entdecken Sie unsere Auswahl an Kaninchenspielzeug, das speziell f\u00fcr sein Wohlbefinden und seine Freude entwickelt wurde.<\/p>\n<\/div>\n<div class=\"detailmodule_html\">\n<div class=\"detail-desc-decorate-richtext\"><\/div>\n<\/p><\/div>\n<\/p><\/div>\n","protected":false},"excerpt":{"rendered":"<p>Knabberheu-Ball f\u00fcr Kaninchen Der Kaninchen-Heuball ist mehr als nur eine Delikatesse. Nat\u00fcrlich ist dieser Heuball f\u00fcr gro\u00dfe und kleine Feinschmecker gleicherma\u00dfen geeignet. Geben Sie Ihrem Hasen oder Kaninchen dieses Heuspielzeug, das Gaumenfreude mit Zahnpflege verbindet. Es ist ein nat\u00fcrlicher Schatz, eine Quelle essentieller Ballaststoffe, die die Sinne Ihres Schatzes erfreuen und gleichzeitig zu einer gesunden [&hellip;]<\/p>\n","protected":false},"featured_media":10859,"comment_status":"closed","ping_status":"closed","template":"","meta":{"_seopress_robots_primary_cat":"none","_seopress_titles_title":"","_seopress_titles_desc":"","_seopress_robots_index":""},"product_brand":[],"product_cat":[173,169,177,172],"product_tag":[],"class_list":{"0":"post-12316","1":"product","2":"type-product","3":"status-publish","4":"has-post-thumbnail","6":"product_cat-angebote","7":"product_cat-hasenladen","8":"product_cat-kaninchen-kauspielzeug","9":"product_cat-spielzeug-fur-kaninchen","11":"first","12":"instock","13":"taxable","14":"shipping-taxable","15":"purchasable","16":"product-type-simple"},"_links":{"self":[{"href":"https:\/\/bunzyland.com\/de\/wp-json\/wp\/v2\/product\/12316","targetHints":{"allow":["GET"]}}],"collection":[{"href":"https:\/\/bunzyland.com\/de\/wp-json\/wp\/v2\/product"}],"about":[{"href":"https:\/\/bunzyland.com\/de\/wp-json\/wp\/v2\/types\/product"}],"replies":[{"embeddable":true,"href":"https:\/\/bunzyland.com\/de\/wp-json\/wp\/v2\/comments?post=12316"}],"wp:featuredmedia":[{"embeddable":true,"href":"https:\/\/bunzyland.com\/de\/wp-json\/wp\/v2\/media\/10859"}],"wp:attachment":[{"href":"https:\/\/bunzyland.com\/de\/wp-json\/wp\/v2\/media?parent=12316"}],"wp:term":[{"taxonomy":"product_brand","embeddable":true,"href":"https:\/\/bunzyland.com\/de\/wp-json\/wp\/v2\/product_brand?post=12316"},{"taxonomy":"product_cat","embeddable":true,"href":"https:\/\/bunzyland.com\/de\/wp-json\/wp\/v2\/product_cat?post=12316"},{"taxonomy":"product_tag","embeddable":true,"href":"https:\/\/bunzyland.com\/de\/wp-json\/wp\/v2\/product_tag?post=12316"}],"curies":[{"name":"wp","href":"https:\/\/api.w.org\/{rel}","templated":true}]}}