{"id":12335,"date":"2024-02-19T15:56:41","date_gmt":"2024-02-19T14:56:41","guid":{"rendered":"https:\/\/bunzyland.com\/product\/kaninchenlaufstall-fuer-unterwegs\/"},"modified":"2025-09-12T14:28:19","modified_gmt":"2025-09-12T12:28:19","slug":"kaninchenlaufstall-fuer-unterwegs","status":"publish","type":"product","link":"https:\/\/bunzyland.com\/de\/produkt\/kaninchenlaufstall-fuer-unterwegs\/","title":{"rendered":"Kaninchenlaufstall f\u00fcr unterwegs"},"content":{"rendered":"<h2><strong>Kaninchenlaufstall: praktisch f\u00fcr unterwegs<\/strong><\/h2>\n<p>Dieser <strong>Kaninchenlaufstall f\u00fcr unterwegs<\/strong> ist das perfekte Gehege f\u00fcr Ihr Haustier. Vollst\u00e4ndig geschlossen, auch von oben, m\u00fcssen Sie sich keine Sorgen machen, dass Ihr Kaninchen entkommt. Dieser <strong>Kaninchenstall<\/strong> ist leicht zu transportieren und kann im Garten, im Park oder sogar im Haus aufgestellt werden. Dies ist einer der besten Reiseartikel f\u00fcr Kaninchen. Dies ist der<strong> beste Stall<\/strong>, um mit Ihrem Kaninchen in den Urlaub zu fahren. Dieses <strong>Kaninchengehege<\/strong> ist faltbar und leicht zu verstauen. Es ist sehr praktisch. Das atmungsaktive Material l\u00e4sst die Luft durch den <strong>Kaninchenstall<\/strong> zirkulieren, so dass Ihr Kaninchen auch vor der Hitze gesch\u00fctzt ist.<\/p>\n<p>Der Hauptvorteil eines<strong> Reisekaninchenstalls<\/strong> ist, dass er Ihrem Kaninchen mehr Platz und Freiheit zum sicheren Spielen bietet. Legen Sie all diese Spielzeuge zusammen mit Heu und Einstreu in den Stall. Sie k\u00f6nnen dieses <strong>Laufgitter<\/strong> am Eingang des K\u00e4figs Ihres Kaninchens platzieren, um den Platz zu vergr\u00f6\u00dfern<\/p>\n<p><img fetchpriority=\"high\" decoding=\"async\" class=\"alignnone\" src=\"https:\/\/monlapinnain.hellodr.tech\/wp-content\/uploads\/sites\/532\/2021\/02\/enclos-facile-a-installer_600x600.jpg?v=1599742762\" alt=\"billiges Kaninchengehege\" width=\"600\" height=\"600\"><\/p>\n<p><strong>Mehr Details:<\/strong><\/p>\n<p><strong>Gr\u00f6\u00dfe: <\/strong>120cm x 38cm \/ 47,24&#8243; x 14,96&#8243; (jede Seite ist 60cm \/ 23,62&#8243; lang)<br \/>\n<strong>Material: <\/strong>Wasserdichtes Gewebe + Segeltuch<\/p>\n","protected":false},"excerpt":{"rendered":"<p>Kaninchenlaufstall: praktisch f\u00fcr unterwegs Dieser Kaninchenlaufstall f\u00fcr unterwegs ist das perfekte Gehege f\u00fcr Ihr Haustier. Vollst\u00e4ndig geschlossen, auch von oben, m\u00fcssen Sie sich keine Sorgen machen, dass Ihr Kaninchen entkommt. Dieser Kaninchenstall ist leicht zu transportieren und kann im Garten, im Park oder sogar im Haus aufgestellt werden. Dies ist einer der besten Reiseartikel f\u00fcr [&hellip;]<\/p>\n","protected":false},"featured_media":10933,"comment_status":"closed","ping_status":"closed","template":"","meta":{"_seopress_robots_primary_cat":"none","_seopress_titles_title":"","_seopress_titles_desc":"Kaninchenlaufstall f\u00fcr unterwegs, das ideale Gehege f\u00fcr Ihre Ausfl\u00fcge in den Park. Ihr Kaninchen wird Ihnen mit diesem neuen Gehege \u00fcberallhin folgen!","_seopress_robots_index":""},"product_brand":[],"product_cat":[173,169,180],"product_tag":[],"class_list":{"0":"post-12335","1":"product","2":"type-product","3":"status-publish","4":"has-post-thumbnail","6":"product_cat-angebote","7":"product_cat-hasenladen","8":"product_cat-kaninchen-laufstall","10":"first","11":"outofstock","12":"sale","13":"taxable","14":"shipping-taxable","15":"purchasable","16":"product-type-simple"},"_links":{"self":[{"href":"https:\/\/bunzyland.com\/de\/wp-json\/wp\/v2\/product\/12335","targetHints":{"allow":["GET"]}}],"collection":[{"href":"https:\/\/bunzyland.com\/de\/wp-json\/wp\/v2\/product"}],"about":[{"href":"https:\/\/bunzyland.com\/de\/wp-json\/wp\/v2\/types\/product"}],"replies":[{"embeddable":true,"href":"https:\/\/bunzyland.com\/de\/wp-json\/wp\/v2\/comments?post=12335"}],"wp:featuredmedia":[{"embeddable":true,"href":"https:\/\/bunzyland.com\/de\/wp-json\/wp\/v2\/media\/10933"}],"wp:attachment":[{"href":"https:\/\/bunzyland.com\/de\/wp-json\/wp\/v2\/media?parent=12335"}],"wp:term":[{"taxonomy":"product_brand","embeddable":true,"href":"https:\/\/bunzyland.com\/de\/wp-json\/wp\/v2\/product_brand?post=12335"},{"taxonomy":"product_cat","embeddable":true,"href":"https:\/\/bunzyland.com\/de\/wp-json\/wp\/v2\/product_cat?post=12335"},{"taxonomy":"product_tag","embeddable":true,"href":"https:\/\/bunzyland.com\/de\/wp-json\/wp\/v2\/product_tag?post=12335"}],"curies":[{"name":"wp","href":"https:\/\/api.w.org\/{rel}","templated":true}]}}