{"id":12392,"date":"2024-02-19T15:56:30","date_gmt":"2024-02-19T14:56:30","guid":{"rendered":"https:\/\/bunzyland.com\/product\/kaninchen-flasche\/"},"modified":"2025-10-02T16:52:59","modified_gmt":"2025-10-02T14:52:59","slug":"kaninchen-flasche","status":"publish","type":"product","link":"https:\/\/bunzyland.com\/de\/produkt\/kaninchen-flasche\/","title":{"rendered":"Kaninchen Flasche"},"content":{"rendered":"<h2>Kaninchenflasche: das praktische Accessoire<\/h2>\n<p>Diese <strong>Kaninchenflasche<\/strong> ist das <strong>ideale Zubeh\u00f6r<\/strong> f\u00fcr eine einfache, hygienische Tr\u00e4nke f\u00fcr Ihr Kaninchen. Dank seines cleveren Doppelkugelsystems <strong>verhindert<\/strong> es <strong>ein Auslaufen<\/strong> und h\u00e4lt Ihr Kaninchen trocken, wenn es zum Trinken kommt. Die verst\u00e4rkte Anti-Biss-Spitze sorgt f\u00fcr Langlebigkeit trotz der kleinen Z\u00e4hne Ihres Kaninchens.<\/p>\n<p>Sein gro\u00dfz\u00fcgiges Fassungsverm\u00f6gen von 750 ml bedeutet weniger h\u00e4ufiges Nachf\u00fcllen von Wasser. Ihr Kaninchen wird st\u00e4ndig mit frischem, sauberem Wasser versorgt, was f\u00fcr seine Gesundheit unerl\u00e4sslich ist. Dank des cleveren Hakensystems l\u00e4sst sich die <strong>Kaninchentr\u00e4nke<\/strong> sicher an K\u00e4fig- oder Gehegegittern befestigen. Kein Wasser mehr versch\u00fcttet! Ihr Kaninchen kann frei trinken, ohne dass sich die <strong>Kaninchenflasche<\/strong> bewegt.<\/p>\n<p><img fetchpriority=\"high\" decoding=\"async\" class=\"alignnone wp-image-7904\" src=\"https:\/\/mon-lapinnain.com\/wp-content\/uploads\/2021\/10\/biberon-lapin-en-verre.jpg\" alt=\"Kaninchenflasche\" width=\"600\" height=\"729\"><\/p>\n<p>Diese praktische und gut durchdachte <strong>Kaninchentr\u00e4nke <\/strong>macht die Fl\u00fcssigkeitszufuhr f\u00fcr Ihr Haustier einfacher und ges\u00fcnder. Ein Muss f\u00fcr das Wohlbefinden Ihres Kaninchens.<\/p>\n<h3>Kaninchentr\u00e4nke: ein cleveres Accessoire<\/h3>\n<p>Dieses <strong>Kaninchenzubeh\u00f6r<\/strong> ist dank seiner am K\u00e4fig befestigten Halterung sowohl genial als auch praktisch. Das 750-ml-Modell wird direkt von oben bef\u00fcllt. Sie m\u00fcssen nicht einmal die <strong>Kaninchenflasche<\/strong> entfernen, um das Wasser nachzuf\u00fcllen. Dieser <strong>Kaninchen-Wasserspender<\/strong> wurde von Grund auf so konzipiert, dass er Ihr t\u00e4gliches Leben einfacher macht. Es ist <strong>die beste Kaninchentr\u00e4nke<\/strong> auf dem Markt.<\/p>\n<p><img decoding=\"async\" class=\"alignnone wp-image-7905\" src=\"https:\/\/mon-lapinnain.com\/wp-content\/uploads\/2021\/10\/biberon-lapin.jpg\" alt=\"Kaninchentrinker\" width=\"524\" height=\"600\"><\/p>\n<p><strong>Merkmale:<\/strong><\/p>\n<ul>\n<li>Fassungsverm\u00f6gen: 750ml<\/li>\n<li>Materialien: Kunststoff<\/li>\n<li>Wasserbef\u00fcllung von oben, ohne die Flasche zu bewegen<\/li>\n<li>Farbe: Hellgr\u00fcn<\/li>\n<\/ul>\n<p>Um das Wohlbefinden und den Komfort Ihres Kaninchens zu gew\u00e4hrleisten, entdecken Sie unser umfangreiches Angebot an <a href=\"https:\/\/bunzyland.com\/de\/kaninchen-zubehoer\/\">Kaninchenzubeh\u00f6r<\/a>, das auf alle seine Bed\u00fcrfnisse abgestimmt ist.<\/p>\n","protected":false},"excerpt":{"rendered":"<ul>\n<li>750ml<\/li>\n<\/ul>\n","protected":false},"featured_media":11317,"comment_status":"closed","ping_status":"closed","template":"","meta":{"_seopress_robots_primary_cat":"none","_seopress_titles_title":"","_seopress_titles_desc":"Diese Kaninchenflasche ist die praktischste aller Kaninchentr\u00e4nken. Diese gro\u00dfe Kaninchenflasche ist praktisch, langlebig und eine der besten!","_seopress_robots_index":""},"product_brand":[],"product_cat":[169,205,189],"product_tag":[],"class_list":{"0":"post-12392","1":"product","2":"type-product","3":"status-publish","4":"has-post-thumbnail","6":"product_cat-hasenladen","7":"product_cat-kaninchen-trinkflasche","8":"product_cat-kaninchen-zubehoer","9":"product_shipping_class-ok-mondial-relais-de","11":"first","12":"instock","13":"sale","14":"taxable","15":"shipping-taxable","16":"purchasable","17":"product-type-simple"},"_links":{"self":[{"href":"https:\/\/bunzyland.com\/de\/wp-json\/wp\/v2\/product\/12392","targetHints":{"allow":["GET"]}}],"collection":[{"href":"https:\/\/bunzyland.com\/de\/wp-json\/wp\/v2\/product"}],"about":[{"href":"https:\/\/bunzyland.com\/de\/wp-json\/wp\/v2\/types\/product"}],"replies":[{"embeddable":true,"href":"https:\/\/bunzyland.com\/de\/wp-json\/wp\/v2\/comments?post=12392"}],"wp:featuredmedia":[{"embeddable":true,"href":"https:\/\/bunzyland.com\/de\/wp-json\/wp\/v2\/media\/11317"}],"wp:attachment":[{"href":"https:\/\/bunzyland.com\/de\/wp-json\/wp\/v2\/media?parent=12392"}],"wp:term":[{"taxonomy":"product_brand","embeddable":true,"href":"https:\/\/bunzyland.com\/de\/wp-json\/wp\/v2\/product_brand?post=12392"},{"taxonomy":"product_cat","embeddable":true,"href":"https:\/\/bunzyland.com\/de\/wp-json\/wp\/v2\/product_cat?post=12392"},{"taxonomy":"product_tag","embeddable":true,"href":"https:\/\/bunzyland.com\/de\/wp-json\/wp\/v2\/product_tag?post=12392"}],"curies":[{"name":"wp","href":"https:\/\/api.w.org\/{rel}","templated":true}]}}