{"id":12406,"date":"2024-02-19T15:56:28","date_gmt":"2024-02-19T14:56:28","guid":{"rendered":"https:\/\/bunzyland.com\/product\/spielzeug-fuer-kaninchen-schnuffelmoehre\/"},"modified":"2025-10-16T14:38:33","modified_gmt":"2025-10-16T12:38:33","slug":"spielzeug-fuer-kaninchen-schnuffelmoehre","status":"publish","type":"product","link":"https:\/\/bunzyland.com\/de\/produkt\/spielzeug-fuer-kaninchen-schnuffelmoehre\/","title":{"rendered":"Spielzeug f\u00fcr Kaninchen Schnuffelm\u00f6hre"},"content":{"rendered":"<h2>Spielzeug f\u00fcr Kaninchen Schnuffelm\u00f6hre : Spa\u00df und Unterhaltung<\/h2>\n<p>Das <strong>Spielzeug f\u00fcr Kaninchen snuffle carrot<\/strong> ist ein tolles <strong>W\u00fchlspielzeug<\/strong>. Dieses <strong>interaktive Kaninchenspielzeug<\/strong> stimuliert die Sinne Ihres Babys, unterh\u00e4lt es und f\u00f6rdert seine Intelligenz. Buns lieben es, zu suchen und herumzustreifen, besonders wenn es darum geht, ein gro\u00dfes Leckerli zu finden. Sie sind wahre Vielfra\u00dfe, daher ist diese Futtermatte auch ideal, um die Zeit der Mahlzeiten oder Leckereien zu \u00fcberbr\u00fccken.<\/p>\n<p>Verstecken Sie ein paar Leckerbissen, wie z.B. kleine Obstst\u00fccke oder Pellets, in den 4 Vertiefungen unter dem <strong>Karottenspielzeug f\u00fcr Kaninchen<\/strong>. Legen Sie das <strong>Kaninchenspielzeug zur Bereicherung<\/strong> auf den Boden oder stellen Sie es an eine Wand. Ihr Hase wird bald kommen und sich seine Lieblingsleckereien holen. Diese unterhaltsame Aktivit\u00e4t kommt Ihrem Kaninchen zugute, denn sie trainiert sein Gehirn, seine Konzentration und seine Geduld. Ja, es ist ein tolles Spielzeug, um ihm beizubringen, mit seinen Frustrationen umzugehen! Sie werden erstaunt sein, wie intelligent Ihr Kaninchen ist und wie schnell es lernt!<\/p>\n<p><img fetchpriority=\"high\" decoding=\"async\" class=\"alignnone wp-image-8042\" src=\"https:\/\/mon-lapinnain.com\/wp-content\/uploads\/2021\/11\/Tapis-de-fouille-lapin-carotte-1.gif\" alt=\"Spielzeug f\u00fcr Kaninchen Schnuffelm\u00f6hre\" width=\"400\" height=\"481\"><\/p>\n<h3>Wie spielen Sie mit Ihrem Kaninchen?<\/h3>\n<p>Dieses <strong>Spielzeug f\u00fcr Kaninchen Schnuffelm\u00f6hre<\/strong> ist eine tolle Besch\u00e4ftigung f\u00fcr Ihren Holland Lop. Dadurch wird Vertrauen zwischen Ihnen und Ihrem Haustier aufgebaut und eine positive Beziehung entwickelt. Z\u00f6gern Sie nicht, Ihr Kaninchen zu ermutigen, nach Leckereien zu suchen. Ein Ratschlag: Lassen Sie Ihr Kaninchen nicht unbeaufsichtigt, w\u00e4hrend es mit diesem Spielzeug spielt, denn es ist nicht empfehlenswert, dass Kaninchen den Stoff verschlucken.<\/p>\n<p>Dieses lustige<strong> interaktive Kaninchenspielzeug<\/strong> l\u00e4sst sich leicht \u00fcberallhin mitnehmen, da es nicht viel Platz braucht.<\/p>\n<p><img decoding=\"async\" class=\"alignnone wp-image-8292 size-full\" src=\"https:\/\/mon-lapinnain.com\/wp-content\/uploads\/2021\/11\/jeux-pour-lapin-nain.gif\" alt=\"Spielzeug f\u00fcr Kaninchen Schnuffelm\u00f6hre\" width=\"240\" height=\"300\"><\/p>\n<p><strong>Weitere Details:<br \/>\n<\/strong>Materialien: Stoff, Baumwolle<br \/>\nDetail : Karottenf\u00f6rmige W\u00fchlmatte mit 4 Leckerli-Schlitzen<br \/>\nPflege : Maschinenwaschbar bei 30\u00b0C.<\/p>\n","protected":false},"excerpt":{"rendered":"<ul>\n<li>Spielzeug f\u00fcr Kaninchen<\/li>\n<li>Lustiges interaktives Spielzeug<\/li>\n<\/ul>\n","protected":false},"featured_media":11351,"comment_status":"closed","ping_status":"closed","template":"","meta":{"_seopress_robots_primary_cat":"none","_seopress_titles_title":"","_seopress_titles_desc":"Das Spielzeug f\u00fcr Kaninchen Schnuffelkarotte ist die perfekte Besch\u00e4ftigung f\u00fcr Ihr Kaninchen, um es zu unterhalten und seine Sinne zu entwickeln. Bestes Kaninchenspielzeug","_seopress_robots_index":""},"product_brand":[],"product_cat":[169,195,201,193,172],"product_tag":[],"class_list":{"0":"post-12406","1":"product","2":"type-product","3":"status-publish","4":"has-post-thumbnail","6":"product_cat-hasenladen","7":"product_cat-kaninchen-matten","8":"product_cat-kaninchen-futtermatte","9":"product_cat-kaninchenbett","10":"product_cat-spielzeug-fur-kaninchen","12":"first","13":"instock","14":"taxable","15":"shipping-taxable","16":"purchasable","17":"product-type-simple"},"_links":{"self":[{"href":"https:\/\/bunzyland.com\/de\/wp-json\/wp\/v2\/product\/12406","targetHints":{"allow":["GET"]}}],"collection":[{"href":"https:\/\/bunzyland.com\/de\/wp-json\/wp\/v2\/product"}],"about":[{"href":"https:\/\/bunzyland.com\/de\/wp-json\/wp\/v2\/types\/product"}],"replies":[{"embeddable":true,"href":"https:\/\/bunzyland.com\/de\/wp-json\/wp\/v2\/comments?post=12406"}],"wp:featuredmedia":[{"embeddable":true,"href":"https:\/\/bunzyland.com\/de\/wp-json\/wp\/v2\/media\/11351"}],"wp:attachment":[{"href":"https:\/\/bunzyland.com\/de\/wp-json\/wp\/v2\/media?parent=12406"}],"wp:term":[{"taxonomy":"product_brand","embeddable":true,"href":"https:\/\/bunzyland.com\/de\/wp-json\/wp\/v2\/product_brand?post=12406"},{"taxonomy":"product_cat","embeddable":true,"href":"https:\/\/bunzyland.com\/de\/wp-json\/wp\/v2\/product_cat?post=12406"},{"taxonomy":"product_tag","embeddable":true,"href":"https:\/\/bunzyland.com\/de\/wp-json\/wp\/v2\/product_tag?post=12406"}],"curies":[{"name":"wp","href":"https:\/\/api.w.org\/{rel}","templated":true}]}}