{"id":12462,"date":"2024-02-19T15:56:22","date_gmt":"2024-02-19T14:56:22","guid":{"rendered":"https:\/\/bunzyland.com\/product\/kaninchenklo-hygienisch\/"},"modified":"2026-02-08T17:29:01","modified_gmt":"2026-02-08T16:29:01","slug":"kaninchenklo-hygienisch","status":"publish","type":"product","link":"https:\/\/bunzyland.com\/de\/produkt\/kaninchenklo-hygienisch\/","title":{"rendered":"Kaninchenklo hygienisch"},"content":{"rendered":"<h2>Eine ultra-hygienische Kaninchentoilette mit Gitter<\/h2>\n<p>Entdecken Sie die Revolution in der Welt des <strong>Kaninchenzubeh\u00f6rs<\/strong>: unsere <strong>hygienische Kaninchentoilette<\/strong>, die speziell entwickelt wurde, um Komfort und Sauberkeit zu verbinden. Dieses <strong>Zubeh\u00f6r<\/strong> ist eine hygienische L\u00f6sung, die den Lebensraum Ihres Kaninchens sauber und trocken h\u00e4lt und Ihrem kleinen Gef\u00e4hrten einen bequemen Platz zum Wohlf\u00fchlen bietet. \ud83d\udc30\u2728<\/p>\n<p><img fetchpriority=\"high\" decoding=\"async\" class=\"alignnone size-full wp-image-8520\" src=\"https:\/\/mon-lapinnain.com\/wp-content\/uploads\/2022\/03\/litiere-bac-pour-lapin.gif\" alt=\"bac-\u00e0-litiere-lapinbac-\u00e0-litiere-lapin\" width=\"400\" height=\"400\"><\/p>\n<p>Diese <strong>Kaninchenstreu<\/strong> wurde entwickelt, um den Alltag von Kaninchenbesitzern zu erleichtern. Mit seinem herausnehmbaren Gitter trennt er das Kaninchen von seinen Bed\u00fcrfnissen und verringert so das Risiko einer Pododermatitis. So sparen Sie wertvolle Zeit und schaffen eine ges\u00fcndere Umgebung f\u00fcr Ihr Kaninchen. Ihr Kaninchen kommt nicht mit seinen eigenen Ausscheidungen in Ber\u00fchrung.<\/p>\n<h3>Ein praktisches Hasen-Accessoire<\/h3>\n<p>Unsere <strong>hygienische Kaninchentoilette<\/strong> gibt es in zwei Gr\u00f6\u00dfen, klein und gro\u00df, damit sie perfekt in den Lebensraum Ihres Kaninchens passt, egal ob es ein Zwergkaninchen oder ein gr\u00f6\u00dferes Kaninchen ist. Das ergonomische Design dieser <strong>Kaninchenstreu<\/strong> erm\u00f6glicht Ihrem Kaninchen ein einfaches Rein- und Rauskommen, so dass sie f\u00fcr jedes Alter und jede k\u00f6rperliche Verfassung geeignet ist. \ud83d\udcd0\ud83d\udd04<\/p>\n<p><img decoding=\"async\" class=\"alignnone wp-image-8523\" src=\"https:\/\/mon-lapinnain.com\/wp-content\/uploads\/2022\/03\/litie%CC%80re-pour-lapin.jpg\" alt=\"Kaninchenklo hygienisch\" width=\"600\" height=\"600\"><\/p>\n<p>Die Oberfl\u00e4che des <strong>Gitters<\/strong> ist so gestaltet, dass sie sanft zu den Pfoten Ihres Kaninchens ist und gleichzeitig sicherstellt, dass der Abfall in die Bodenwanne f\u00e4llt. Dies hilft, die Pfoten Ihres Kaninchens sauber und trocken zu halten und beugt dem Risiko von Reizungen und Infektionen vor.<\/p>\n<p>Wenn Sie sich f\u00fcr unsere <strong>Katzentoilette mit Gitter<\/strong> entscheiden, investieren Sie in die Gesundheit und das Wohlbefinden Ihres Haustieres. Neben seiner hygienischen Funktion ist er ein unverzichtbares <strong>Accessoire<\/strong> f\u00fcr die Gestaltung des Lebensraums Ihres Kaninchens und erleichtert das T\u00f6pfchentraining.<\/p>\n<p><b>Merkmale:<\/b><\/p>\n<ul>\n<li style=\"font-weight: 400;\" aria-level=\"1\"><span style=\"font-weight: 400;\">Erh\u00e4ltlich in 2 Gr\u00f6\u00dfen: Gro\u00df (57 x 45cm) und Klein (31 x 38cm)<\/span><\/li>\n<\/ul>\n<p><img decoding=\"async\" class=\"alignnone wp-image-8521\" src=\"https:\/\/mon-lapinnain.com\/wp-content\/uploads\/2022\/03\/litie%CC%80re-pour-lapin-nain-TAILLE.jpg\" alt=\"Kaninchen Katzentoilette mit Gitter\" width=\"600\" height=\"600\"><\/p>\n<p>Um das Wohlbefinden und den Komfort Ihres Kaninchens zu gew\u00e4hrleisten, entdecken Sie unser umfangreiches Angebot an Kaninchenzubeh\u00f6r, das auf alle seine Bed\u00fcrfnisse abgestimmt ist.<\/p>\n","protected":false},"excerpt":{"rendered":"<p>Eine ultra-hygienische Kaninchentoilette mit Gitter Entdecken Sie die Revolution in der Welt des Kaninchenzubeh\u00f6rs: unsere hygienische Kaninchentoilette, die speziell entwickelt wurde, um Komfort und Sauberkeit zu verbinden. Dieses Zubeh\u00f6r ist eine hygienische L\u00f6sung, die den Lebensraum Ihres Kaninchens sauber und trocken h\u00e4lt und Ihrem kleinen Gef\u00e4hrten einen bequemen Platz zum Wohlf\u00fchlen bietet. \ud83d\udc30\u2728 Diese Kaninchenstreu [&hellip;]<\/p>\n","protected":false},"featured_media":11453,"comment_status":"closed","ping_status":"closed","template":"","meta":{"_seopress_robots_primary_cat":"none","_seopress_titles_title":"","_seopress_titles_desc":"","_seopress_robots_index":""},"product_brand":[],"product_cat":[169,192,189],"product_tag":[],"class_list":{"0":"post-12462","1":"product","2":"type-product","3":"status-publish","4":"has-post-thumbnail","6":"product_cat-hasenladen","7":"product_cat-kaninchen-toilette","8":"product_cat-kaninchen-zubehoer","9":"product_shipping_class-ok-mondial-relais-de","11":"first","12":"outofstock","13":"taxable","14":"shipping-taxable","15":"purchasable","16":"product-type-variable","17":"has-default-attributes"},"_links":{"self":[{"href":"https:\/\/bunzyland.com\/de\/wp-json\/wp\/v2\/product\/12462","targetHints":{"allow":["GET"]}}],"collection":[{"href":"https:\/\/bunzyland.com\/de\/wp-json\/wp\/v2\/product"}],"about":[{"href":"https:\/\/bunzyland.com\/de\/wp-json\/wp\/v2\/types\/product"}],"replies":[{"embeddable":true,"href":"https:\/\/bunzyland.com\/de\/wp-json\/wp\/v2\/comments?post=12462"}],"wp:featuredmedia":[{"embeddable":true,"href":"https:\/\/bunzyland.com\/de\/wp-json\/wp\/v2\/media\/11453"}],"wp:attachment":[{"href":"https:\/\/bunzyland.com\/de\/wp-json\/wp\/v2\/media?parent=12462"}],"wp:term":[{"taxonomy":"product_brand","embeddable":true,"href":"https:\/\/bunzyland.com\/de\/wp-json\/wp\/v2\/product_brand?post=12462"},{"taxonomy":"product_cat","embeddable":true,"href":"https:\/\/bunzyland.com\/de\/wp-json\/wp\/v2\/product_cat?post=12462"},{"taxonomy":"product_tag","embeddable":true,"href":"https:\/\/bunzyland.com\/de\/wp-json\/wp\/v2\/product_tag?post=12462"}],"curies":[{"name":"wp","href":"https:\/\/api.w.org\/{rel}","templated":true}]}}