{"id":12471,"date":"2024-02-19T15:56:23","date_gmt":"2024-02-19T14:56:23","guid":{"rendered":"https:\/\/bunzyland.com\/product\/kaninchenhaus-tipi-anpassbar\/"},"modified":"2026-01-09T15:26:07","modified_gmt":"2026-01-09T14:26:07","slug":"kaninchenhaus-tipi-anpassbar","status":"publish","type":"product","link":"https:\/\/bunzyland.com\/de\/produkt\/kaninchenhaus-tipi-anpassbar\/","title":{"rendered":"Kaninchenhaus-Tipi anpassbar"},"content":{"rendered":"<h2>Kaninchenhaus-Tipi : ein super individuell gestaltbares Versteck<\/h2>\n<p>Das <strong>anpassbare Kaninchenhaus-Tipi <\/strong>ist ein kleines <strong>Versteck f\u00fcr Kaninchen<\/strong>, inspiriert von den indianischen Zeltbehausungen der Vergangenheit. Sein raffiniertes Design f\u00fcgt sich perfekt in Ihre Inneneinrichtung ein. So k\u00f6nnen Sie Ihr H\u00e4schen an Ihrer Seite behalten.<br \/>\nDieses <strong>Kaninchen-Tipi<\/strong> ist ein Zelt, das Ihrem Haustier maximale Freude bereiten wird. Der<strong> Kaninchenstall im<\/strong> Tipi-Design besteht aus einem Zelt mit klaren, hellen Farben, die einladend wirken sollen, und einem bequemen, ultraweichen <strong>Kaninchenbett<\/strong> f\u00fcr maximalen Komfort. Das <strong>Kaninchenheim<\/strong> enth\u00e4lt au\u00dferdem eine Schiefertafel, auf die Sie den Namen Ihres Zwergkaninchens schreiben k\u00f6nnen.<\/p>\n<p><img fetchpriority=\"high\" decoding=\"async\" class=\"alignnone wp-image-8477\" src=\"https:\/\/mon-lapinnain.com\/wp-content\/uploads\/2022\/03\/cabane-lapin-tipi.jpg\" alt=\"Kaninchenstall-Tipi  \" width=\"600\" height=\"600\"><\/p>\n<h3>Der beste Kaninchenstall<\/h3>\n<p>Das <strong>Kaninchenversteck <\/strong>ist ein echter Ort der Ruhe und des Friedens f\u00fcr Ihren kleinen Freund. Er kann sich darin verstecken, um sich sicher zu f\u00fchlen, stundenlang schlafen oder einfach nur entspannen und sich sonnen.<br \/>\nDie Form und das Design des <strong>luxuri\u00f6sen Kaninchenhauses<\/strong> sind sehr gut durchdacht, um Ihrem Kaninchen ein Gef\u00fchl der Sicherheit zu vermitteln, denn wir wissen, dass Kaninchen von Natur aus gerne in geschlossenen R\u00e4umen sind. Dieses <strong>Kaninchenhaus f\u00fcr drinnen<\/strong> ist daher der ideale Zufluchtsort f\u00fcr Ihren treuen Begleiter. Es wird viel zu seinem Wohlbefinden beitragen und sein eigener Ort sein.<\/p>\n<p>Und nicht zuletzt ist dieses <strong>Kaninchenhaus<\/strong> aus Stoff gefertigt und daher sehr leicht zu reinigen. Nehmen Sie es einfach auseinander und waschen Sie das Zelt.<\/p>\n<p><b>Mehr Details:<\/b><\/p>\n<ul>\n<li aria-level=\"1\">Verf\u00fcgbare Farben: Reinwei\u00df, Off-white, Gelb<\/li>\n<li aria-level=\"1\">Materialien: Holz und Stoff<\/li>\n<li aria-level=\"1\">Gr\u00f6\u00dfe: 40cm x 40cm x 50cm (15.75 x 15.75 x 19.69 in)<\/li>\n<li aria-level=\"1\">Inhalt: Tipi mit Zelttuch + Bett + Schiefer<\/li>\n<\/ul>\n<p><img decoding=\"async\" class=\"alignnone wp-image-8489\" style=\"font-size: revert; color: initial; font-family: var(--wp--preset--font-family--primary);\" src=\"https:\/\/mon-lapinnain.com\/wp-content\/uploads\/2022\/03\/caracte%CC%81ristiques-tipi-lapin.jpg\" alt=\"Kaninchenhaus-Tipi anpassbar\" width=\"600\" height=\"600\"><\/p>\n","protected":false},"excerpt":{"rendered":"<ul>\n<li>Kaninchen-Zelt<\/li>\n<li>Versteck<\/li>\n<\/ul>\n","protected":false},"featured_media":11447,"comment_status":"closed","ping_status":"closed","template":"","meta":{"_seopress_robots_primary_cat":"none","_seopress_titles_title":"","_seopress_titles_desc":"Das Kaninchenhaus-Tipi nach Ma\u00df ist ein kleines Haus in Form eines Zeltes, ideal, um Ihrem Kaninchen einen beruhigenden und ruhigen Ort zu bieten.","_seopress_robots_index":""},"product_brand":[],"product_cat":[169,179,175],"product_tag":[],"class_list":{"0":"post-12471","1":"product","2":"type-product","3":"status-publish","4":"has-post-thumbnail","6":"product_cat-hasenladen","7":"product_cat-kaninchen-tipi","8":"product_cat-kaninchenstall","10":"first","11":"outofstock","12":"taxable","13":"shipping-taxable","14":"purchasable","15":"product-type-simple"},"_links":{"self":[{"href":"https:\/\/bunzyland.com\/de\/wp-json\/wp\/v2\/product\/12471","targetHints":{"allow":["GET"]}}],"collection":[{"href":"https:\/\/bunzyland.com\/de\/wp-json\/wp\/v2\/product"}],"about":[{"href":"https:\/\/bunzyland.com\/de\/wp-json\/wp\/v2\/types\/product"}],"replies":[{"embeddable":true,"href":"https:\/\/bunzyland.com\/de\/wp-json\/wp\/v2\/comments?post=12471"}],"wp:featuredmedia":[{"embeddable":true,"href":"https:\/\/bunzyland.com\/de\/wp-json\/wp\/v2\/media\/11447"}],"wp:attachment":[{"href":"https:\/\/bunzyland.com\/de\/wp-json\/wp\/v2\/media?parent=12471"}],"wp:term":[{"taxonomy":"product_brand","embeddable":true,"href":"https:\/\/bunzyland.com\/de\/wp-json\/wp\/v2\/product_brand?post=12471"},{"taxonomy":"product_cat","embeddable":true,"href":"https:\/\/bunzyland.com\/de\/wp-json\/wp\/v2\/product_cat?post=12471"},{"taxonomy":"product_tag","embeddable":true,"href":"https:\/\/bunzyland.com\/de\/wp-json\/wp\/v2\/product_tag?post=12471"}],"curies":[{"name":"wp","href":"https:\/\/api.w.org\/{rel}","templated":true}]}}