{"id":12480,"date":"2024-02-19T15:56:16","date_gmt":"2024-02-19T14:56:16","guid":{"rendered":"https:\/\/bunzyland.com\/product\/kaninchenstall-aus-stroh-2\/"},"modified":"2025-09-12T17:21:59","modified_gmt":"2025-09-12T15:21:59","slug":"kaninchenstall-aus-stroh-2","status":"publish","type":"product","link":"https:\/\/bunzyland.com\/de\/produkt\/kaninchenstall-aus-stroh-2\/","title":{"rendered":"Kaninchenstall aus Stroh"},"content":{"rendered":"<h2><b>Kaninchenstall aus Stroh: ein nat\u00fcrliches Haus<\/b><\/h2>\n<p>Der <strong>Kaninchenstall aus Stroh<\/strong> ist ein kleiner Tunnel aus 100% nat\u00fcrlichen und nachhaltigen Materialien. Es ist ein richtig gem\u00fctliches kleines Nest, das Ihr Kaninchen gl\u00fccklich machen wird. Dieses<strong> Kaninchenversteck<\/strong> ist in der Tat perfekt, um das geistige Wohlbefinden Ihres Zwergkaninchens zu optimieren. Es wird ihn instinktiv an ein echtes Kaninchennest erinnern. Auf diese Weise kann sich Ihr Hase darin verstecken und sich sicher f\u00fchlen, so dass er sich ausruhen und stundenlang in aller Ruhe schlafen kann.<\/p>\n<p><img fetchpriority=\"high\" decoding=\"async\" class=\"alignnone wp-image-16504\" src=\"https:\/\/mon-lapinnain.com\/wp-content\/uploads\/2022\/10\/cabane-en-paille-lapin.png\" alt=\"Kaninchenstall aus Stroh\" width=\"600\" height=\"600\"><\/p>\n<p>Au\u00dferdem lieben Kaninchen diese Art von Versteck, denn es inspiriert sie mit der Form einer H\u00f6hle, die gleichbedeutend mit Sicherheit und Gelassenheit ist. Dank seiner Tunnelform bietet dieses <strong>Kaninchennest<\/strong> auch Unterhaltung f\u00fcr Ihr Haustier, das auf beiden Seiten hinein- und herausspielen kann.<\/p>\n<p><img decoding=\"async\" class=\"alignnone wp-image-9077\" src=\"https:\/\/mon-lapinnain.com\/wp-content\/uploads\/2022\/09\/maison-en-paille-pour-lapin.jpg\" alt=\"Kaninchenstall aus Stroh\" width=\"600\" height=\"600\"><\/p>\n<h3>Ein echtes Kaninchennest<\/h3>\n<p>Der <strong>Kaninchenstall aus Stroh<\/strong> ist mit nat\u00fcrlichem Leinen bezogen. Die Kombination aus Stroh und Leinen ergibt eine Mischung, die resistent gegen m\u00f6gliche Bisse und Kratzer ist. Vielleicht haben Sie ja schon bemerkt, dass Ihr Kaninchen gerne auf allem herumkaut, was ihm unter die Pfote kommt. \ud83d\ude0a Da dieses <strong>Kaninchenheim<\/strong> aus nat\u00fcrlichen und langlebigen Materialien hergestellt ist, stellt es kein Gesundheitsrisiko f\u00fcr Ihr Zwergkaninchen dar.<\/p>\n<p><img decoding=\"async\" class=\"alignnone wp-image-9079 size-full\" src=\"https:\/\/mon-lapinnain.com\/wp-content\/uploads\/2022\/09\/nid-pour-lapin-nain.gif\" alt=\"Kaninchenstall aus Stroh\" width=\"350\" height=\"421\"><\/p>\n<p>Und keine Sorge, Knabbern ist ein v\u00f6llig normales Verhalten f\u00fcr Br\u00f6tchen. Es ist sogar eine ihrer Lieblingsbesch\u00e4ftigungen \u263a.<\/p>\n<p>Sein rohes und nat\u00fcrliches Aussehen ist ideal f\u00fcr das Gehege Ihres Haustieres.<\/p>\n<p><b>Mehr Details:<\/b><\/p>\n<ul>\n<li style=\"font-weight: 400;\" aria-level=\"1\">Materialien : Stroh + Leinen<\/li>\n<li style=\"font-weight: 400;\" aria-level=\"1\">Gr\u00f6\u00dfe: 38 x 19 x 16 CM<\/li>\n<\/ul>\n<p>Geben Sie Ihrem Kaninchen ein gem\u00fctliches Zuhause mit unserer gro\u00dfen Auswahl an komfortablen, sicheren <a href=\"https:\/\/bunzyland.com\/de\/kaninchenstall\/\">Kaninchenh\u00e4usern<\/a>, die alle Bed\u00fcrfnisse Ihres kleinen Begleiters erf\u00fcllen.<\/p>\n","protected":false},"excerpt":{"rendered":"<ul>\n<li>Kaninchennest<\/li>\n<li>Versteck<\/li>\n<\/ul>\n","protected":false},"featured_media":11657,"comment_status":"closed","ping_status":"closed","template":"","meta":{"_seopress_robots_primary_cat":"none","_seopress_titles_title":"","_seopress_titles_desc":"Der Kaninchenstall aus Stroh ist perfekt geeignet, um Ihrem Kaninchen einen Ort zu bieten, an dem es sich verstecken und sicher f\u00fchlen kann. Dieses Kaninchenhaus ist das ideale Nest f\u00fcr Zwergkaninchen","_seopress_robots_index":""},"product_brand":[],"product_cat":[173,169,175,183],"product_tag":[],"class_list":{"0":"post-12480","1":"product","2":"type-product","3":"status-publish","4":"has-post-thumbnail","6":"product_cat-angebote","7":"product_cat-hasenladen","8":"product_cat-kaninchenstall","9":"product_cat-kaninchentunnel","10":"product_shipping_class-ok-mondial-relais-de","12":"first","13":"outofstock","14":"sale","15":"taxable","16":"shipping-taxable","17":"purchasable","18":"product-type-simple"},"_links":{"self":[{"href":"https:\/\/bunzyland.com\/de\/wp-json\/wp\/v2\/product\/12480","targetHints":{"allow":["GET"]}}],"collection":[{"href":"https:\/\/bunzyland.com\/de\/wp-json\/wp\/v2\/product"}],"about":[{"href":"https:\/\/bunzyland.com\/de\/wp-json\/wp\/v2\/types\/product"}],"replies":[{"embeddable":true,"href":"https:\/\/bunzyland.com\/de\/wp-json\/wp\/v2\/comments?post=12480"}],"wp:featuredmedia":[{"embeddable":true,"href":"https:\/\/bunzyland.com\/de\/wp-json\/wp\/v2\/media\/11657"}],"wp:attachment":[{"href":"https:\/\/bunzyland.com\/de\/wp-json\/wp\/v2\/media?parent=12480"}],"wp:term":[{"taxonomy":"product_brand","embeddable":true,"href":"https:\/\/bunzyland.com\/de\/wp-json\/wp\/v2\/product_brand?post=12480"},{"taxonomy":"product_cat","embeddable":true,"href":"https:\/\/bunzyland.com\/de\/wp-json\/wp\/v2\/product_cat?post=12480"},{"taxonomy":"product_tag","embeddable":true,"href":"https:\/\/bunzyland.com\/de\/wp-json\/wp\/v2\/product_tag?post=12480"}],"curies":[{"name":"wp","href":"https:\/\/api.w.org\/{rel}","templated":true}]}}