{"id":12494,"date":"2024-02-19T15:56:23","date_gmt":"2024-02-19T14:56:23","guid":{"rendered":"https:\/\/bunzyland.com\/product\/interaktives-kaninchenspielzeug\/"},"modified":"2025-09-12T17:22:53","modified_gmt":"2025-09-12T15:22:53","slug":"interaktives-kaninchenspielzeug","status":"publish","type":"product","link":"https:\/\/bunzyland.com\/de\/produkt\/interaktives-kaninchenspielzeug\/","title":{"rendered":"Interaktives Kaninchenspielzeug"},"content":{"rendered":"<h2><b>Interaktives Kaninchenspielzeug aus Naturholz<\/b><\/h2>\n<p>Dieses <strong>interaktive Kaninchenspielzeug<\/strong> hilft Ihrem Haustier, seine geistigen F\u00e4higkeiten zu entwickeln und seine Sinne zu sch\u00e4rfen. Dieses <strong>Spielzeug f\u00fcr Kaninchen<\/strong> hilft, die Intelligenz Ihres Kaninchens zu f\u00f6rdern. Mit diesem <strong>Holzspielzeug f\u00fcr Kaninchen<\/strong> wird Ihr kleines Kaninchen viel Spa\u00df haben und gleichzeitig seine Sinne und geistigen F\u00e4higkeiten entwickeln.<br \/>\nDieses lustige und spielerische <strong>Spielzeug f\u00fcr Kaninchen<\/strong> hilft auch, die k\u00f6rperliche Gesundheit Ihres kleinen pelzigen Freundes zu erhalten. Das <strong>Kaninchen-Grabspielzeug<\/strong> erfordert auch k\u00f6rperliche Anstrengung, was Ihr Kaninchen stundenlang bei Laune halten wird. Diese Aktivit\u00e4t tr\u00e4gt dazu bei, das Unbehagen des Tieres zu lindern.<\/p>\n<p><img fetchpriority=\"high\" decoding=\"async\" class=\"alignnone wp-image-8442\" src=\"https:\/\/mon-lapinnain.com\/wp-content\/uploads\/2022\/04\/Jouet-pour-lapin.jpg\" alt=\"nat\u00fcrliches Kaninchenspiel\" width=\"600\" height=\"655\"><\/p>\n<p>Dieses <strong>Kaninchenspielzeug<\/strong> aus 100% nat\u00fcrlichem Holz ist besonders attraktiv und Ihr Kaninchen wird es mit Sicherheit lieben!<\/p>\n<h3>Mehr als ein Hasenartikel!<\/h3>\n<p>Dieses <strong>interaktive Kaninchenspielzeug<\/strong> ist einfach zu benutzen. Ihr Spielkamerad muss seine Lieblingsleckereien finden, die Sie zuvor in den 3 Holzmulden versteckt haben. Alles, was er tun muss, ist, die kleinen Holzst\u00e4mme anzuheben, um die Leckereien zu holen.<\/p>\n<p>Mit diesem <strong>Kaninchenspielzeug<\/strong> kann er stundenlang auf der Suche nach seinen kleinen Geschmacksknospen spielen. Sobald er seine Leckereien gefunden hat, k\u00f6nnen Sie das Spielzeug von vorne beginnen, er wird es lieben! Die Holzscheiben sind leicht zu entfernen, heben Sie einfach die kleine Schnur an der Oberseite an.<\/p>\n<p><b>Mehr Details:<\/b><\/p>\n<ul>\n<li style=\"font-weight: 400;\" aria-level=\"1\">Materialien: 100% Naturholz<\/li>\n<li style=\"font-weight: 400;\" aria-level=\"1\">Ungiftig<\/li>\n<\/ul>\n<p>F\u00fcr noch mehr Spa\u00df f\u00fcr Ihren pelzigen Freund entdecken Sie unsere Auswahl an <a href=\"https:\/\/bunzyland.com\/de\/spielzeug-fur-kaninchen\/\">Kaninchenspielzeug<\/a>, das speziell f\u00fcr sein Wohlbefinden und seine Freude entwickelt wurde.<\/p>\n","protected":false},"excerpt":{"rendered":"<ul>\n<li>&gt;W\u00fchlspielzeug f\u00fcr Kaninchen<\/li>\n<li>100% nat\u00fcrlich und ungiftig<\/li>\n<\/ul>\n","protected":false},"featured_media":11437,"comment_status":"closed","ping_status":"closed","template":"","meta":{"_seopress_robots_primary_cat":"none","_seopress_titles_title":"","_seopress_titles_desc":"Dieses interaktive Kaninchenspielzeug ist ein Grabungsspielzeug, das Ihr Kaninchen stimuliert. Das beste Spielzeug f\u00fcr Kaninchen und f\u00fcr Zwergkaninchen.","_seopress_robots_index":""},"product_brand":[],"product_cat":[169,172],"product_tag":[],"class_list":{"0":"post-12494","1":"product","2":"type-product","3":"status-publish","4":"has-post-thumbnail","6":"product_cat-hasenladen","7":"product_cat-spielzeug-fur-kaninchen","8":"product_shipping_class-ok-mondial-relais-de","10":"first","11":"outofstock","12":"taxable","13":"shipping-taxable","14":"purchasable","15":"product-type-simple"},"_links":{"self":[{"href":"https:\/\/bunzyland.com\/de\/wp-json\/wp\/v2\/product\/12494","targetHints":{"allow":["GET"]}}],"collection":[{"href":"https:\/\/bunzyland.com\/de\/wp-json\/wp\/v2\/product"}],"about":[{"href":"https:\/\/bunzyland.com\/de\/wp-json\/wp\/v2\/types\/product"}],"replies":[{"embeddable":true,"href":"https:\/\/bunzyland.com\/de\/wp-json\/wp\/v2\/comments?post=12494"}],"wp:featuredmedia":[{"embeddable":true,"href":"https:\/\/bunzyland.com\/de\/wp-json\/wp\/v2\/media\/11437"}],"wp:attachment":[{"href":"https:\/\/bunzyland.com\/de\/wp-json\/wp\/v2\/media?parent=12494"}],"wp:term":[{"taxonomy":"product_brand","embeddable":true,"href":"https:\/\/bunzyland.com\/de\/wp-json\/wp\/v2\/product_brand?post=12494"},{"taxonomy":"product_cat","embeddable":true,"href":"https:\/\/bunzyland.com\/de\/wp-json\/wp\/v2\/product_cat?post=12494"},{"taxonomy":"product_tag","embeddable":true,"href":"https:\/\/bunzyland.com\/de\/wp-json\/wp\/v2\/product_tag?post=12494"}],"curies":[{"name":"wp","href":"https:\/\/api.w.org\/{rel}","templated":true}]}}