{"id":12514,"date":"2024-02-19T15:56:17","date_gmt":"2024-02-19T14:56:17","guid":{"rendered":"https:\/\/bunzyland.com\/product\/spielzeug-fuer-kaninchen-karottentunnel\/"},"modified":"2025-09-12T17:21:59","modified_gmt":"2025-09-12T15:21:59","slug":"spielzeug-fuer-kaninchen-karottentunnel","status":"publish","type":"product","link":"https:\/\/bunzyland.com\/de\/produkt\/spielzeug-fuer-kaninchen-karottentunnel\/","title":{"rendered":"Spielzeug f\u00fcr Kaninchen Karottentunnel"},"content":{"rendered":"<h2><b>Spielzeug f\u00fcr Kaninchen: ein lustiger Karottentunnel<\/b><\/h2>\n<p>Dieses <strong>Spielzeug f\u00fcr Kaninchen Karottentunnel<\/strong> ist ein Favorit unter den Kaninchen. Mit seinem schlichten Aussehen k\u00f6nnen Sie sicher sein, dass Ihr Haustier stundenlang Spa\u00df daran haben wird.<\/p>\n<p>Zun\u00e4chst einmal sollten Sie wissen, dass die Form dieses <strong>Kaninchenspielzeugs<\/strong> Ihren treuen Freund nicht gleichg\u00fcltig lassen wird&#8230; In der Tat wird es ihn instinktiv an den Eingang zu einer H\u00f6hle erinnern, und er wird gerne eintauchen.<\/p>\n<p><img fetchpriority=\"high\" decoding=\"async\" class=\"alignnone wp-image-8904 size-full\" src=\"https:\/\/mon-lapinnain.com\/wp-content\/uploads\/2022\/07\/Tunnel-carotte-pour-lapin.gif\" alt=\"Karottentunnel f\u00fcr Kaninchen\" width=\"400\" height=\"400\"><\/p>\n<p>Sie werden sehen, wie Ihr Kaninchen in das Spielzeug hinein- und hinausl\u00e4uft. Dieser lustige <strong>Kaninchentunnel<\/strong> kann auch als Versteck verwendet werden, ideal zum Ausruhen. Wenn Sie Ihr Kaninchen also stundenlang nicht sehen, werden Sie es wahrscheinlich in diesem <strong>Kaninchentunnel<\/strong> finden <strong>\ud83d\ude0a<\/strong>.<\/p>\n<p><img decoding=\"async\" class=\"alignnone wp-image-8903\" src=\"https:\/\/mon-lapinnain.com\/wp-content\/uploads\/2022\/07\/Jouet-pour-lapin-tunnel.jpg\" alt=\"Tunnel f\u00fcr Kaninchen\" width=\"600\" height=\"600\"><\/p>\n<h3>Ein ideales <span data-sheets-value=\"{\"1\":2,\"2\":\"rabbit tunnel system\"}\" data-sheets-userformat=\"{\"2\":8897,\"3\":{\"1\":0},\"9\":1,\"10\":1,\"12\":0,\"16\":11}\">Kaninchentunnelsystem<\/span><\/h3>\n<p>Dieses <strong>Spielzeug f\u00fcr Kaninchen<\/strong> ist aus hochwertigem Canvas-Stoff gefertigt. Au\u00dferdem ist er faltbar, so dass Sie ihn leicht transportieren k\u00f6nnen, wenn Sie mit Ihrem Kaninchen unterwegs sind.<\/p>\n<p>Es hat au\u00dferdem zwei kleine Laschen, mit denen Sie es nach dem Falten befestigen k\u00f6nnen, damit es sich nicht wieder \u00f6ffnet.<\/p>\n<p><img decoding=\"async\" class=\"alignnone wp-image-16467\" src=\"https:\/\/mon-lapinnain.com\/wp-content\/uploads\/2022\/07\/tunnel-lapin-jouet.png\" alt=\"Kaninchentunnel Spielzeug\" width=\"600\" height=\"600\"><\/p>\n<p>Au\u00dferdem kann dieses <strong>Kaninchentunnelsystem <\/strong>aufgrund seiner Gr\u00f6\u00dfe perfekt im Gehege Ihres Haustieres oder sogar im Haus platziert werden, ohne Ihre Inneneinrichtung zu ver\u00e4ndern \u263a Au\u00dferdem wurden diese Farben speziell ausgew\u00e4hlt, um f\u00fcr Kaninchen attraktiv zu sein.<\/p>\n<p><img loading=\"lazy\" decoding=\"async\" class=\"alignnone wp-image-8901\" src=\"https:\/\/mon-lapinnain.com\/wp-content\/uploads\/2022\/07\/jeu-pour-lapin.jpg\" alt=\"Kaninchen Spielzeugtunnel\" width=\"604\" height=\"478\"><\/p>\n<p>Dieses <strong>Spielzeug f\u00fcr Kaninchen<\/strong> hilft Ihrem kleinen Fellkn\u00e4uel also, sich zu unterhalten und k\u00f6rperlich aktiv zu sein, was sehr zu empfehlen ist. Au\u00dferdem wird er dadurch besch\u00e4ftigt und langweilt sich nicht. Perfekt, um sein geistiges Wohlbefinden t\u00e4glich aufrechtzuerhalten.<\/p>\n<p><b><br \/>\nMehr Details:<\/b><\/p>\n<ul>\n<li style=\"font-weight: 400;\" aria-level=\"1\">Farbe: Karotte Druck<\/li>\n<li style=\"font-weight: 400;\" aria-level=\"1\">Gr\u00f6\u00dfe: 22cm x 50cm ( 8.66 in x 19.69 in)<\/li>\n<\/ul>\n","protected":false},"excerpt":{"rendered":"<ul>\n<li>Kaninchentunnel<\/li>\n<li>Spielerisch und lustig<\/li>\n<\/ul>\n","protected":false},"featured_media":11607,"comment_status":"closed","ping_status":"closed","template":"","meta":{"_seopress_robots_primary_cat":"none","_seopress_titles_title":"","_seopress_titles_desc":"Das Spielzeug f\u00fcr Kaninchen Karottentunnel ist das ideale Geschenk f\u00fcr Ihr Haustier. Es tr\u00e4gt zu seinem k\u00f6rperlichen und geistigen Wohlbefinden bei.","_seopress_robots_index":""},"product_brand":[],"product_cat":[169,183,172],"product_tag":[],"class_list":{"0":"post-12514","1":"product","2":"type-product","3":"status-publish","4":"has-post-thumbnail","6":"product_cat-hasenladen","7":"product_cat-kaninchentunnel","8":"product_cat-spielzeug-fur-kaninchen","9":"product_shipping_class-ok-mondial-relais-de","11":"first","12":"outofstock","13":"taxable","14":"shipping-taxable","15":"purchasable","16":"product-type-simple"},"_links":{"self":[{"href":"https:\/\/bunzyland.com\/de\/wp-json\/wp\/v2\/product\/12514","targetHints":{"allow":["GET"]}}],"collection":[{"href":"https:\/\/bunzyland.com\/de\/wp-json\/wp\/v2\/product"}],"about":[{"href":"https:\/\/bunzyland.com\/de\/wp-json\/wp\/v2\/types\/product"}],"replies":[{"embeddable":true,"href":"https:\/\/bunzyland.com\/de\/wp-json\/wp\/v2\/comments?post=12514"}],"wp:featuredmedia":[{"embeddable":true,"href":"https:\/\/bunzyland.com\/de\/wp-json\/wp\/v2\/media\/11607"}],"wp:attachment":[{"href":"https:\/\/bunzyland.com\/de\/wp-json\/wp\/v2\/media?parent=12514"}],"wp:term":[{"taxonomy":"product_brand","embeddable":true,"href":"https:\/\/bunzyland.com\/de\/wp-json\/wp\/v2\/product_brand?post=12514"},{"taxonomy":"product_cat","embeddable":true,"href":"https:\/\/bunzyland.com\/de\/wp-json\/wp\/v2\/product_cat?post=12514"},{"taxonomy":"product_tag","embeddable":true,"href":"https:\/\/bunzyland.com\/de\/wp-json\/wp\/v2\/product_tag?post=12514"}],"curies":[{"name":"wp","href":"https:\/\/api.w.org\/{rel}","templated":true}]}}