{"id":12515,"date":"2024-02-19T15:56:15","date_gmt":"2024-02-19T14:56:15","guid":{"rendered":"https:\/\/bunzyland.com\/product\/kaninchen-kratzbaum-karotte\/"},"modified":"2025-09-12T17:22:37","modified_gmt":"2025-09-12T15:22:37","slug":"kaninchen-kratzbaum-karotte","status":"publish","type":"product","link":"https:\/\/bunzyland.com\/de\/produkt\/kaninchen-kratzbaum-karotte\/","title":{"rendered":"Kaninchen Kratzbaum Karotte"},"content":{"rendered":"<h2><b>Ein Kaninchen-Kratzbaum in Form einer Karotte<\/b><\/h2>\n<p>Der <strong>Kaninchen-Kratzbaum Karotte<\/strong> ist ein Accessoire, das das Leben Ihres kleinen Haustiers buchst\u00e4blich ver\u00e4ndern wird. Zun\u00e4chst einmal, weil Kaninchen instinktiv gerne kratzen. Mit diesem <strong>Kaninchenzubeh\u00f6r<\/strong> kann sich Ihr Kaninchen also austoben und seine Lust am Kratzen befriedigen.<\/p>\n<p><img fetchpriority=\"high\" decoding=\"async\" class=\"alignnone wp-image-9045\" src=\"https:\/\/mon-lapinnain.com\/wp-content\/uploads\/2022\/09\/grattoir-lapin-nain.jpg\" alt=\"Kratzbaum f\u00fcr Kaninchen  \" width=\"600\" height=\"600\"><\/p>\n<p>Anstatt am Boden zu kratzen oder einen Platz oder ein M\u00f6belst\u00fcck daf\u00fcr zu suchen, kann Ihr geliebtes Kaninchen an diesem <strong>Kaninchenbaum<\/strong> kratzen und seine Krallen abnutzen. Au\u00dferdem ist dieses <strong>Kaninchenzubeh\u00f6r<\/strong> haltbarer als herk\u00f6mmliche Kratzb\u00e4ume aus Pappe.<\/p>\n<p>NB: Wir m\u00f6chten Sie jedoch daran erinnern, dass Sie die kleinen Krallen Ihres Kaninchens regelm\u00e4\u00dfig schneiden sollten, bevor sie zu lang werden und ihm Probleme im t\u00e4glichen Leben bereiten.<\/p>\n<p><span style=\"font-weight: 400;\"><img decoding=\"async\" class=\"alignnone wp-image-9042\" src=\"https:\/\/mon-lapinnain.com\/wp-content\/uploads\/2022\/09\/arbre-a-lapin-nain.jpg\" alt=\"Kratzbaum f\u00fcr Kaninchen  \" width=\"600\" height=\"600\"><\/span><\/p>\n<h3>Ein 2in1 Kaninchenbaum<\/h3>\n<p>Dieser<strong> Karotten-Kratzbaum f\u00fcr Kaninchen<\/strong> ist ein <strong>Kaninchenzubeh\u00f6r<\/strong>, das aus Hanfseil entworfen und hergestellt wurde. Dank dieses nat\u00fcrlichen und ungiftigen Materials kann dieses Kaninchenzubeh\u00f6r sowohl als Kratzbaum als auch als Kauobjekt dienen.<\/p>\n<p>Ihr Zwergkaninchen wird sicher versuchen, an diesem <strong>Kaninchen-M\u00f6hrenbaum<\/strong> zu knabbern. Au\u00dferdem ist das Kauen auf verschiedenen Gegenst\u00e4nden eine der Lieblingsbesch\u00e4ftigungen von Kaninchen. \ud83d\ude0a Aber keine Sorge, es ist nicht gef\u00e4hrlich f\u00fcr ihn, ganz im Gegenteil. Es kann auch helfen, seine Z\u00e4hne zu erhalten.<\/p>\n<p><img decoding=\"async\" class=\"alignnone wp-image-9043\" src=\"https:\/\/mon-lapinnain.com\/wp-content\/uploads\/2022\/09\/arbre-a-lapin.jpg\" alt=\"Kratzbaum f\u00fcr Kaninchen  \" width=\"600\" height=\"600\"><\/p>\n<p>Au\u00dferdem ist das Design dieses <strong>Zubeh\u00f6rs f\u00fcr Kaninchen<\/strong> in Form einer riesigen Karotte ein echtes Deko-Objekt, das im Gehege Ihres Haustiers oder in jedem Raum Ihres Hauses gut aussieht.<\/p>\n<p><b>Mehr Details:<\/b><\/p>\n<ul>\n<li style=\"font-weight: 400;\" aria-level=\"1\">Modell: Karotte<\/li>\n<li style=\"font-weight: 400;\" aria-level=\"1\">Gr\u00f6\u00dfe: 26 x 29 cm (10.24 x 11.42 in)<\/li>\n<li style=\"font-weight: 400;\" aria-level=\"1\">Materialien: Hanf<\/li>\n<\/ul>\n<p><img loading=\"lazy\" decoding=\"async\" class=\"alignnone wp-image-9048\" src=\"https:\/\/mon-lapinnain.com\/wp-content\/uploads\/2022\/09\/grattoir-pour-lapin-taille.jpg\" alt=\"Kratzbaum f\u00fcr Kaninchen  \" width=\"600\" height=\"600\"><\/p>\n<p>Wenn Sie auf der Suche nach einem vertikalen Raum sind, in dem Ihr Kaninchen klettern und auf Entdeckungsreise gehen kann, dann werfen Sie einen Blick auf unsere <a href=\"https:\/\/bunzyland.com\/de\/kaninchen-zubehoer\/\">Kaninchenbaum-Kollektion<\/a>, die speziell entwickelt wurde, um seine nat\u00fcrlichen Instinkte zu stimulieren.<\/p>\n","protected":false},"excerpt":{"rendered":"<ul>\n<li>Kaninchen M\u00f6hrenbaum<\/li>\n<li>Kaninchen-Accessoire<\/li>\n<\/ul>\n","protected":false},"featured_media":11635,"comment_status":"closed","ping_status":"closed","template":"","meta":{"_seopress_robots_primary_cat":"none","_seopress_titles_title":"","_seopress_titles_desc":"Dieser Kaninchen-Kratzbaum in Form einer riesigen Karotte ist ideal, um das Kratzbed\u00fcrfnis Ihres Haustieres zu befriedigen. Das beste Accessoire!","_seopress_robots_index":""},"product_brand":[],"product_cat":[169,189],"product_tag":[],"class_list":{"0":"post-12515","1":"product","2":"type-product","3":"status-publish","4":"has-post-thumbnail","6":"product_cat-hasenladen","7":"product_cat-kaninchen-zubehoer","8":"product_shipping_class-ok-mondial-relais-de","10":"first","11":"outofstock","12":"taxable","13":"shipping-taxable","14":"purchasable","15":"product-type-simple"},"_links":{"self":[{"href":"https:\/\/bunzyland.com\/de\/wp-json\/wp\/v2\/product\/12515","targetHints":{"allow":["GET"]}}],"collection":[{"href":"https:\/\/bunzyland.com\/de\/wp-json\/wp\/v2\/product"}],"about":[{"href":"https:\/\/bunzyland.com\/de\/wp-json\/wp\/v2\/types\/product"}],"replies":[{"embeddable":true,"href":"https:\/\/bunzyland.com\/de\/wp-json\/wp\/v2\/comments?post=12515"}],"wp:featuredmedia":[{"embeddable":true,"href":"https:\/\/bunzyland.com\/de\/wp-json\/wp\/v2\/media\/11635"}],"wp:attachment":[{"href":"https:\/\/bunzyland.com\/de\/wp-json\/wp\/v2\/media?parent=12515"}],"wp:term":[{"taxonomy":"product_brand","embeddable":true,"href":"https:\/\/bunzyland.com\/de\/wp-json\/wp\/v2\/product_brand?post=12515"},{"taxonomy":"product_cat","embeddable":true,"href":"https:\/\/bunzyland.com\/de\/wp-json\/wp\/v2\/product_cat?post=12515"},{"taxonomy":"product_tag","embeddable":true,"href":"https:\/\/bunzyland.com\/de\/wp-json\/wp\/v2\/product_tag?post=12515"}],"curies":[{"name":"wp","href":"https:\/\/api.w.org\/{rel}","templated":true}]}}