{"id":12575,"date":"2024-02-19T15:56:03","date_gmt":"2024-02-19T15:56:03","guid":{"rendered":"https:\/\/bunzyland.com\/product\/kaninchen-heufutterautomat-aus-holz\/"},"modified":"2025-09-12T15:20:46","modified_gmt":"2025-09-12T13:20:46","slug":"kaninchen-heufutterautomat-aus-holz","status":"publish","type":"product","link":"https:\/\/bunzyland.com\/de\/produkt\/kaninchen-heufutterautomat-aus-holz\/","title":{"rendered":"Kaninchen Heufutterautomat aus Holz"},"content":{"rendered":"<h2>Ein praktischer Kaninchenheufutterautomat aus Holz<\/h2>\n<p>Der <strong>Kaninchenheufutterautomat aus Holz<\/strong> ist ein unverzichtbares <strong>Zubeh\u00f6r<\/strong>, wenn Sie ein Kaninchen als Haustier adoptieren.<\/p>\n<p>Diese<strong> Kaninchentr\u00e4nke<\/strong> ist so konzipiert, dass sie eine ausreichende Menge Heu enth\u00e4lt, mit der Sie Ihr geliebtes Kaninchen mehrere Stunden oder sogar einen ganzen Tag lang f\u00fcttern k\u00f6nnen. Dies ist besonders n\u00fctzlich, wenn Sie Ihr Haustier allein lassen m\u00fcssen, w\u00e4hrend Sie zur Arbeit gehen.<\/p>\n<p><img fetchpriority=\"high\" decoding=\"async\" class=\"alignnone wp-image-11643\" src=\"https:\/\/mon-lapinnain.com\/wp-content\/uploads\/2023\/04\/ratelier-lapin.jpg\" alt=\"Kaninchenheuraufe aus Holz\" width=\"600\" height=\"600\"><\/p>\n<p>Heu ist ein wichtiger Bestandteil der Kaninchennahrung, da es einen gro\u00dfen Teil der Ballaststoffe liefert, die f\u00fcr eine gesunde und regelm\u00e4\u00dfige Verdauung notwendig sind. Mit dieser <strong>Kaninchenheuraufe<\/strong> k\u00f6nnen Sie das Heu sauber und trocken halten und verhindern, dass es schmutzig oder nass wird.<\/p>\n<p>Dar\u00fcber hinaus erm\u00f6glicht dieses <strong>Futter f\u00fcr Kaninchen<\/strong> Ihrem pelzigen kleinen Freund, in seinem eigenen Tempo zu fressen und vermeidet so m\u00f6gliche Probleme durch \u00dcberfressen.<\/p>\n<h3>Leicht zu installierende Heuraufe<\/h3>\n<p>Dieser <strong>Kaninchenheufutterautomat aus Holz<\/strong> ist das perfekte Zubeh\u00f6r f\u00fcr Kaninchen im Haus. Dieses <strong>Kaninchenzubeh\u00f6r<\/strong> ist aus massivem, haltbarem und ungiftigem Holz gefertigt und kann direkt auf dem Boden des Kaninchengeheges oder im Freien aufgestellt werden.<\/p>\n<p>Die schmalen \u00d6ffnungen des Tr\u00e4nkeautomaten verhindern, dass eine gro\u00dfe Menge Heu ausl\u00e4uft oder auf den Boden f\u00e4llt. Zusammenfassend l\u00e4sst sich sagen, dass dieser <strong>Heufutterautomat f\u00fcr Kaninchen<\/strong> ein praktisches Zubeh\u00f6r ist, um sicherzustellen, dass Ihr Kaninchen eine angemessene und gesunde Ern\u00e4hrung erh\u00e4lt.<\/p>\n<p><b>Merkmale:<\/b><\/p>\n<ul>\n<li>Gr\u00f6\u00dfe: 17 cm in der H\u00f6he x 15,5 cm in der L\u00e4nge (6,7 in x 6,1 in). Das Futter hat eine Breite von 5 cm (2in) unten und 10 cm (4in) oben.<\/li>\n<\/ul>\n<p>Um das Wohlbefinden und den Komfort Ihres Kaninchens zu gew\u00e4hrleisten, entdecken Sie unser umfangreiches Angebot an <a href=\"https:\/\/bunzyland.com\/de\/kaninchen-zubehoer\/\">Kaninchenzubeh\u00f6r<\/a>, das auf alle seine Bed\u00fcrfnisse abgestimmt ist.<\/p>\n","protected":false},"excerpt":{"rendered":"<ul>\n<li>Kaninchen-Accessoire<\/li>\n<li>Einfach zu installieren<\/li>\n<\/ul>\n","protected":false},"featured_media":12035,"comment_status":"closed","ping_status":"closed","template":"","meta":{"_seopress_robots_primary_cat":"none","_seopress_titles_title":"","_seopress_titles_desc":"Der Kaninchenheufutterautomat aus Holz ist ideal, um Ihrem Tier eine gesunde und saubere Ern\u00e4hrung beizubringen. Das perfekte Kaninchen-Accessoire f\u00fcr Ihr kleines Haustier!","_seopress_robots_index":""},"product_brand":[],"product_cat":[169,199,189],"product_tag":[],"class_list":{"0":"post-12575","1":"product","2":"type-product","3":"status-publish","4":"has-post-thumbnail","6":"product_cat-hasenladen","7":"product_cat-heuspender-kaninchen","8":"product_cat-kaninchen-zubehoer","9":"product_shipping_class-ok-mondial-relais-de","11":"first","12":"outofstock","13":"taxable","14":"shipping-taxable","15":"purchasable","16":"product-type-simple"},"_links":{"self":[{"href":"https:\/\/bunzyland.com\/de\/wp-json\/wp\/v2\/product\/12575","targetHints":{"allow":["GET"]}}],"collection":[{"href":"https:\/\/bunzyland.com\/de\/wp-json\/wp\/v2\/product"}],"about":[{"href":"https:\/\/bunzyland.com\/de\/wp-json\/wp\/v2\/types\/product"}],"replies":[{"embeddable":true,"href":"https:\/\/bunzyland.com\/de\/wp-json\/wp\/v2\/comments?post=12575"}],"wp:featuredmedia":[{"embeddable":true,"href":"https:\/\/bunzyland.com\/de\/wp-json\/wp\/v2\/media\/12035"}],"wp:attachment":[{"href":"https:\/\/bunzyland.com\/de\/wp-json\/wp\/v2\/media?parent=12575"}],"wp:term":[{"taxonomy":"product_brand","embeddable":true,"href":"https:\/\/bunzyland.com\/de\/wp-json\/wp\/v2\/product_brand?post=12575"},{"taxonomy":"product_cat","embeddable":true,"href":"https:\/\/bunzyland.com\/de\/wp-json\/wp\/v2\/product_cat?post=12575"},{"taxonomy":"product_tag","embeddable":true,"href":"https:\/\/bunzyland.com\/de\/wp-json\/wp\/v2\/product_tag?post=12575"}],"curies":[{"name":"wp","href":"https:\/\/api.w.org\/{rel}","templated":true}]}}