{"id":12607,"date":"2024-02-19T15:55:54","date_gmt":"2024-02-19T14:55:54","guid":{"rendered":"https:\/\/bunzyland.com\/product\/moderner-kaninchenstall\/"},"modified":"2025-09-12T17:22:13","modified_gmt":"2025-09-12T15:22:13","slug":"moderner-kaninchenstall","status":"publish","type":"product","link":"https:\/\/bunzyland.com\/de\/produkt\/moderner-kaninchenstall\/","title":{"rendered":"Moderner Kaninchenstall"},"content":{"rendered":"<h2>Ein moderner Kaninchenstall voller Charme<\/h2>\n<p>Bringen Sie einen Hauch von Modernit\u00e4t in das <strong>Gehege<\/strong> Ihres <strong>Kaninchens<\/strong> mit dem <strong>Modern Rabbit House<\/strong>. Dieses <a href=\"https:\/\/bunzyland.com\/de\/kaninchenstall\/\"><br \/>\n  <strong>Kaninchenstall<\/strong><br \/>\n<\/a> definiert die Standards der <strong>Kaninchenhaltung<\/strong> neu &#8211; vergessen Sie die traditionellen Kaninchenst\u00e4lle.<br \/>\nMit seinem skandinavischen Look, der an ein <strong>Tipi<\/strong> erinnert, bringt es einen neuen Touch in Ihr Zuhause und bietet Ihrem Kaninchen einen Raum, der ganz ihm gewidmet ist.<\/p>\n<p>Mit seinen 2 Eing\u00e4ngen bietet dieser <strong>Kaninchenstall<\/strong> nicht nur einen sicheren Unterschlupf, sondern auch einen Platz zum Spielen und Erkunden f\u00fcr Ihren Pinou. Stellen Sie sich vor, wie er fr\u00f6hlich in seinem neuen <strong>Hasenversteck<\/strong> herumhoppelt oder sich an ihn kuschelt. Es ist eine Investition in sein Gl\u00fcck und seine Gesundheit, die ihm eine anregende und beruhigende Umgebung bietet.<\/p>\n<h3>Das Kaninchenhaus, das Komfort und Gelassenheit vereint<\/h3>\n<p>Das <strong>moderne Kaninchenhaus<\/strong> ist aus robusten, weichen Materialien gefertigt und bietet Ihrem Kaninchen optimalen Komfort. Die solide Struktur dieses <strong>Kaninchenhauses<\/strong> sch\u00fctzt Ihr Tier vor Zugluft und L\u00e4rm und bietet einen sicheren, ruhigen Ruheplatz.<\/p>\n<p>Kaninchen m\u00f6gen es, ruhig zu sein und sich sicher zu f\u00fchlen, weshalb sie sich die meiste Zeit verstecken. Diese Art von Versteck ist die ideale Wahl f\u00fcr Ihr Kaninchen, da es sich so vor neugierigen Blicken <strong>sicher<\/strong> f\u00fchlt.<\/p>\n<p>Die einfache Pflege dieses Kaninchenstalls ist ebenfalls ein gro\u00dfer Vorteil. Ein sauberer Lebensraum ist wichtig f\u00fcr die Gesundheit Ihres Kaninchens. Dieser Unterschlupf ist so konzipiert, dass er leicht zu reinigen ist und eine gesunde Umgebung f\u00fcr Ihren Gef\u00e4hrten garantiert.<\/p>\n<p>Kleines Plus: Im Inneren befindet sich ein weiches Kissen, das leicht in der Maschine zu reinigen ist.<\/p>\n<p><strong>Merkmale:<\/strong><\/p>\n<ul>\n<li><strong>Materialien:<\/strong> Hochwertiges Holz + strapazierf\u00e4higer Stoff<\/li>\n<li><strong>Gr\u00f6\u00dfe:<\/strong> B 38 x L 39 x H 38cm<\/li>\n<li><strong>Farbe:<\/strong> Mitternachtsblau<\/li>\n<\/ul>\n","protected":false},"excerpt":{"rendered":"<ul>\n<li>Skandinavisch angehauchtes Refugium<\/li>\n<li>Tipi-Form entwerfen<\/li>\n<li>\u00c4u\u00dferst gem\u00fctlich<\/li>\n<\/ul>\n","protected":false},"featured_media":12207,"comment_status":"closed","ping_status":"closed","template":"","meta":{"_seopress_robots_primary_cat":"none","_seopress_titles_title":"","_seopress_titles_desc":"La Maison pour lapin modern est la cabane que tout les lapins r\u00eavent d'avoir ! Dieses Etikett im skandinavischen Design ist sein Erkennungsmerkmal.","_seopress_robots_index":""},"product_brand":[],"product_cat":[169,175],"product_tag":[],"class_list":{"0":"post-12607","1":"product","2":"type-product","3":"status-publish","4":"has-post-thumbnail","6":"product_cat-hasenladen","7":"product_cat-kaninchenstall","8":"product_shipping_class-ok-mondial-relais-de","10":"first","11":"instock","12":"taxable","13":"shipping-taxable","14":"purchasable","15":"product-type-simple"},"_links":{"self":[{"href":"https:\/\/bunzyland.com\/de\/wp-json\/wp\/v2\/product\/12607","targetHints":{"allow":["GET"]}}],"collection":[{"href":"https:\/\/bunzyland.com\/de\/wp-json\/wp\/v2\/product"}],"about":[{"href":"https:\/\/bunzyland.com\/de\/wp-json\/wp\/v2\/types\/product"}],"replies":[{"embeddable":true,"href":"https:\/\/bunzyland.com\/de\/wp-json\/wp\/v2\/comments?post=12607"}],"wp:featuredmedia":[{"embeddable":true,"href":"https:\/\/bunzyland.com\/de\/wp-json\/wp\/v2\/media\/12207"}],"wp:attachment":[{"href":"https:\/\/bunzyland.com\/de\/wp-json\/wp\/v2\/media?parent=12607"}],"wp:term":[{"taxonomy":"product_brand","embeddable":true,"href":"https:\/\/bunzyland.com\/de\/wp-json\/wp\/v2\/product_brand?post=12607"},{"taxonomy":"product_cat","embeddable":true,"href":"https:\/\/bunzyland.com\/de\/wp-json\/wp\/v2\/product_cat?post=12607"},{"taxonomy":"product_tag","embeddable":true,"href":"https:\/\/bunzyland.com\/de\/wp-json\/wp\/v2\/product_tag?post=12607"}],"curies":[{"name":"wp","href":"https:\/\/api.w.org\/{rel}","templated":true}]}}