{"id":12610,"date":"2024-02-19T15:56:02","date_gmt":"2024-02-19T14:56:02","guid":{"rendered":"https:\/\/bunzyland.com\/product\/anreichernde-kaninchen-futtermatte\/"},"modified":"2025-09-12T17:21:56","modified_gmt":"2025-09-12T15:21:56","slug":"anreichernde-kaninchen-futtermatte","status":"publish","type":"product","link":"https:\/\/bunzyland.com\/de\/produkt\/anreichernde-kaninchen-futtermatte\/","title":{"rendered":"Anreichernde Kaninchen-Futtermatte"},"content":{"rendered":"<h2>Kaninchen-Futtermatte: bereichernd und spielerisch<\/h2>\n<p>Die <strong>bereichernde Kaninchenfuttermatte<\/strong> ist eines der unverzichtbaren Accessoires f\u00fcr die Spielzeit mit Ihrem pelzigen Begleiter.<\/p>\n<p>Dieses<strong> Spielzeug f\u00fcr Kaninchen<\/strong> ist ideal, um die verschiedenen Sinne Ihres Kaninchens zu stimulieren und ihm gleichzeitig etwas zu bieten, was es liebt: Leckereien!<\/p>\n<p><img fetchpriority=\"high\" decoding=\"async\" class=\"alignnone wp-image-11831 size-full\" src=\"https:\/\/mon-lapinnain.com\/wp-content\/uploads\/2023\/04\/jeu-pour-lapin-rigolo.gif\" alt=\"lustiges H\u00e4schen Spielzeug\" width=\"350\" height=\"350\"><\/p>\n<p>Um mit Ihrem Hasen zu spielen, brauchen Sie nur seine Lieblingsleckereien unter die kleinen \u00d6ffnungen zu legen, die f\u00fcr diesen Zweck vorgesehen sind. Ihr Kaninchen muss dann an seiner <strong>Futtermatte<\/strong> schn\u00fcffeln, kratzen und knabbern, um an das zu gelangen, was es sich w\u00fcnscht.<\/p>\n<p><img decoding=\"async\" class=\"alignnone wp-image-11834\" src=\"https:\/\/mon-lapinnain.com\/wp-content\/uploads\/2023\/04\/jouet-pour-lapin-tapis-de-fouille.jpg\" alt=\"Kaninchenspielzeug W\u00fchlmatte\" width=\"600\" height=\"600\"><\/p>\n<p>Dieses Spielzeug ist ideal, um die Liebe und Freundschaft zwischen Ihnen und Ihrem Kaninchen zu st\u00e4rken. Sie k\u00f6nnen stundenlang mit Ihrem Kaninchen spielen, was sein Vertrauen in Sie st\u00e4rkt.<\/p>\n<h3>Ein sch\u00f6nes Spielzeug f\u00fcr Kaninchen<\/h3>\n<p>Diese<strong> bereichernde Kaninchenfuttermatte<\/strong> hat die Form eines rutschfesten, quadratischen Stoffes, auf dessen Oberfl\u00e4che ein Korb mit aufgen\u00e4hten Karotten als Relief angebracht ist.<\/p>\n<p>Auf der H\u00f6he des Korbes und der Karotten sollten Sie die Leckereien f\u00fcr Ihr Kaninchen verstecken \ud83d\ude42 So werden ihm die Formen auf dieser <strong>Kaninchen-Schnuffelmatte<\/strong> auch optisch vertraut sein.<\/p>\n<p><img decoding=\"async\" class=\"alignnone wp-image-11832\" src=\"https:\/\/mon-lapinnain.com\/wp-content\/uploads\/2023\/04\/jeu-de-fouille-lapin.jpg\" alt=\"Kaninchen-Suchspiel\" width=\"600\" height=\"600\"><\/p>\n<p>Beachten Sie, dass diese Art von <strong>Spielzeug f\u00fcr Kaninchen<\/strong> aus Stoff gefertigt ist und daher leicht zu reinigen ist, sei es in der Waschmaschine oder von Hand. Auf diese Weise hat Ihr Kaninchen eine saubere Spielfl\u00e4che, auf der es problemlos fressen kann.<\/p>\n<p><b>Spezifikationen:<\/b><\/p>\n<ul>\n<li>Modell: Kaninchen-Futtermatte mit Karotten und Korb<\/li>\n<li>Gr\u00f6\u00dfe: 70 x 70 cm \/ 27.5 x 27.5 in<\/li>\n<\/ul>\n<p>Um die nat\u00fcrlichen Instinkte Ihres Kaninchens zu stimulieren und es zur Futtersuche und Erkundung anzuregen, entdecken Sie unser Sortiment an <a href=\"https:\/\/bunzyland.com\/de\/kaninchen-matten\/\">Kaninchen-Futtermatten<\/a>, die f\u00fcr stundenlangen, gesunden Spa\u00df sorgen.<\/p>\n","protected":false},"excerpt":{"rendered":"<ul>\n<li>Kaninchenspielzeug<\/li>\n<li>H\u00e4lt Ihr Kaninchen bei Laune<\/li>\n<\/ul>\n","protected":false},"featured_media":12085,"comment_status":"closed","ping_status":"closed","template":"","meta":{"_seopress_robots_primary_cat":"none","_seopress_titles_title":"","_seopress_titles_desc":"Die bereichernde Kaninchen-Futtermatte ist das perfekte Kaninchenspiel, um die Sinne Ihres Haustiers zu stimulieren. Verspielt und lustig, das ist perfekt!","_seopress_robots_index":""},"product_brand":[],"product_cat":[169,195,201,172],"product_tag":[],"class_list":{"0":"post-12610","1":"product","2":"type-product","3":"status-publish","4":"has-post-thumbnail","6":"product_cat-hasenladen","7":"product_cat-kaninchen-matten","8":"product_cat-kaninchen-futtermatte","9":"product_cat-spielzeug-fur-kaninchen","10":"product_shipping_class-ok-mondial-relais-de","12":"first","13":"outofstock","14":"taxable","15":"shipping-taxable","16":"purchasable","17":"product-type-simple"},"_links":{"self":[{"href":"https:\/\/bunzyland.com\/de\/wp-json\/wp\/v2\/product\/12610","targetHints":{"allow":["GET"]}}],"collection":[{"href":"https:\/\/bunzyland.com\/de\/wp-json\/wp\/v2\/product"}],"about":[{"href":"https:\/\/bunzyland.com\/de\/wp-json\/wp\/v2\/types\/product"}],"replies":[{"embeddable":true,"href":"https:\/\/bunzyland.com\/de\/wp-json\/wp\/v2\/comments?post=12610"}],"wp:featuredmedia":[{"embeddable":true,"href":"https:\/\/bunzyland.com\/de\/wp-json\/wp\/v2\/media\/12085"}],"wp:attachment":[{"href":"https:\/\/bunzyland.com\/de\/wp-json\/wp\/v2\/media?parent=12610"}],"wp:term":[{"taxonomy":"product_brand","embeddable":true,"href":"https:\/\/bunzyland.com\/de\/wp-json\/wp\/v2\/product_brand?post=12610"},{"taxonomy":"product_cat","embeddable":true,"href":"https:\/\/bunzyland.com\/de\/wp-json\/wp\/v2\/product_cat?post=12610"},{"taxonomy":"product_tag","embeddable":true,"href":"https:\/\/bunzyland.com\/de\/wp-json\/wp\/v2\/product_tag?post=12610"}],"curies":[{"name":"wp","href":"https:\/\/api.w.org\/{rel}","templated":true}]}}