{"id":12611,"date":"2024-02-19T15:55:58","date_gmt":"2024-02-19T14:55:58","guid":{"rendered":"https:\/\/bunzyland.com\/product\/kaninchenstall-aus-holz-2\/"},"modified":"2025-10-02T23:39:29","modified_gmt":"2025-10-02T21:39:29","slug":"kaninchenstall-aus-holz-2","status":"publish","type":"product","link":"https:\/\/bunzyland.com\/de\/produkt\/kaninchenstall-aus-holz-2\/","title":{"rendered":"Kaninchenstall aus Holz"},"content":{"rendered":"<h2>Ein praktisches, allt\u00e4gliches Kaninchengestell aus Holz<\/h2>\n<p>Diese <strong>Kaninchentr\u00e4nke aus Holz<\/strong> verbindet nat\u00fcrliche Eleganz und Funktionalit\u00e4t perfekt. Diese harmonisch gestaltete <strong>Kaninchentr\u00e4nke<\/strong> ist viel mehr als nur ein dekoratives Element: Sie ist unerl\u00e4sslich f\u00fcr eine gesunde Ern\u00e4hrung Ihres Kaninchens. Die offene Struktur erm\u00f6glicht Ihrem Kaninchen einen einfachen Zugang zum Heu, damit es frisch und sauber bleibt.<\/p>\n<p><img fetchpriority=\"high\" decoding=\"async\" class=\"alignnone wp-image-16172 size-full\" src=\"https:\/\/mon-lapinnain.com\/wp-content\/uploads\/2024\/01\/ratelier-pour-lapin.gif\" alt=\"Kaninchenstall\" width=\"400\" height=\"519\"><\/p>\n<p>Als <a href=\"https:\/\/bunzyland.com\/de\/kaninchen-zubehoer\/\"><br \/>\n  <strong>Kaninchen-Zubeh\u00f6r<\/strong><br \/>\n<\/a>spielt dieses <strong>Regal<\/strong> eine entscheidende Rolle bei der F\u00f6rderung einer gesunden Ern\u00e4hrung. Kaninchen brauchen st\u00e4ndig Zugang zu Heu, um eine gute Verdauung und Zahngesundheit zu erhalten. Diese <strong>Kaninchenst\u00e4nder<\/strong> halten das Heu trocken und vom Boden fern, reduzieren den Abfall und halten den Futterplatz Ihres Kaninchens sauber und organisiert.<\/p>\n<h3>Ein unverzichtbares Kaninchen-Accessoire<\/h3>\n<p>Dieses <strong>Kaninchengestell<\/strong> aus Holz ist nicht nur eine attraktive, sondern auch eine hygienische und langlebige Option. Die Festigkeit des Holzes sorgt f\u00fcr Widerstandsf\u00e4higkeit gegen Kauen und Kratzen und verl\u00e4ngert so die Lebensdauer des Rateliers. Dar\u00fcber hinaus ist Naturholz ein atmungsaktives Material, das das Heu frisch, appetitlich und nahrhaft f\u00fcr Ihr Kaninchen h\u00e4lt.<\/p>\n<p>Stellen Sie diesen <strong>Heuspender<\/strong> in das Gehege oder Zimmer, in dem Ihr Kaninchen lebt. Sie k\u00f6nnen ihn auch neben das Katzenklo Ihres Kaninchens stellen, um das T\u00f6pfchentraining zu erleichtern. Und ja, Kaninchen fressen gerne, w\u00e4hrend sie sich erleichtern. \ud83d\ude04<\/p>\n<p><strong>Merkmale:<\/strong><\/p>\n<ul>\n<li><strong>Materialien:<\/strong> Hochwertiges, nat\u00fcrliches und langlebiges Holz.<\/li>\n<li><strong>Gr\u00f6\u00dfe:<\/strong> B 23cm x L26cm x H17cm<\/li>\n<\/ul>\n","protected":false},"excerpt":{"rendered":"<ul>\n<li>Leichter Zugang zu Heu<\/li>\n<li>Kaninchenfresser<\/li>\n<\/ul>\n","protected":false},"featured_media":12159,"comment_status":"closed","ping_status":"closed","template":"","meta":{"_seopress_robots_primary_cat":"none","_seopress_titles_title":"","_seopress_titles_desc":"Der Kaninchenfutterautomat aus Holz ist das ideale Zubeh\u00f6r f\u00fcr das Gehege Ihres Kaninchens. Diese Kaninchentr\u00e4nke h\u00e4lt das Heu trocken und sauber.","_seopress_robots_index":""},"product_brand":[],"product_cat":[169,199,189],"product_tag":[],"class_list":{"0":"post-12611","1":"product","2":"type-product","3":"status-publish","4":"has-post-thumbnail","6":"product_cat-hasenladen","7":"product_cat-heuspender-kaninchen","8":"product_cat-kaninchen-zubehoer","9":"product_shipping_class-ok-mondial-relais-de","11":"first","12":"instock","13":"taxable","14":"shipping-taxable","15":"purchasable","16":"product-type-simple"},"_links":{"self":[{"href":"https:\/\/bunzyland.com\/de\/wp-json\/wp\/v2\/product\/12611","targetHints":{"allow":["GET"]}}],"collection":[{"href":"https:\/\/bunzyland.com\/de\/wp-json\/wp\/v2\/product"}],"about":[{"href":"https:\/\/bunzyland.com\/de\/wp-json\/wp\/v2\/types\/product"}],"replies":[{"embeddable":true,"href":"https:\/\/bunzyland.com\/de\/wp-json\/wp\/v2\/comments?post=12611"}],"wp:featuredmedia":[{"embeddable":true,"href":"https:\/\/bunzyland.com\/de\/wp-json\/wp\/v2\/media\/12159"}],"wp:attachment":[{"href":"https:\/\/bunzyland.com\/de\/wp-json\/wp\/v2\/media?parent=12611"}],"wp:term":[{"taxonomy":"product_brand","embeddable":true,"href":"https:\/\/bunzyland.com\/de\/wp-json\/wp\/v2\/product_brand?post=12611"},{"taxonomy":"product_cat","embeddable":true,"href":"https:\/\/bunzyland.com\/de\/wp-json\/wp\/v2\/product_cat?post=12611"},{"taxonomy":"product_tag","embeddable":true,"href":"https:\/\/bunzyland.com\/de\/wp-json\/wp\/v2\/product_tag?post=12611"}],"curies":[{"name":"wp","href":"https:\/\/api.w.org\/{rel}","templated":true}]}}