{"id":12612,"date":"2024-02-19T15:55:56","date_gmt":"2024-02-19T14:55:56","guid":{"rendered":"https:\/\/bunzyland.com\/product\/versteck-fuer-graue-kaninchen\/"},"modified":"2025-09-12T17:22:13","modified_gmt":"2025-09-12T15:22:13","slug":"versteck-fuer-graue-kaninchen","status":"publish","type":"product","link":"https:\/\/bunzyland.com\/de\/produkt\/versteck-fuer-graue-kaninchen\/","title":{"rendered":"Versteck f\u00fcr graue Kaninchen"},"content":{"rendered":"<h2>Grey Rabbit Hideout: der Zufluchtsort f\u00fcr gl\u00fcckliche Kaninchen<\/h2>\n<p>Entdecken Sie das <strong>Graue Kaninchenversteck<\/strong>, die kleine ruhige Ecke, auf die Ihr Kaninchen gewartet hat.<br \/>\nMit seinem weichen Stoff und den neutralen Farben f\u00fcgt er sich perfekt in jede Einrichtung ein. Stellen Sie ihn in das <strong>Gehege<\/strong> oder Zimmer Ihres <strong>Kaninchens<\/strong> oder sogar in Ihr Wohnzimmer, damit Ihr Kaninchen einen eigenen Platz hat. Dieser Unterschlupf bietet Ihrem Kaninchen einen sicheren Ort, an dem es sich ausruhen und beobachten kann, was vor sich geht.<\/p>\n<p>Es ist nicht nur ein <strong>idealer Kaninchenstall<\/strong>, sondern auch ein ultrabequemer Schlafplatz. Ihr Kaninchen kann sich darin einrollen, um ein Nickerchen zu halten, oder sich darin verkriechen, um sich gesch\u00fctzt zu f\u00fchlen.<\/p>\n<p>Kaninchen mit ihrem neugierigen Wesen und ihrem Bed\u00fcrfnis nach Privatsph\u00e4re lieben gem\u00fctliche Ecken, in denen sie sich verstecken k\u00f6nnen. Dieses <strong>Kaninchenversteck<\/strong> bietet ihnen nicht nur ein bequemes Bett, sondern wird auch schnell zu ihrem Lieblingsplatz, an dem sie in Ruhe spielen, sich verstecken oder kauen k\u00f6nnen.<\/p>\n<h3>Ein bequemes Kaninchenbett<\/h3>\n<p>Das <strong>Gray Rabbit Hideout <\/strong>ist f\u00fcr die Ewigkeit gebaut. Seine Struktur ist sowohl solide als auch flexibel und h\u00e4lt Springen und Spielen stand.<br \/>\nUnd wenn es Zeit ist, aufzur\u00e4umen? Nichts k\u00f6nnte einfacher sein. Ein schnelles Abwischen, und das <strong>Versteck<\/strong> ist so gut wie neu, bereit f\u00fcr das n\u00e4chste wohlverdiente Nickerchen.<\/p>\n<p>Diese H\u00fctte ist nicht nur ein <strong>Hasenbett<\/strong>, sondern auch perfekt f\u00fcr die Momente der Einsamkeit, die Ihr kleiner Entdecker sucht. Er kann hier Verstecken spielen oder sich einfach f\u00fcr einen ruhigen Moment zur\u00fcckziehen.<\/p>\n<p>Dieser graue <strong>Kokon<\/strong> besteht aus einem weichen <strong>Kissen<\/strong>, das sich der Form Ihres H\u00e4schens anpasst. Ihr kleiner Liebling wird sich in seiner neuen H\u00fctte pudelwohl f\u00fchlen und ganz entspannt sein!<\/p>\n<p><strong>Merkmale:<\/strong><\/p>\n<ul>\n<li><strong>Materialien:<\/strong> Steifer, weicher Stoff<\/li>\n<li><strong>Gr\u00f6\u00dfe:<\/strong> B 43 x L 43 x H 35cm<\/li>\n<li><strong>Design:<\/strong> Grau mit beigem Interieur<\/li>\n<\/ul>\n","protected":false},"excerpt":{"rendered":"<ul>\n<li>Gem\u00fctliche Ecke<\/li>\n<li>Bequemes Kissen<\/li>\n<\/ul>\n","protected":false},"featured_media":12183,"comment_status":"closed","ping_status":"closed","template":"","meta":{"_seopress_robots_primary_cat":"none","_seopress_titles_title":"","_seopress_titles_desc":"Die Gray Rabbit Hut ist das perfekte Versteck f\u00fcr ein ruhiges Nickerchen abseits des Trubels im Haus. Es ist die ideale Kaninchenbehausung.","_seopress_robots_index":""},"product_brand":[],"product_cat":[169,175],"product_tag":[],"class_list":{"0":"post-12612","1":"product","2":"type-product","3":"status-publish","4":"has-post-thumbnail","6":"product_cat-hasenladen","7":"product_cat-kaninchenstall","8":"product_shipping_class-ok-mondial-relais-de","10":"first","11":"outofstock","12":"taxable","13":"shipping-taxable","14":"purchasable","15":"product-type-simple"},"_links":{"self":[{"href":"https:\/\/bunzyland.com\/de\/wp-json\/wp\/v2\/product\/12612","targetHints":{"allow":["GET"]}}],"collection":[{"href":"https:\/\/bunzyland.com\/de\/wp-json\/wp\/v2\/product"}],"about":[{"href":"https:\/\/bunzyland.com\/de\/wp-json\/wp\/v2\/types\/product"}],"replies":[{"embeddable":true,"href":"https:\/\/bunzyland.com\/de\/wp-json\/wp\/v2\/comments?post=12612"}],"wp:featuredmedia":[{"embeddable":true,"href":"https:\/\/bunzyland.com\/de\/wp-json\/wp\/v2\/media\/12183"}],"wp:attachment":[{"href":"https:\/\/bunzyland.com\/de\/wp-json\/wp\/v2\/media?parent=12612"}],"wp:term":[{"taxonomy":"product_brand","embeddable":true,"href":"https:\/\/bunzyland.com\/de\/wp-json\/wp\/v2\/product_brand?post=12612"},{"taxonomy":"product_cat","embeddable":true,"href":"https:\/\/bunzyland.com\/de\/wp-json\/wp\/v2\/product_cat?post=12612"},{"taxonomy":"product_tag","embeddable":true,"href":"https:\/\/bunzyland.com\/de\/wp-json\/wp\/v2\/product_tag?post=12612"}],"curies":[{"name":"wp","href":"https:\/\/api.w.org\/{rel}","templated":true}]}}