{"id":12626,"date":"2024-02-19T15:55:55","date_gmt":"2024-02-19T14:55:55","guid":{"rendered":"https:\/\/bunzyland.com\/product\/grosses-natuerliches-kaninchenhaus\/"},"modified":"2025-09-12T17:22:05","modified_gmt":"2025-09-12T15:22:05","slug":"grosses-natuerliches-kaninchenhaus","status":"publish","type":"product","link":"https:\/\/bunzyland.com\/de\/produkt\/grosses-natuerliches-kaninchenhaus\/","title":{"rendered":"Gro\u00dfes nat\u00fcrliches Kaninchenhaus"},"content":{"rendered":"<h2>Nat\u00fcrlicher Kaninchenstall: ein gem\u00fctlicher Ort zum Ausruhen<\/h2>\n<p>Das <strong>Natural Rabbit House <\/strong>ist ein <strong>Kokon<\/strong> der Ruhe f\u00fcr Ihr Kaninchen. Seine einzigartige dreieckige Form schafft eine beruhigende Umgebung, perfekt f\u00fcr Nickerchen und entspannte Stunden. Stellen Sie sich vor, wie Ihr Kaninchen in dieses <strong>Kaninchenversteck<\/strong> schl\u00fcpft, wie seine kleinen Pfoten in diesen kuscheligen Unterschlupf schl\u00fcpfen, wie seine kleine Nase vor Gl\u00fcck zittert. Es ist der ideale Ort zum Verstecken, Spielen und Auftanken.<\/p>\n<p>Aus nat\u00fcrlichen, strapazierf\u00e4higen und sicheren Materialien hergestellt, kann diese Art von <strong>Kaninchenstall<\/strong> die kleinen Z\u00e4hne Ihres Kaninchens unterst\u00fctzen. Ihr kleiner Begleiter kann seinen Knabberinstinkt befriedigen (nat\u00fcrlich in Ma\u00dfen), w\u00e4hrend er seinen eigenen pers\u00f6nlichen Raum genie\u00dft.<\/p>\n<p>Auch die Form dieses Kaninchenstalls erinnert an einen <strong>Tunnel<\/strong>. Das kleine integrierte Fenster ist nicht nur ein charmantes Detail. Er erm\u00f6glicht es Ihrem Kaninchen, seine kleine Welt zu beobachten, und ist gleichzeitig ein praktischer Zugangspunkt. Ihr H\u00e4schen wird es sicher lieben, in diesem lustigen Versteck hinein- und hinauszulaufen.<\/p>\n<h3>Ein Kaninchenhaus mit einem bequemen Bett<\/h3>\n<p>Das Herzst\u00fcck des <strong>Natural Rabbit House<\/strong> ist ein kleiner Schatz: eine weiche,<strong>bequeme Matratze<\/strong>. Dieses <strong>kleine Bett<\/strong>, das speziell f\u00fcr das Wohlbefinden Ihres Kaninchens entwickelt wurde, bietet eine weiche Oberfl\u00e4che zum Ausruhen. Er tr\u00e4gt dazu bei, eine warme, einladende Atmosph\u00e4re zu schaffen, die Ihr Kaninchen zum Entspannen und Erholen einl\u00e4dt.<br \/>\nDieser zus\u00e4tzliche Komfort ist wichtig f\u00fcr erholsame Momente und hilft Ihrem Kaninchen, sich sicher und wohl zu f\u00fchlen. Das<strong> Kaninchenbett<\/strong> ist auch gut f\u00fcr die Gelenke Ihres Fellkn\u00e4uels, da es ihn sanft st\u00fctzt und den Druck auf seinen kleinen K\u00f6rper verringert.<\/p>\n<p><strong>Merkmale:<\/strong><\/p>\n<ul>\n<li><strong>Materialien:<\/strong> Hergestellt aus nat\u00fcrlichen Materialien (Seegras)<\/li>\n<li><strong>Gr\u00f6\u00dfe:<\/strong> B 50 x L 30 x H 27cm (geeignet f\u00fcr die meisten Kaninchen und alle Zwergkaninchen)<\/li>\n<li><strong>Farbe:<\/strong> Nat\u00fcrlich<\/li>\n<\/ul>\n","protected":false},"excerpt":{"rendered":"<ul>\n<li>Nat\u00fcrlich und gesund f\u00fcr Ihr Kaninchen<\/li>\n<li>Komfortables Versteck<\/li>\n<li>Ein weiches Bett f\u00fcr ein Nickerchen<\/li>\n<\/ul>\n","protected":false},"featured_media":12195,"comment_status":"closed","ping_status":"closed","template":"","meta":{"_seopress_robots_primary_cat":"none","_seopress_titles_title":"","_seopress_titles_desc":"Das Natural Rabbit House ist das ideale Versteck f\u00fcr Ihr Kaninchen. Dieses aus nat\u00fcrlichen Materialien gefertigte Kaninchenhaus wird Ihrem Haustier sicher gefallen.","_seopress_robots_index":""},"product_brand":[],"product_cat":[169,175],"product_tag":[],"class_list":{"0":"post-12626","1":"product","2":"type-product","3":"status-publish","4":"has-post-thumbnail","6":"product_cat-hasenladen","7":"product_cat-kaninchenstall","8":"product_shipping_class-ok-mondial-relais-de","10":"first","11":"instock","12":"taxable","13":"shipping-taxable","14":"purchasable","15":"product-type-simple"},"_links":{"self":[{"href":"https:\/\/bunzyland.com\/de\/wp-json\/wp\/v2\/product\/12626","targetHints":{"allow":["GET"]}}],"collection":[{"href":"https:\/\/bunzyland.com\/de\/wp-json\/wp\/v2\/product"}],"about":[{"href":"https:\/\/bunzyland.com\/de\/wp-json\/wp\/v2\/types\/product"}],"replies":[{"embeddable":true,"href":"https:\/\/bunzyland.com\/de\/wp-json\/wp\/v2\/comments?post=12626"}],"wp:featuredmedia":[{"embeddable":true,"href":"https:\/\/bunzyland.com\/de\/wp-json\/wp\/v2\/media\/12195"}],"wp:attachment":[{"href":"https:\/\/bunzyland.com\/de\/wp-json\/wp\/v2\/media?parent=12626"}],"wp:term":[{"taxonomy":"product_brand","embeddable":true,"href":"https:\/\/bunzyland.com\/de\/wp-json\/wp\/v2\/product_brand?post=12626"},{"taxonomy":"product_cat","embeddable":true,"href":"https:\/\/bunzyland.com\/de\/wp-json\/wp\/v2\/product_cat?post=12626"},{"taxonomy":"product_tag","embeddable":true,"href":"https:\/\/bunzyland.com\/de\/wp-json\/wp\/v2\/product_tag?post=12626"}],"curies":[{"name":"wp","href":"https:\/\/api.w.org\/{rel}","templated":true}]}}