{"id":15496,"date":"2025-10-17T13:26:00","date_gmt":"2025-10-17T11:26:00","guid":{"rendered":"https:\/\/bunzyland.com\/?post_type=product&#038;p=15496"},"modified":"2025-10-17T13:31:54","modified_gmt":"2025-10-17T11:31:54","slug":"spielzeug-fur-schlaue-kaninchen","status":"publish","type":"product","link":"https:\/\/bunzyland.com\/de\/produkt\/spielzeug-fur-schlaue-kaninchen\/","title":{"rendered":"Spielzeug f\u00fcr schlaue Kaninchen"},"content":{"rendered":"<p><\/p>\n<h2 class=\"wp-block-heading\" id=\"h-jouet-pour-lapin-malin-un-jeu-intelligent-et-rigolo-pour-ton-petit-curieux\">Spielzeug f\u00fcr schlaue Kaninchen: ein intelligentes und lustiges Spiel f\u00fcr deinen kleinen Entdecker \ud83c\udfb2\ud83d\udca1<\/h2>\n<p><\/p>\n<p><\/p>\n<p>Du suchst nach einer <strong>interaktiveren und vor allem stimulierenderen M\u00f6glichkeit, mit deinem Kaninchen zu spielen<\/strong>? Dieses <strong>Spielzeug f\u00fcr schlaue Kaninchen<\/strong> wird schnell euer neuer Lieblingsmoment zu zweit \ud83e\udd70! Mit seiner durchsichtigen, an einer Feder aufgeh\u00e4ngten Kugel muss dein Kaninchen geschickt und geduldig sein, um seine Lieblingsleckerlis zu erwischen. <br \/>Das Ergebnis? Es <strong>hat Spa\u00df<\/strong>, es <strong>denkt nach<\/strong> und du\u2026 du schmilzt dahin, wenn du es so konzentriert siehst! \ud83d\ude0d<\/p>\n<p><\/p>\n<p><\/p>\n<figure class=\"wp-block-image size-full is-resized\"><img decoding=\"async\" src=\"https:\/\/mon-lapinnain.com\/wp-content\/uploads\/2025\/09\/Jouet-pour-lapin-friandises-1.jpg\" alt=\"Spielzeug f\u00fcr Kaninchen Leckerlis\" class=\"wp-image-24413\" style=\"width:600px\" \/><\/figure>\n<p><\/p>\n<p><\/p>\n<p>Dieses <strong>Intelligenzspielzeug f\u00fcr Kaninchen<\/strong> ist nicht nur ein Zeitvertreib, sondern ein echter Boost f\u00fcr sein mentales Wohlbefinden, besonders wenn dein Kaninchen im <strong>Gehege<\/strong> oder frei l\u00e4uft. Es kann sich minutenlang darin vertiefen, v\u00f6llig absorbiert von seiner &#8222;Mission&#8220;! Und du genie\u00dft einen zuckers\u00fc\u00dfen Anblick beim Zuschauen. <\/p>\n<p><\/p>\n<p><\/p>\n<figure class=\"wp-block-image size-full is-resized\"><img decoding=\"async\" src=\"https:\/\/mon-lapinnain.com\/wp-content\/uploads\/2025\/09\/jouet-pour-lapin-rigolo.gif\" alt=\"lustiges Spielzeug f\u00fcr Kaninchen\" class=\"wp-image-24412\" style=\"width:400px\" \/><\/figure>\n<p><\/p>\n<p><\/p>\n<p>Das ist DAS <strong>Spielzeug f\u00fcr Kaninchen<\/strong>, das du zuhause haben solltest \u2013 vor allem, wenn dein Schatz zu schlau ist, um sich nur mit einem einfachen Tunnel zufrieden zu geben. \ud83d\ude09<\/p>\n<p><\/p>\n<p><\/p>\n<h3 class=\"wp-block-heading\" id=\"h-un-jouet-pour-lapin-nain-qui-eveille-son-instinct-tout-en-douceur\">Ein Zwergkaninchenspielzeug, das sanft seine Instinkte weckt \ud83d\udc3e<\/h3>\n<p><\/p>\n<p><\/p>\n<p>Dieses <strong>Spielzeug f\u00fcr Zwergkaninchen<\/strong> ist darauf ausgelegt, seinen nat\u00fcrlichen Such- und Jagdinstinkt nach Leckerlis zu stimulieren \ud83c\udf4e. Keine Langeweile mehr! Mit diesem <strong>Kaninchen-Spiel<\/strong> muss dein kleiner Liebling die Kugel schnuppern, schubsen, sanft mit der Nase oder den Pfoten ansto\u00dfen, damit die versteckten Leckereien im Inneren herausfallen. Und glaube mir, er wird immer wieder zur\u00fcckkommen!<\/p>\n<p><\/p>\n<p><\/p>\n<figure class=\"wp-block-image size-full is-resized\"><img decoding=\"async\" src=\"https:\/\/mon-lapinnain.com\/wp-content\/uploads\/2025\/09\/Jouet-pour-lapin-malin.jpg\" alt=\"Spielzeug f\u00fcr schlaue Kaninchen\" class=\"wp-image-24415\" style=\"width:600px\" \/><\/figure>\n<p><\/p>\n<p><\/p>\n<p>Neben dem s\u00fc\u00dfen Anblick f\u00f6rdert dieses <strong>Kaninchen-Spielzeug<\/strong> sowohl die k\u00f6rperliche als auch die geistige Aktivit\u00e4t. Perfekt, wenn du ihm t\u00e4glich stressfreie Besch\u00e4ftigung bieten m\u00f6chtest \u2013 angepasst an sein Tempo. Wenn du wirklich eine noch tiefere Bindung schaffen und seinen Alltag bereichern willst, ist dieses Spielzeug genau das Richtige f\u00fcr euch beide. \ud83d\udc30\ud83d\udc9b<\/p>\n<p><\/p>\n<p><\/p>\n<p>Eigenschaften:<\/p>\n<p><\/p>\n<p><\/p>\n<ul class=\"wp-block-list\"><\/p>\n<li>Kaninchen-Leckerli-Spielzeug<\/li>\n<p><\/p>\n<p><\/p>\n<li>Materialien: Holz, Metall und Kunststoff<\/li>\n<p><\/p>\n<p><\/p>\n<li>Beispiel-Leckerlis f\u00fcr die Kugel: Obstst\u00fccke (\u00c4pfel, Erdbeeren&#8230;)<\/li>\n<p><\/ul>\n<p><\/p>\n<p><\/p>\n<p>\ud83d\udc49 Entdecke auch unsere komplette <strong>Kollektion an Kaninchenspielzeug<\/strong>, um f\u00fcr noch mehr Abwechslung und einen gl\u00fccklichen, rundum besch\u00e4ftigten Kaninchenfreund zu sorgen!<\/p>\n<p><\/p>","protected":false},"excerpt":{"rendered":"<p data-pm-slice=\"1 1 []\">\u2705 Das Lieblingsspiel der schlauen Kaninchen<br \/>\u2705 Schafft niedliche gemeinsame Momente<br \/>\ud83d\ude31 Sehr begrenzter Vorrat<\/p>\n","protected":false},"featured_media":14585,"comment_status":"closed","ping_status":"closed","template":"","meta":{"_seopress_robots_primary_cat":"","_seopress_titles_title":"","_seopress_titles_desc":"","_seopress_robots_index":""},"product_brand":[],"product_cat":[172],"product_tag":[],"class_list":{"0":"post-15496","1":"product","2":"type-product","3":"status-publish","4":"has-post-thumbnail","6":"product_cat-spielzeug-fur-kaninchen","8":"first","9":"outofstock","10":"taxable","11":"shipping-taxable","12":"purchasable","13":"product-type-simple"},"_links":{"self":[{"href":"https:\/\/bunzyland.com\/de\/wp-json\/wp\/v2\/product\/15496","targetHints":{"allow":["GET"]}}],"collection":[{"href":"https:\/\/bunzyland.com\/de\/wp-json\/wp\/v2\/product"}],"about":[{"href":"https:\/\/bunzyland.com\/de\/wp-json\/wp\/v2\/types\/product"}],"replies":[{"embeddable":true,"href":"https:\/\/bunzyland.com\/de\/wp-json\/wp\/v2\/comments?post=15496"}],"wp:featuredmedia":[{"embeddable":true,"href":"https:\/\/bunzyland.com\/de\/wp-json\/wp\/v2\/media\/14585"}],"wp:attachment":[{"href":"https:\/\/bunzyland.com\/de\/wp-json\/wp\/v2\/media?parent=15496"}],"wp:term":[{"taxonomy":"product_brand","embeddable":true,"href":"https:\/\/bunzyland.com\/de\/wp-json\/wp\/v2\/product_brand?post=15496"},{"taxonomy":"product_cat","embeddable":true,"href":"https:\/\/bunzyland.com\/de\/wp-json\/wp\/v2\/product_cat?post=15496"},{"taxonomy":"product_tag","embeddable":true,"href":"https:\/\/bunzyland.com\/de\/wp-json\/wp\/v2\/product_tag?post=15496"}],"curies":[{"name":"wp","href":"https:\/\/api.w.org\/{rel}","templated":true}]}}