{"id":15508,"date":"2025-10-17T13:26:09","date_gmt":"2025-10-17T11:26:09","guid":{"rendered":"https:\/\/bunzyland.com\/?post_type=product&#038;p=15508"},"modified":"2025-10-17T14:57:41","modified_gmt":"2025-10-17T12:57:41","slug":"komfort-kaninchen-toilette","status":"publish","type":"product","link":"https:\/\/bunzyland.com\/de\/produkt\/komfort-kaninchen-toilette\/","title":{"rendered":"Komfort-Kaninchen-Toilette"},"content":{"rendered":"<p><\/p>\n<h2 class=\"wp-block-heading\" id=\"h-litiere-pour-lapin-confort-il-va-adorer-y-aller-vraiment\">Komfort-Kaninchen-Toilette: Dein Kaninchen wird sie wirklich lieben<\/h2>\n<p><\/p>\n<p><\/p>\n<p>Seien wir ehrlich: Das <strong>Kaninchenklo<\/strong> zu s\u00e4ubern geh\u00f6rt nicht gerade zu den Lieblingsbesch\u00e4ftigungen des Tages. Aber mit dem richtigen <strong>Kaninchenzubeh\u00f6r<\/strong> wird alles viel einfacher. Mit dieser <strong>Komfort-Kaninchen-Toilette<\/strong> machst du nicht nur deinem kleinen Fellfreund eine Freude \u2026 sondern auch dir selbst das Leben viel leichter. \ud83d\ude4c<\/p>\n<p><\/p>\n<p><\/p>\n<figure class=\"wp-block-image size-full is-resized\"><img decoding=\"async\" src=\"https:\/\/mon-lapinnain.com\/wp-content\/uploads\/2025\/09\/Litiere-lapin-pratique.jpg\" alt=\"Praktische Kaninchentoilette\" class=\"wp-image-24331\" style=\"width:600px\" \/><\/figure>\n<p><\/p>\n<p><\/p>\n<p>Diese <strong>Kaninchen-Toilettenschale<\/strong> ist mit einem <strong>durchl\u00e4ssigen Gitter<\/strong> (L\u00f6cher ca. 1 cm, perfekt f\u00fcr ein <strong>Zwergkaninchen<\/strong>) ausgestattet, sodass dein Kaninchen nicht mit den Pfoten im Nassen steht. Das Ergebnis: Es bleibt trocken, sauber und du musst seltener reinigen. Ja, f\u00fcr dieses <strong>magische Gitter<\/strong> wirst du dankbar sein.<\/p>\n<p><\/p>\n<p><\/p>\n<figure class=\"wp-block-image size-full is-resized\"><img decoding=\"async\" src=\"https:\/\/mon-lapinnain.com\/wp-content\/uploads\/2025\/09\/Grille-litiere-pour-lapin.jpg\" alt=\"Gitter f\u00fcr Kaninchentoilette\" class=\"wp-image-24327\" style=\"width:600px\" \/><\/figure>\n<p><\/p>\n<p><\/p>\n<p>Das eigentliche Highlight ist aber der superleichte Zugang. Kein Springen, Klettern oder akrobatisches Meisterwerk n\u00f6tig \ud83e\uddd7\u200d\u2642\ufe0f. Der Einstieg ist sehr niedrig, was besonders f\u00fcr <strong>\u00e4ltere Kaninchen<\/strong>, kranke Tiere oder jene, die keine Sportfans sind, ideal ist. Und auch die J\u00fcngsten werden diesen k\u00f6niglichen Komfort zu sch\u00e4tzen wissen.<\/p>\n<p><\/p>\n<p><\/p>\n<figure class=\"wp-block-image size-full is-resized\"><img decoding=\"async\" src=\"https:\/\/mon-lapinnain.com\/wp-content\/uploads\/2025\/09\/Litiere-pour-lapin-pratique.jpg\" alt=\"Praktische Kaninchentoilette\" class=\"wp-image-24334\" style=\"width:600px\" \/><\/figure>\n<p><\/p>\n<p><\/p>\n<h3 class=\"wp-block-heading\">Eine einfache, saubere und durchdachte Kaninchentoilette \ud83e\uddfc<\/h3>\n<p><\/p>\n<p><\/p>\n<p>Du suchst ein <strong>Kaninchenklo<\/strong>, das sich gut in deinen Wohnraum integriert? Diese <strong>Kaninchen-Toilettenschale mit Gitter<\/strong> hat ein dezentes, cleveres Design. Perfekt f\u00fcr die Futterecke neben dem <strong>Heusack<\/strong>. Und weil sie stabil ist, h\u00e4lt sie Nageattacken und Buddelw\u00fcnschen stand (wir wissen ja \u2026 sie lieben es \ud83d\ude05).<\/p>\n<p><\/p>\n<p><\/p>\n<figure class=\"wp-block-image size-full is-resized\"><img decoding=\"async\" src=\"https:\/\/mon-lapinnain.com\/wp-content\/uploads\/2025\/09\/litiere-lapin.jpg\" alt=\"Kaninchen-Toilettenschale\" class=\"wp-image-24330\" style=\"width:600px\" \/><\/figure>\n<p><\/p>\n<p><\/p>\n<p>\ud83d\udca1 Und unter uns &#8230; Das ist eindeutig die<strong> beste Kaninchentoilette <\/strong>in Frankreich<strong>.<\/strong> <br \/>Warum? Weil sie alles hat, was man braucht: <\/p>\n<p><\/p>\n<p><\/p>\n<ul class=\"wp-block-list\"><\/p>\n<li>Ein <strong>niedriger Einstieg<\/strong> \u2013 super praktisch (vor allem f\u00fcr Kleine oder \u00c4ltere)<\/li>\n<p><\/p>\n<p><\/p>\n<li><strong>Hohe R\u00e4nder<\/strong> \u2013 f\u00fcr weniger Pipispritzer (ja, wir wissen \u2026 manchmal <em>in<\/em> der Toilette, manchmal <em>daneben<\/em> \ud83d\ude24)<\/li>\n<p><\/p>\n<p><\/p>\n<li>Ein <strong>hygienisches Gitter<\/strong>: keine nassen Pfoten, kein vergilbtes Fell<\/li>\n<p><\/p>\n<p><\/p>\n<li>Und vor allem: <strong>keine zu kleine Dreiecks-Toilette<\/strong>, in der dein Kaninchen sich unwohl f\u00fchlt. Hier kann es sich richtig ausstrecken und entspannen.<\/li>\n<p><\/ul>\n<p><\/p>\n<p><\/p>\n<figure class=\"wp-block-image size-full is-resized\"><img decoding=\"async\" src=\"https:\/\/mon-lapinnain.com\/wp-content\/uploads\/2025\/09\/Litiere-pour-lapin-hygienique.jpg\" alt=\"Hygienische Kaninchentoilette\" class=\"wp-image-24333\" style=\"width:600px\" \/><\/figure>\n<p><\/p>\n<p><\/p>\n<p>Das ist so ein <strong>Kaninchenzubeh\u00f6r<\/strong>, das man sofort adoptiert, weil es alle H\u00e4kchen setzt. Und vor allem: Es erf\u00fcllt die nat\u00fcrlichen Bed\u00fcrfnisse deines Kaninchens \u2013 ganz stressfrei.<\/p>\n<p>Kurz gesagt: DIE <strong>ideale Kaninchen-Toilettenschale<\/strong>. Dein Kaninchen wird sie lieben, und du auch. \ud83d\udca9\u2728<\/p>\n<p><\/p>\n<p><\/p>\n<p>Eigenschaften:<\/p>\n<p><\/p>\n<p><\/p>\n<ul class=\"wp-block-list\"><\/p>\n<li>Kaninchen-Toilettenschale<\/li>\n<p><\/p>\n<p><\/p>\n<li>Farbe: Hellbraun<\/li>\n<p><\/p>\n<p><\/p>\n<li>Ma\u00dfe: B 51cm x L 40cm x H 12,5cm<\/li>\n<p><\/p>\n<p><\/p>\n<li>Gitterlochgr\u00f6\u00dfe: ca. 1cm<\/li>\n<p><\/p>\n<p><\/p>\n<li>H\u00f6he der Einstiegskante: 3,5cm<\/li>\n<p><\/p>\n<p><\/p>\n<li>Hartplastik<\/li>\n<p><\/ul>\n<p><\/p>\n<p><\/p>\n<figure class=\"wp-block-image size-full is-resized\"><img decoding=\"async\" src=\"https:\/\/mon-lapinnain.com\/wp-content\/uploads\/2025\/09\/Litiere-lapin-bac-dimenssion.jpg\" alt=\"Kaninchen-Toilettenbox Ma\u00dfe\" class=\"wp-image-24581\" style=\"width:600px\" \/><\/figure>\n<p><\/p>\n<p><\/p>\n<p>\ud83d\udc49 Dein Kaninchen verdient ein stilles \u00d6rtchen? Dann sieh dir auch unsere <strong>Kaninchen-Toiletten<\/strong> &amp; <strong>Kaninchenzubeh\u00f6r<\/strong> an \ud83d\udc07\ud83d\udc9b<\/p>\n<p><\/p>\n<p><\/p>\n<p><\/p>","protected":false},"excerpt":{"rendered":"<p>\u2705\u00a0Kaninchen-Toilettenbox mit Gitter<br data-start=\"1936\" data-end=\"1939\" \/>\u2705 Leichter Zugang, auch f\u00fcr \u00e4ltere Kaninchen<br data-start=\"1982\" data-end=\"1985\" \/>\ud83d\ude31 Nur noch wenige auf Lager, schnell weg!<\/p>\n","protected":false},"featured_media":14355,"comment_status":"closed","ping_status":"closed","template":"","meta":{"_seopress_robots_primary_cat":"","_seopress_titles_title":"","_seopress_titles_desc":"","_seopress_robots_index":""},"product_brand":[],"product_cat":[192,189],"product_tag":[],"class_list":{"0":"post-15508","1":"product","2":"type-product","3":"status-publish","4":"has-post-thumbnail","6":"product_cat-kaninchen-toilette","7":"product_cat-kaninchen-zubehoer","9":"first","10":"instock","11":"taxable","12":"shipping-taxable","13":"purchasable","14":"product-type-simple"},"_links":{"self":[{"href":"https:\/\/bunzyland.com\/de\/wp-json\/wp\/v2\/product\/15508","targetHints":{"allow":["GET"]}}],"collection":[{"href":"https:\/\/bunzyland.com\/de\/wp-json\/wp\/v2\/product"}],"about":[{"href":"https:\/\/bunzyland.com\/de\/wp-json\/wp\/v2\/types\/product"}],"replies":[{"embeddable":true,"href":"https:\/\/bunzyland.com\/de\/wp-json\/wp\/v2\/comments?post=15508"}],"wp:featuredmedia":[{"embeddable":true,"href":"https:\/\/bunzyland.com\/de\/wp-json\/wp\/v2\/media\/14355"}],"wp:attachment":[{"href":"https:\/\/bunzyland.com\/de\/wp-json\/wp\/v2\/media?parent=15508"}],"wp:term":[{"taxonomy":"product_brand","embeddable":true,"href":"https:\/\/bunzyland.com\/de\/wp-json\/wp\/v2\/product_brand?post=15508"},{"taxonomy":"product_cat","embeddable":true,"href":"https:\/\/bunzyland.com\/de\/wp-json\/wp\/v2\/product_cat?post=15508"},{"taxonomy":"product_tag","embeddable":true,"href":"https:\/\/bunzyland.com\/de\/wp-json\/wp\/v2\/product_tag?post=15508"}],"curies":[{"name":"wp","href":"https:\/\/api.w.org\/{rel}","templated":true}]}}