{"id":14714,"date":"2025-10-17T13:25:57","date_gmt":"2025-10-17T11:25:57","guid":{"rendered":"https:\/\/bunzyland.com\/?post_type=product&#038;p=14714"},"modified":"2025-10-17T16:11:46","modified_gmt":"2025-10-17T14:11:46","slug":"juguete-para-conejo-rueda-misteriosa","status":"publish","type":"product","link":"https:\/\/bunzyland.com\/es\/producto\/juguete-para-conejo-rueda-misteriosa\/","title":{"rendered":"Juguete para conejo Rueda Misteriosa"},"content":{"rendered":"<p><\/p>\n<h2 class=\"wp-block-heading\" id=\"h-jouet-pour-lapin-roue-mystere-le-jeu-malin-et-ludique\">Juguete para conejo Rueda Misteriosa: el juego ingenioso y divertido\ud83e\udde0 <\/h2>\n<p><\/p>\n<p><\/p>\n<p>Tu conejo merece mucho m\u00e1s que un simple accesorio: necesita divertirse, pensar, descubrir&#8230; Y eso es exactamente lo que le ofrece la <strong>Rueda Misteriosa<\/strong>, un <strong>juguete para conejo<\/strong> tan adorable como inteligente \ud83d\udc9b. <\/p>\n<p><\/p>\n<p><\/p>\n<figure class=\"wp-block-image size-full is-resized\"><img decoding=\"async\" src=\"https:\/\/mon-lapinnain.com\/wp-content\/uploads\/2025\/09\/Jouet-pour-lapin-activite.jpg\" alt=\"Juguete para conejo actividad\" class=\"wp-image-24426\" style=\"width:600px\" \/><\/figure>\n<p><\/p>\n<p><\/p>\n<p>Este <strong>juguete para conejos<\/strong> funciona con un sistema de compartimentos giratorios, en los que puedes esconder peque\u00f1as golosinas o trozos de fruta como manzana, por ejemplo. \u00a1\u00c9l tendr\u00e1 que encontrarlas!<\/p>\n<p><\/p>\n<p><\/p>\n<figure class=\"wp-block-image size-full is-resized\"><img decoding=\"async\" src=\"https:\/\/mon-lapinnain.com\/wp-content\/uploads\/2025\/09\/jouet-lapin-drole.gif\" alt=\"juguete conejo divertido\" class=\"wp-image-24425\" style=\"width:400px\" \/><\/figure>\n<p><\/p>\n<p><\/p>\n<p>Es un <strong>juego para conejo<\/strong> que estimula tanto el olfato, la memoria, la concentraci\u00f3n&#8230; \u00a1y por supuesto el est\u00f3mago! \ud83d\ude0b Ideal para entretener a tu compa\u00f1ero mientras trabajas, o simplemente para pasar un momento especial juntos. Si te preguntas <strong>c\u00f3mo jugar con tu conejo<\/strong> de forma \u00fatil y divertida, \u00a1este juego es para los dos!<\/p>\n<p><\/p>\n<p><\/p>\n<figure class=\"wp-block-image size-full is-resized\"><img decoding=\"async\" src=\"https:\/\/mon-lapinnain.com\/wp-content\/uploads\/2025\/09\/Jouet-pour-lapin-intelligent-2.jpg\" alt=\"Juguete para conejo inteligente\" class=\"wp-image-24429\" style=\"width:600px\" \/><\/figure>\n<p><\/p>\n<p><\/p>\n<h3 class=\"wp-block-heading\" id=\"h-un-jouet-d-intelligence-pour-lapin-qui-change-tout\">Un juguete de inteligencia para conejos que lo cambia todo \ud83c\udfaf <\/h3>\n<p><\/p>\n<p><\/p>\n<p>No es un juguete cl\u00e1sico. La <strong>Rueda Misteriosa<\/strong> es un <strong>juguete de inteligencia para conejo<\/strong> dise\u00f1ado para favorecer la estimulaci\u00f3n mental y evitar el aburrimiento. Perfecto para conejos en <strong>recinto o semilibertad<\/strong>, permite romper la rutina e integrarse perfectamente en tu hogar gracias a su aspecto suave y sencillo \ud83c\udf3c.<\/p>\n<p><\/p>\n<p><\/p>\n<figure class=\"wp-block-image size-full is-resized\"><img decoding=\"async\" src=\"https:\/\/mon-lapinnain.com\/wp-content\/uploads\/2025\/09\/Jouet-pour-lapin-roue-1.jpg\" alt=\"Juguete para conejo rueda\" class=\"wp-image-24430\" style=\"width:600px\" \/><\/figure>\n<p><\/p>\n<p><\/p>\n<p>Sea tu conejo muy juguet\u00f3n o m\u00e1s bien goloso, \u00a1va a comprender r\u00e1pidamente el sistema&#8230; y no podr\u00e1 dejar de jugar! Adem\u00e1s, come sus golosinas m\u00e1s despacio y se mueve m\u00e1s. La combinaci\u00f3n perfecta para su bienestar.\ud83d\ude00<\/p>\n<p><\/p>\n<p><\/p>\n<p>Caracter\u00edsticas: <\/p>\n<p><\/p>\n<p><\/p>\n<ul class=\"wp-block-list\"><\/p>\n<li>Juguete para conejo para compartir juntos<\/li>\n<p><\/p>\n<p><\/p>\n<li>Materiales: Pl\u00e1stico duro<\/li>\n<p><\/p>\n<p><\/p>\n<li>Color: Amarillo<\/li>\n<p><\/ul>\n<p><\/p>\n<p><\/p>\n<p>\ud83d\udc49 Y si quieres ir m\u00e1s all\u00e1, echa un vistazo a nuestra colecci\u00f3n completa de <strong>juguetes para conejos<\/strong>, <strong>juegos de inteligencia<\/strong> y otras sorpresas que descubrir aqu\u00ed \ud83e\uddfa\ud83d\udc95<\/p>\n<p><\/p>\n<p><\/p>\n<p><\/p>","protected":false},"excerpt":{"rendered":"<p>\u2705 Juego inteligente y delicioso a la vez<br data-start=\"241\" data-end=\"244\" \/>\u2705 Producto verificado y aprobado por los conejitos<br data-start=\"287\" data-end=\"290\" \/>\ud83d\ude31 \u00a1Muy pocas unidades en stock, no tardes mucho!<\/p>\n","protected":false},"featured_media":14622,"comment_status":"closed","ping_status":"closed","template":"","meta":{"_seopress_robots_primary_cat":"","_seopress_titles_title":"","_seopress_titles_desc":"","_seopress_robots_index":""},"product_brand":[],"product_cat":[269],"product_tag":[],"class_list":{"0":"post-14714","1":"product","2":"type-product","3":"status-publish","4":"has-post-thumbnail","6":"product_cat-juguetes-conejos","8":"first","9":"outofstock","10":"taxable","11":"shipping-taxable","12":"purchasable","13":"product-type-simple"},"_links":{"self":[{"href":"https:\/\/bunzyland.com\/es\/wp-json\/wp\/v2\/product\/14714","targetHints":{"allow":["GET"]}}],"collection":[{"href":"https:\/\/bunzyland.com\/es\/wp-json\/wp\/v2\/product"}],"about":[{"href":"https:\/\/bunzyland.com\/es\/wp-json\/wp\/v2\/types\/product"}],"replies":[{"embeddable":true,"href":"https:\/\/bunzyland.com\/es\/wp-json\/wp\/v2\/comments?post=14714"}],"wp:featuredmedia":[{"embeddable":true,"href":"https:\/\/bunzyland.com\/es\/wp-json\/wp\/v2\/media\/14622"}],"wp:attachment":[{"href":"https:\/\/bunzyland.com\/es\/wp-json\/wp\/v2\/media?parent=14714"}],"wp:term":[{"taxonomy":"product_brand","embeddable":true,"href":"https:\/\/bunzyland.com\/es\/wp-json\/wp\/v2\/product_brand?post=14714"},{"taxonomy":"product_cat","embeddable":true,"href":"https:\/\/bunzyland.com\/es\/wp-json\/wp\/v2\/product_cat?post=14714"},{"taxonomy":"product_tag","embeddable":true,"href":"https:\/\/bunzyland.com\/es\/wp-json\/wp\/v2\/product_tag?post=14714"}],"curies":[{"name":"wp","href":"https:\/\/api.w.org\/{rel}","templated":true}]}}