{"id":14724,"date":"2025-10-17T13:26:04","date_gmt":"2025-10-17T11:26:04","guid":{"rendered":"https:\/\/bunzyland.com\/?post_type=product&#038;p=14724"},"modified":"2025-10-18T09:49:19","modified_gmt":"2025-10-18T07:49:19","slug":"henero-para-heno-conejo-bolsa","status":"publish","type":"product","link":"https:\/\/bunzyland.com\/es\/producto\/henero-para-heno-conejo-bolsa\/","title":{"rendered":"Henero para heno conejo bolsa"},"content":{"rendered":"<p><\/p>\n<h2 class=\"wp-block-heading\" id=\"h-ratelier-foin-lapin-sac-propre-pratique-et-trop-craquant\">Henero heno conejo bolsa: limpio, pr\u00e1ctico&#8230; \u00a1y demasiado mono \ud83d\udc30\ud83c\udf3f!<\/h2>\n<p><\/p>\n<p><\/p>\n<p>Este <strong>henero heno conejo<\/strong> te va a cambiar la vida (y la de tu conejito tambi\u00e9n). \u00bfT\u00fa tambi\u00e9n est\u00e1s harto del <strong>heno<\/strong> tirado por todo el <strong>recinto<\/strong> o bajo las patas? \ud83d\ude05 Es simple: cuelgas esta <strong>bolsa de heno conejo<\/strong> en la reja del recinto, la rellenas, \u00a1y listo! Tu conejo se da un fest\u00edn&#8230; sin tirar la mitad fuera.<\/p>\n<p><\/p>\n<p><\/p>\n<figure class=\"wp-block-image size-full is-resized\"><img decoding=\"async\" src=\"https:\/\/mon-lapinnain.com\/wp-content\/uploads\/2025\/09\/Sac-a-foin-lapin.jpg\" alt=\"Bolsa de heno conejo\" class=\"wp-image-24341\" style=\"width:600px\" \/><\/figure>\n<p><\/p>\n<p><\/p>\n<p>Y hablemos claro: entre los pip\u00eds de territorio, los saltos de alegr\u00eda y las patitas un poco sucias, el <strong>rinc\u00f3n del heno<\/strong> puede convertirse r\u00e1pidamente en un l\u00edo. Pero ahora, vas a respirar tranquilo. \u00bfPor qu\u00e9? \u00a1Porque este <strong>henero de heno para conejo<\/strong> es <strong>impermeable<\/strong>! <br \/>\ud83e\uddfc \u00bfSalpicaduras? No absorbe nada. \u00bfManchas? Nada de nada. Solo un pa\u00f1o h\u00famedo o un lavado suave \u00a1y est\u00e1 como nuevo! \u00a1Te va a encantar c\u00f3mo este <strong>henero<\/strong> se mantiene limpio sin esfuerzo!<\/p>\n<p><\/p>\n<p><\/p>\n<figure class=\"wp-block-image size-full is-resized\"><img decoding=\"async\" src=\"https:\/\/mon-lapinnain.com\/wp-content\/uploads\/2025\/09\/ratelier-foin-lapin-impermeable.jpg\" alt=\"henero heno conejo impermeable\" class=\"wp-image-24339\" style=\"width:600px\" \/><\/figure>\n<p><\/p>\n<p><\/p>\n<p>Este <strong>henero de heno para conejo<\/strong> tambi\u00e9n es un verdadero plus en cuanto a enriquecimiento. Gracias a las aberturas verticales, tu <strong>conejo<\/strong> tiene que tirar un poco para sacar su <strong>heno<\/strong>. Resultado: come m\u00e1s despacio, se entretiene, y adem\u00e1s&#8230; desperdicia menos. S\u00ed, s\u00ed, pensamos en todo. \ud83d\ude04<\/p>\n<p><\/p>\n<p><\/p>\n<figure class=\"wp-block-image size-full is-resized\"><img decoding=\"async\" src=\"https:\/\/mon-lapinnain.com\/wp-content\/uploads\/2025\/09\/ratelier-foin-lapin-sac.jpg\" alt=\"henero heno conejo bolsa\" class=\"wp-image-24340\" style=\"width:600px\" \/><\/figure>\n<p><\/p>\n<p><\/p>\n<h3 class=\"wp-block-heading\">Un accesorio para conejos sencillo&#8230; pero s\u00faper inteligente \ud83e\udde0<\/h3>\n<p><\/p>\n<p><\/p>\n<p>Esta <strong>bolsa de heno conejo<\/strong> es un peque\u00f1o <strong>accesorio para conejo<\/strong> que adoptas en cuanto lo pruebas. Ligera, plegable, f\u00e1cil de colgar (\u00a1incluso si no eres muy manitas! \ud83d\ude05), ocupa poco espacio y mantiene la zona de comida muy ordenada. \u00a1Incluso puedes llev\u00e1rtela f\u00e1cilmente de viaje si tu conejito va contigo!<\/p>\n<p><\/p>\n<p><\/p>\n<figure class=\"wp-block-image size-full is-resized\"><img decoding=\"async\" src=\"https:\/\/mon-lapinnain.com\/wp-content\/uploads\/2025\/09\/sac-a-foin-lapin-nain.jpg\" alt=\"bolsa de heno para conejo enano\" class=\"wp-image-24343\" style=\"width:600px\" \/><\/figure>\n<p><\/p>\n<p><\/p>\n<p>\u00bfY qu\u00e9 decir de su dise\u00f1o s\u00faper mono con conejitos entre las hojas? \ud83c\udf38 En resumen, es el <strong>accesorio<\/strong> discreto pero ingenioso que vas a conservar mucho tiempo.<\/p>\n<p><\/p>\n<p><\/p>\n<p>\u2728<strong>Consejo<\/strong>: Cu\u00e9lgala encima de su esquina de esquinero, \u00a1le va a encantar! Adem\u00e1s, facilita el aprendizaje de la higiene. <\/p>\n<p><\/p>\n<p><\/p>\n<p>Caracter\u00edsticas: <\/p>\n<p><\/p>\n<p><\/p>\n<ul class=\"wp-block-list\"><\/p>\n<li><strong>Henero impermeable para conejo<\/strong><\/li>\n<p><\/p>\n<p><\/p>\n<li>Tama\u00f1o: l 34cm x A 27cm<\/li>\n<p><\/p>\n<p><\/p>\n<li>Hecho a mano<\/li>\n<p><\/p>\n<p><\/p>\n<li>Enganche met\u00e1lico<\/li>\n<p><\/ul>\n<p><\/p>\n<p><\/p>\n<figure class=\"wp-block-image size-full is-resized\"><img decoding=\"async\" src=\"https:\/\/mon-lapinnain.com\/wp-content\/uploads\/2025\/09\/sac-a-foin-lapin-grand.jpg\" alt=\"bolsa de heno conejo grande\" class=\"wp-image-24342\" style=\"width:600px\" \/><\/figure>\n<p><\/p>\n<p><\/p>\n<p>\ud83d\udc49 \u00bfQuieres un recinto limpio y un conejo feliz? Descubre tambi\u00e9n nuestros otros <strong>accesorios para conejos<\/strong> y <strong>heneros para heno conejo<\/strong> \ud83d\udc30\ud83d\udc9a<\/p>\n<p><\/p>\n<p><\/p>\n<p><\/p>\n","protected":false},"excerpt":{"rendered":"<p data-pm-slice=\"1 1 []\">\u2705 Bolsa impermeable<br \/>\u2705 Heno siempre seco &amp; limpio<br \/>\ud83d\ude31 \u00a1Stock muy limitado!<\/p>\n","protected":false},"featured_media":14397,"comment_status":"closed","ping_status":"closed","template":"","meta":{"_seopress_robots_primary_cat":"","_seopress_titles_title":"","_seopress_titles_desc":"","_seopress_robots_index":""},"product_brand":[],"product_cat":[278,281],"product_tag":[],"class_list":{"0":"post-14724","1":"product","2":"type-product","3":"status-publish","4":"has-post-thumbnail","6":"product_cat-accesorios-conejos","7":"product_cat-comedero-heno-conejos","9":"first","10":"instock","11":"taxable","12":"shipping-taxable","13":"purchasable","14":"product-type-simple"},"_links":{"self":[{"href":"https:\/\/bunzyland.com\/es\/wp-json\/wp\/v2\/product\/14724","targetHints":{"allow":["GET"]}}],"collection":[{"href":"https:\/\/bunzyland.com\/es\/wp-json\/wp\/v2\/product"}],"about":[{"href":"https:\/\/bunzyland.com\/es\/wp-json\/wp\/v2\/types\/product"}],"replies":[{"embeddable":true,"href":"https:\/\/bunzyland.com\/es\/wp-json\/wp\/v2\/comments?post=14724"}],"wp:featuredmedia":[{"embeddable":true,"href":"https:\/\/bunzyland.com\/es\/wp-json\/wp\/v2\/media\/14397"}],"wp:attachment":[{"href":"https:\/\/bunzyland.com\/es\/wp-json\/wp\/v2\/media?parent=14724"}],"wp:term":[{"taxonomy":"product_brand","embeddable":true,"href":"https:\/\/bunzyland.com\/es\/wp-json\/wp\/v2\/product_brand?post=14724"},{"taxonomy":"product_cat","embeddable":true,"href":"https:\/\/bunzyland.com\/es\/wp-json\/wp\/v2\/product_cat?post=14724"},{"taxonomy":"product_tag","embeddable":true,"href":"https:\/\/bunzyland.com\/es\/wp-json\/wp\/v2\/product_tag?post=14724"}],"curies":[{"name":"wp","href":"https:\/\/api.w.org\/{rel}","templated":true}]}}