{"id":15040,"date":"2024-02-19T15:56:28","date_gmt":"2024-02-19T14:56:28","guid":{"rendered":"https:\/\/bunzyland.com\/product\/natural-rabbit-mat\/"},"modified":"2025-10-06T16:54:52","modified_gmt":"2025-10-06T14:54:52","slug":"alfombra-natural-para-conejos","status":"publish","type":"product","link":"https:\/\/bunzyland.com\/es\/producto\/alfombra-natural-para-conejos\/","title":{"rendered":"Alfombra Natural para Conejos"},"content":{"rendered":"<h2>Alfombra de Sisal para Conejos: Natural y c\u00f3moda<\/h2>\n<p>Descubre la <strong>Alfombra Natural para Conejos<\/strong>, el toque suave que transformar\u00e1 el espacio de vida de tu conejo. Esta <strong>alfombra<\/strong>, lejos de ser un simple <strong>accesorio<\/strong>, es una invitaci\u00f3n a la serenidad para tu peque\u00f1o tesoro, un lugar donde tu conejo puede estirarse, dejarse caer de lado y disfrutar de momentos de relajaci\u00f3n. Con su aspecto elegante y su agradable textura, ofrece a tu conejo una alfombra acogedora en la que disfrutar.<\/p>\n<p><img fetchpriority=\"high\" decoding=\"async\" class=\"alignnone wp-image-13913\" src=\"https:\/\/mon-lapinnain.com\/wp-content\/uploads\/2021\/11\/tapis-pour-lapin-sisal.jpg\" alt=\"alfombra de sisal para conejos\" width=\"600\" height=\"600\" \/><\/p>\n<p>Dise\u00f1ada con el m\u00e1ximo cuidado, esta <strong>alfombra para conejos<\/strong> est\u00e1 pensada para la comodidad de tu mascota. Proporciona una superficie calmante para sus peque\u00f1as patas, al mismo tiempo que a\u00f1ade un toque de elegancia natural a tu hogar. Su presencia tranquilizadora ser\u00e1 un verdadero referente para tu conejo, un lugar que reconocer\u00e1 y amar\u00e1.<\/p>\n<p><img decoding=\"async\" class=\"alignnone wp-image-13908\" src=\"https:\/\/mon-lapinnain.com\/wp-content\/uploads\/2021\/11\/tapis-pour-lapin-fond-de-cage.jpg\" alt=\"alfombra natural para conejos\" width=\"600\" height=\"600\" \/><\/p>\n<h3>Una alfombra de suelo perfecta para rascar y hacer travesuras de conejo<\/h3>\n<p>Esta <strong>alfombra natural para conejos<\/strong> es mucho m\u00e1s que una simple cama; es un espacio de vida donde tu conejo podr\u00e1 dedicarse a sus actividades favoritas. Ya sea mordisqueando su golosina favorita o tomando una siesta, esta alfombra pronto se convertir\u00e1 en su lugar favorito. Su textura y el hecho de estar hecha de materiales naturales fomentan el instinto de tu conejo para explorar y jugar con total seguridad.<\/p>\n<p><img decoding=\"async\" class=\"alignnone wp-image-13910\" src=\"https:\/\/mon-lapinnain.com\/wp-content\/uploads\/2021\/11\/tapis-pour-lapin-nain-naturel.jpg\" alt=\"alfombra natural de sisal para conejos\" width=\"600\" height=\"600\" \/><\/p>\n<p>Y si tu conejo es de los que les gusta expresar su alegr\u00eda con peque\u00f1os rasgu\u00f1os animados, esta <strong>alfombra de suelo<\/strong> es ideal. Podr\u00e1 rascar y mordisquear sin preocupaci\u00f3n alguna, convirti\u00e9ndola en el rascador natural perfecto. Este <strong>accesorio para conejos<\/strong> est\u00e1 dise\u00f1ado para satisfacer las necesidades instintivas de tu compa\u00f1ero, proporcionando una actividad saludable y satisfactoria para su deseo de rascar.<\/p>\n<p>F\u00e1cil de colocar en cualquier rinc\u00f3n de tu casa, esta <strong>alfombra<\/strong> de sisal tambi\u00e9n es sencilla de limpiar. No solo brinda bienestar a tu amigo de orejas largas, sino que tambi\u00e9n a\u00f1ade un toque est\u00e9tico natural a tu decoraci\u00f3n.\ud83d\udc07\u2728<\/p>\n<p><strong>Caracter\u00edsticas:<\/strong><\/p>\n<ul>\n<li>Alfombrillas de fibras naturales de sisal<\/li>\n<li>Revestimiento adecuado<\/li>\n<li>F\u00e1cilmente lavable con agua fr\u00eda<\/li>\n<li>Antipododermatitis<\/li>\n<li>Tama\u00f1os: 50x80cm<\/li>\n<li>Color: Natural (marr\u00f3n claro)<\/li>\n<\/ul>\n<p><img loading=\"lazy\" decoding=\"async\" class=\"alignnone wp-image-8019 size-full\" src=\"https:\/\/mon-lapinnain.com\/wp-content\/uploads\/2021\/11\/Tapis-de-sol-pour-lapin.gif\" alt=\"Alfombra de suelo para conejo\" width=\"300\" height=\"400\" \/><\/p>\n<p>Descubre nuestra colecci\u00f3n de <strong>alfombrillas para conejos<\/strong>, perfectas para la comodidad de tu peque\u00f1o compa\u00f1ero, para una zona de juego o descanso agradable y adecuada.<\/p>\n","protected":false},"excerpt":{"rendered":"<ul>\n<li>Alfombrillas para conejos<\/li>\n<li>Antipododermatitis<\/li>\n<\/ul>\n<p>&nbsp;<\/p>\n","protected":false},"featured_media":15041,"comment_status":"closed","ping_status":"closed","template":"","meta":{"_seopress_robots_primary_cat":"none","_seopress_titles_title":"","_seopress_titles_desc":"Discover the Natural Rabbit Mat, the essential accessory for your rabbit. It's a mat he'll be able to scratch and nibble without a care in the world.","_seopress_robots_index":""},"product_brand":[],"product_cat":[278,283,296,299],"product_tag":[],"class_list":{"0":"post-15040","1":"product","2":"type-product","3":"status-publish","4":"has-post-thumbnail","6":"product_cat-accesorios-conejos","7":"product_cat-alfombras-conejos","8":"product_cat-bunny-shop","9":"product_cat-offers","10":"product_shipping_class-ok-mondial-relais","12":"first","13":"outofstock","14":"sale","15":"taxable","16":"shipping-taxable","17":"purchasable","18":"product-type-simple"},"_links":{"self":[{"href":"https:\/\/bunzyland.com\/es\/wp-json\/wp\/v2\/product\/15040","targetHints":{"allow":["GET"]}}],"collection":[{"href":"https:\/\/bunzyland.com\/es\/wp-json\/wp\/v2\/product"}],"about":[{"href":"https:\/\/bunzyland.com\/es\/wp-json\/wp\/v2\/types\/product"}],"replies":[{"embeddable":true,"href":"https:\/\/bunzyland.com\/es\/wp-json\/wp\/v2\/comments?post=15040"}],"wp:featuredmedia":[{"embeddable":true,"href":"https:\/\/bunzyland.com\/es\/wp-json\/wp\/v2\/media\/15041"}],"wp:attachment":[{"href":"https:\/\/bunzyland.com\/es\/wp-json\/wp\/v2\/media?parent=15040"}],"wp:term":[{"taxonomy":"product_brand","embeddable":true,"href":"https:\/\/bunzyland.com\/es\/wp-json\/wp\/v2\/product_brand?post=15040"},{"taxonomy":"product_cat","embeddable":true,"href":"https:\/\/bunzyland.com\/es\/wp-json\/wp\/v2\/product_cat?post=15040"},{"taxonomy":"product_tag","embeddable":true,"href":"https:\/\/bunzyland.com\/es\/wp-json\/wp\/v2\/product_tag?post=15040"}],"curies":[{"name":"wp","href":"https:\/\/api.w.org\/{rel}","templated":true}]}}