{"id":15152,"date":"2024-02-19T15:56:16","date_gmt":"2024-02-19T14:56:16","guid":{"rendered":"https:\/\/bunzyland.com\/product\/rabbit-house-carrot\/"},"modified":"2025-10-06T16:54:56","modified_gmt":"2025-10-06T14:54:56","slug":"casa-para-conejo-zanahoria","status":"publish","type":"product","link":"https:\/\/bunzyland.com\/es\/producto\/casa-para-conejo-zanahoria\/","title":{"rendered":"Casa para conejo zanahoria"},"content":{"rendered":"<h2><b>Casa para conejo: un refugio con dise\u00f1o de zanahoria<\/b><\/h2>\n<p>La <strong>casa para conejo zanahoria<\/strong> es una cama suave y acolchada ideal para crear un espacio acogedor para tu amigo de largas orejas.<\/p>\n<p>Esta <strong>casa para conejo de interior<\/strong> mullida y totalmente acolchada ser\u00e1 el <strong>refugio<\/strong> favorito de tu conejo. Podr\u00e1 refugiarse en ella para estar tranquilo y dormir bien, especialmente durante las largas noches de invierno.<\/p>\n<p><img fetchpriority=\"high\" decoding=\"async\" class=\"alignnone wp-image-9024\" src=\"https:\/\/mon-lapinnain.com\/wp-content\/uploads\/2022\/09\/Cabane-pour-lapin-nid.jpg\" alt=\"casa para conejo\" width=\"600\" height=\"600\" \/><\/p>\n<p>La forma de este <strong>escondite para conejo<\/strong> recuerda instintivamente a una madriguera, proporcionando comodidad y seguridad.<\/p>\n<p>Esta <strong>cama para conejo<\/strong> acogedora es muy confortable y puede usarse como refugio. Esto sin duda contribuir\u00e1 al bienestar de tu bola de pelo.<\/p>\n<h2>Una cama para conejo plegable<\/h2>\n<p>Adem\u00e1s de su forma de t\u00fanel o mini-cueva, esta <strong>casa para conejo de interior<\/strong> se puede desplegar completamente y utilizar como una <strong>alfombrilla para conejo<\/strong> ultra suave.<\/p>\n<p>Puedes desplegarla durante el d\u00eda para que tu conejito pueda tumbarse y echarse una siesta, y doblarla por la noche para que duerma y se acurruque dentro. A los conejos les encantan este tipo de cama porque les gusta acurrucarse para dormir.<\/p>\n<p><img decoding=\"async\" class=\"alignnone wp-image-9025\" src=\"https:\/\/mon-lapinnain.com\/wp-content\/uploads\/2022\/09\/Cabane-pour-lapin-tapis.jpg\" alt=\"alfombra para casa de conejo\" width=\"600\" height=\"600\" \/><\/p>\n<p>Adem\u00e1s, el dise\u00f1o y los colores de esta bonita <strong>cama para conejo<\/strong> la hacen decorativa, tanto en el corral de tu conejo como dentro de la casa.<\/p>\n<p>Nota: Recomendamos lavar a mano y secar al aire. As\u00ed conservar\u00e1s el acogedor nido de tu mascota durante mucho tiempo.<\/p>\n<p><b><br \/>\nM\u00e1s detalles:<\/b><\/p>\n<ul>\n<li style=\"font-weight: 400\">Color disponible: estampado de zanahoria<\/li>\n<li style=\"font-weight: 400\">Tama\u00f1o: 37 cm x 31 cm x 25 cm (14,57 in x 12,2 in x 9,84 in)<\/li>\n<\/ul>\n<p>Ofrece a tu conejo un hogar acogedor con nuestra amplia selecci\u00f3n de <a href=\"https:\/\/bunzyland.com\/es\/casa-conejos\/\">casas para conejos<\/a> c\u00f3modas y seguras para satisfacer todas las necesidades de tu peque\u00f1o compa\u00f1ero.<\/p>\n","protected":false},"excerpt":{"rendered":"<ul>\n<li>Escondite para conejo<\/li>\n<li>Cama para conejo<\/li>\n<\/ul>\n","protected":false},"featured_media":15153,"comment_status":"closed","ping_status":"closed","template":"","meta":{"_seopress_robots_primary_cat":"none","_seopress_titles_title":"","_seopress_titles_desc":"The Rabbit house carrot is perfect for providing a cosy and soft place for your rabbit. It is the ideal rabbit hideaway. A bed and a mat.","_seopress_robots_index":""},"product_brand":[],"product_cat":[296,272],"product_tag":[],"class_list":{"0":"post-15152","1":"product","2":"type-product","3":"status-publish","4":"has-post-thumbnail","6":"product_cat-bunny-shop","7":"product_cat-casa-conejos","8":"product_shipping_class-ok-mondial-relais","10":"first","11":"outofstock","12":"sale","13":"taxable","14":"shipping-taxable","15":"purchasable","16":"product-type-simple"},"_links":{"self":[{"href":"https:\/\/bunzyland.com\/es\/wp-json\/wp\/v2\/product\/15152","targetHints":{"allow":["GET"]}}],"collection":[{"href":"https:\/\/bunzyland.com\/es\/wp-json\/wp\/v2\/product"}],"about":[{"href":"https:\/\/bunzyland.com\/es\/wp-json\/wp\/v2\/types\/product"}],"replies":[{"embeddable":true,"href":"https:\/\/bunzyland.com\/es\/wp-json\/wp\/v2\/comments?post=15152"}],"wp:featuredmedia":[{"embeddable":true,"href":"https:\/\/bunzyland.com\/es\/wp-json\/wp\/v2\/media\/15153"}],"wp:attachment":[{"href":"https:\/\/bunzyland.com\/es\/wp-json\/wp\/v2\/media?parent=15152"}],"wp:term":[{"taxonomy":"product_brand","embeddable":true,"href":"https:\/\/bunzyland.com\/es\/wp-json\/wp\/v2\/product_brand?post=15152"},{"taxonomy":"product_cat","embeddable":true,"href":"https:\/\/bunzyland.com\/es\/wp-json\/wp\/v2\/product_cat?post=15152"},{"taxonomy":"product_tag","embeddable":true,"href":"https:\/\/bunzyland.com\/es\/wp-json\/wp\/v2\/product_tag?post=15152"}],"curies":[{"name":"wp","href":"https:\/\/api.w.org\/{rel}","templated":true}]}}