{"id":15199,"date":"2024-02-19T15:56:11","date_gmt":"2024-02-19T14:56:11","guid":{"rendered":"https:\/\/bunzyland.com\/?post_type=product&#038;p=15199"},"modified":"2026-01-08T12:10:26","modified_gmt":"2026-01-08T11:10:26","slug":"ratelier-foin-lapin-en-tissu","status":"publish","type":"product","link":"https:\/\/bunzyland.com\/es\/producto\/ratelier-foin-lapin-en-tissu\/","title":{"rendered":"Rastrellera de heno de tela para conejo"},"content":{"rendered":"<h2><b>La rastrellera de heno<\/b><b>\u00a0<\/b><b>de tela para conejo para colgar<\/b><\/h2>\n<p><span style=\"font-weight: 400\">La <\/span><b>rastrellera de heno<\/b><b> de tela para conejo <\/b><span style=\"font-weight: 400\">es uno de los accesorios imprescindibles para colocar en el recinto de tu conejito, ya sea para su alimentaci\u00f3n o su bienestar general.<\/span><\/p>\n<p><span style=\"font-weight: 400\">De hecho, esta <strong>bolsa de heno<\/strong><\/span><b>\u00a0<\/b><b>para conejo<\/b><span style=\"font-weight: 400\"> es muy f\u00e1cil de colgar en los barrotes del recinto y permitir\u00e1 a tu conejito acceder a su comida en cualquier momento.<\/span><\/p>\n<p><img fetchpriority=\"high\" decoding=\"async\" class=\"alignnone size-full wp-image-13012\" src=\"https:\/\/mon-lapinnain.com\/wp-content\/uploads\/2022\/08\/ratelier-foin-lapin.gif\" alt=\"rastrellera de heno para conejo\" width=\"360\" height=\"360\" \/><\/p>\n<p><span style=\"font-weight: 400\">Adem\u00e1s, recordamos que el heno es el elemento esencial que constituye la alimentaci\u00f3n de los conejitos. Por eso, tu compa\u00f1ero de largas orejas debe tener acceso a \u00e9l a su gusto y en cantidad ilimitada\u00a0!<\/span><\/p>\n<p><span style=\"font-weight: 400\">As\u00ed, esta <\/span><b>rastrellera<\/b><b>\u00a0<\/b><b>para conejo<\/b><span style=\"font-weight: 400\"> es perfecta para satisfacer el hambre de tu peque\u00f1a bola de pelo, sin que tenga que pedirlo\u00a0<\/span><span style=\"font-weight: 400\">\u263a<\/span><\/p>\n<h3><b>Un accesorio indispensable para conejos\u00a0<\/b><\/h3>\n<p><span style=\"font-weight: 400\">La<\/span><b> rastrellera de heno de tela para conejo <\/b><span style=\"font-weight: 400\">es muy pr\u00e1ctica y f\u00e1cil de instalar en el recinto.<\/span><\/p>\n<p><span style=\"font-weight: 400\">Solo tienes que llenarla con heno y colgarla en los barrotes horizontales, gracias a los dos ganchos met\u00e1licos muy resistentes que se encuentran en la parte superior de la bolsa.<\/span><\/p>\n<p><img decoding=\"async\" class=\"alignnone wp-image-9499\" src=\"https:\/\/mon-lapinnain.com\/wp-content\/uploads\/2022\/09\/sac-a-foin-lapin.jpg\" alt=\"bolsa de heno para conejo\" width=\"600\" height=\"600\" \/><\/p>\n<p><span style=\"font-weight: 400\">Aseg\u00farate de que las dos aberturas (ventanas) que permiten a tu conejito alimentarse est\u00e9n bien del lado interior del recinto.<\/span><\/p>\n<p><span style=\"font-weight: 400\">Adem\u00e1s, cabe se\u00f1alar que este <strong>comedero para conejo<\/strong><\/span><span style=\"font-weight: 400\">\u00a0es ultracolorido. Por un lado, ser\u00e1 atractivo para tu conejito, pero tambi\u00e9n aportar\u00e1 un toque decorativo al recinto de tu peque\u00f1a bola de pelo (\u00a1algo que no hay que descuidar\u00a0<\/span><span style=\"font-weight: 400\">\u263a<\/span><span style=\"font-weight: 400\">).<\/span><\/p>\n<p><span style=\"font-weight: 400\">Por \u00faltimo, dado que esta <\/span><span style=\"font-weight: 400\"><b>bolsa de heno<\/b><\/span>\u00a0<span style=\"font-weight: 400\">es de tela, es muy f\u00e1cil de mantener y lavar.\u00a0\u00a0<\/span><\/p>\n<p><b>Caracter\u00edsticas :<\/b><\/p>\n<ul>\n<li style=\"font-weight: 400\"><span style=\"font-weight: 400\">Color: Azul con estampado de pi\u00f1as<\/span><\/li>\n<li>Materiales: Tela<\/li>\n<li>Tama\u00f1o: 28 x 25 cm<\/li>\n<\/ul>\n<p>&nbsp;<\/p>\n<p>Para asegurar el bienestar y la comodidad de tu conejo, explora nuestra variada gama de accesorios para conejo, adaptados a todas sus necesidades.<\/p>\n","protected":false},"excerpt":{"rendered":"<ul>\n<li>Accesorio para conejo<\/li>\n<li>Bolsa de heno<\/li>\n<\/ul>\n","protected":false},"featured_media":15200,"comment_status":"closed","ping_status":"closed","template":"","meta":{"_seopress_robots_primary_cat":"","_seopress_titles_title":"","_seopress_titles_desc":"","_seopress_robots_index":""},"product_brand":[],"product_cat":[278,296,281],"product_tag":[],"class_list":{"0":"post-15199","1":"product","2":"type-product","3":"status-publish","4":"has-post-thumbnail","6":"product_cat-accesorios-conejos","7":"product_cat-bunny-shop","8":"product_cat-comedero-heno-conejos","9":"product_shipping_class-ok-mondial-relais","11":"first","12":"instock","13":"taxable","14":"shipping-taxable","15":"purchasable","16":"product-type-simple"},"_links":{"self":[{"href":"https:\/\/bunzyland.com\/es\/wp-json\/wp\/v2\/product\/15199","targetHints":{"allow":["GET"]}}],"collection":[{"href":"https:\/\/bunzyland.com\/es\/wp-json\/wp\/v2\/product"}],"about":[{"href":"https:\/\/bunzyland.com\/es\/wp-json\/wp\/v2\/types\/product"}],"replies":[{"embeddable":true,"href":"https:\/\/bunzyland.com\/es\/wp-json\/wp\/v2\/comments?post=15199"}],"wp:featuredmedia":[{"embeddable":true,"href":"https:\/\/bunzyland.com\/es\/wp-json\/wp\/v2\/media\/15200"}],"wp:attachment":[{"href":"https:\/\/bunzyland.com\/es\/wp-json\/wp\/v2\/media?parent=15199"}],"wp:term":[{"taxonomy":"product_brand","embeddable":true,"href":"https:\/\/bunzyland.com\/es\/wp-json\/wp\/v2\/product_brand?post=15199"},{"taxonomy":"product_cat","embeddable":true,"href":"https:\/\/bunzyland.com\/es\/wp-json\/wp\/v2\/product_cat?post=15199"},{"taxonomy":"product_tag","embeddable":true,"href":"https:\/\/bunzyland.com\/es\/wp-json\/wp\/v2\/product_tag?post=15199"}],"curies":[{"name":"wp","href":"https:\/\/api.w.org\/{rel}","templated":true}]}}