{"id":15268,"date":"2024-02-19T15:56:02","date_gmt":"2024-02-19T14:56:02","guid":{"rendered":"https:\/\/bunzyland.com\/product\/rabbit-mat-for-enclosure\/"},"modified":"2026-02-14T11:57:57","modified_gmt":"2026-02-14T10:57:57","slug":"alfombra-para-conejos-para-recinto","status":"publish","type":"product","link":"https:\/\/bunzyland.com\/es\/producto\/alfombra-para-conejos-para-recinto\/","title":{"rendered":"Alfombra para Conejos para Recinto"},"content":{"rendered":"<h2>Alfombra para conejo para recinto: c\u00f3moda y perfecta para saltos de alegr\u00eda<\/h2>\n<p>La <strong>alfombra para conejo para recinto<\/strong> es un <strong>accesorio<\/strong> esencial para organizar el corral o espacio dedicado de tu conejito. M\u00e1s all\u00e1 de su apariencia adorable, este <strong>suelo para jaula de conejo<\/strong> proporciona una superficie c\u00f3moda para que tu peludo compa\u00f1ero duerma y descanse, especialmente para sus patitas delicadas.<\/p>\n<p><img fetchpriority=\"high\" decoding=\"async\" class=\"alignnone wp-image-11769\" src=\"https:\/\/mon-lapinnain.com\/wp-content\/uploads\/2023\/04\/tapis-pour-enclos-lapin.jpg\" alt=\"alfombra para recinto de conejo\" width=\"600\" height=\"600\" \/><\/p>\n<p>Blanda y antideslizante, esta <strong>alfombra para suelo de conejo<\/strong> se mantendr\u00e1 en su sitio incluso si tu conejo corre o resbala sobre ella.<\/p>\n<p><img decoding=\"async\" class=\"alignnone wp-image-11767\" src=\"https:\/\/mon-lapinnain.com\/wp-content\/uploads\/2023\/04\/tapis-enclos-lapin.jpg\" alt=\"suelo para conejo\" width=\"600\" height=\"600\" \/><\/p>\n<p>Este <strong>suelo para conejo<\/strong> tambi\u00e9n puede servir como una divertida zona de juegos si a\u00f1ades una peque\u00f1a casita, cama y juguetes. \u00a1Nada mejor para su comodidad!<\/p>\n<h3>Una cama multifuncional para conejos<\/h3>\n<p>Esta <strong>alfombra rectangular para conejo<\/strong> <strong>para recinto<\/strong> est\u00e1 hecha de un tejido de algod\u00f3n suave y agradable, con una fina capa acolchada en su interior que proporciona la m\u00e1xima comodidad para tu mascota, especialmente para aquellos que sufren de pododermatitis.<\/p>\n<p><img decoding=\"async\" class=\"alignnone wp-image-11773\" src=\"https:\/\/mon-lapinnain.com\/wp-content\/uploads\/2023\/04\/tapis-anti-pododermatite-lapin.jpg\" alt=\"conejo anti pododermatitis\" width=\"600\" height=\"600\" \/><\/p>\n<p>Para usar esta<strong> alfombrilla de juegos para conejo<\/strong>, solo tienes que colocarla en el recinto o habitaci\u00f3n de tu conejo. Tambi\u00e9n puedes utilizar este<strong> suelo para conejo\u00a0<\/strong>como cama para tu mascota cuando viajes. Es f\u00e1cil de transportar, asegurando que tu conejo tenga un lugar c\u00f3modo con olores familiares.<\/p>\n<p><img loading=\"lazy\" decoding=\"async\" class=\"alignnone wp-image-11772\" src=\"https:\/\/mon-lapinnain.com\/wp-content\/uploads\/2023\/04\/tapis-pour-lapin-1.jpg\" alt=\"alfombra para conejo\" width=\"600\" height=\"600\" \/><\/p>\n<p>Por \u00faltimo, como esta<strong> alfombra para conejo<\/strong> est\u00e1 hecha de tela, se puede mantener f\u00e1cilmente limpia para tu querida mascota lav\u00e1ndola a m\u00e1quina a baja temperatura.<\/p>\n<p><b>Caracter\u00edsticas:<\/b><\/p>\n<ul>\n<li>Alfombra para conejo para recinto<\/li>\n<li>Color: Blanco con estampado de conejos<\/li>\n<li>Material: Tejido de algod\u00f3n suave<\/li>\n<li>Tama\u00f1o: 2 tama\u00f1os diferentes :<br \/>\n90 x 160 cm\u00a0\u00a0 \/\u00a0\u00a0 35.43 x 62.99 in<br \/>\n120 x 210 cm\u00a0\u00a0 \/\u00a0\u00a0 47.24 x 82.68 in<\/li>\n<li>F\u00e1cil de mantener<\/li>\n<li>Antideslizante<\/li>\n<li>Antipododermatitis<\/li>\n<li>Resistente al agua<\/li>\n<\/ul>\n<p><img loading=\"lazy\" decoding=\"async\" class=\"alignnone wp-image-11783\" src=\"https:\/\/mon-lapinnain.com\/wp-content\/uploads\/2023\/04\/tapis-antiderapant-pour-lapin.jpg\" alt=\"alfombra antideslizante para conejos\" width=\"600\" height=\"600\" \/><\/p>\n<p>Descubre nuestra colecci\u00f3n de <a href=\"https:\/\/bunzyland.com\/es\/alfombras-conejos\/\">alfombras para conejos<\/a>, perfectas para la comodidad de tu peque\u00f1o compa\u00f1ero, para crear un espacio de juego o descanso agradable y adecuado.<\/p>\n","protected":false},"excerpt":{"rendered":"<ul>\n<li>Alfombra antideslizante para conejos<\/li>\n<li>Previene la pododermatitis<\/li>\n<\/ul>\n","protected":false},"featured_media":15269,"comment_status":"closed","ping_status":"closed","template":"","meta":{"_seopress_robots_primary_cat":"none","_seopress_titles_title":"","_seopress_titles_desc":"The Rabbit Mat for Enclosure is the ideal accessory to give your pet a comfortable place to sleep and play. Its the perfect playmat for rabbits","_seopress_robots_index":""},"product_brand":[],"product_cat":[283,296],"product_tag":[],"class_list":{"0":"post-15268","1":"product","2":"type-product","3":"status-publish","4":"has-post-thumbnail","6":"product_cat-alfombras-conejos","7":"product_cat-bunny-shop","8":"product_shipping_class-ok-mondial-relais","10":"first","11":"outofstock","12":"taxable","13":"shipping-taxable","14":"purchasable","15":"product-type-variable","16":"has-default-attributes"},"_links":{"self":[{"href":"https:\/\/bunzyland.com\/es\/wp-json\/wp\/v2\/product\/15268","targetHints":{"allow":["GET"]}}],"collection":[{"href":"https:\/\/bunzyland.com\/es\/wp-json\/wp\/v2\/product"}],"about":[{"href":"https:\/\/bunzyland.com\/es\/wp-json\/wp\/v2\/types\/product"}],"replies":[{"embeddable":true,"href":"https:\/\/bunzyland.com\/es\/wp-json\/wp\/v2\/comments?post=15268"}],"wp:featuredmedia":[{"embeddable":true,"href":"https:\/\/bunzyland.com\/es\/wp-json\/wp\/v2\/media\/15269"}],"wp:attachment":[{"href":"https:\/\/bunzyland.com\/es\/wp-json\/wp\/v2\/media?parent=15268"}],"wp:term":[{"taxonomy":"product_brand","embeddable":true,"href":"https:\/\/bunzyland.com\/es\/wp-json\/wp\/v2\/product_brand?post=15268"},{"taxonomy":"product_cat","embeddable":true,"href":"https:\/\/bunzyland.com\/es\/wp-json\/wp\/v2\/product_cat?post=15268"},{"taxonomy":"product_tag","embeddable":true,"href":"https:\/\/bunzyland.com\/es\/wp-json\/wp\/v2\/product_tag?post=15268"}],"curies":[{"name":"wp","href":"https:\/\/api.w.org\/{rel}","templated":true}]}}