{"id":15282,"date":"2024-02-19T15:56:02","date_gmt":"2024-02-19T14:56:02","guid":{"rendered":"https:\/\/bunzyland.com\/product\/enriching-rabbit-forage-mat\/"},"modified":"2025-10-06T16:54:59","modified_gmt":"2025-10-06T14:54:59","slug":"alfombrilla-de-forraje-enriquecedora-para-conejos","status":"publish","type":"product","link":"https:\/\/bunzyland.com\/es\/producto\/alfombrilla-de-forraje-enriquecedora-para-conejos\/","title":{"rendered":"Alfombrilla de Forraje Enriquecedora para Conejos"},"content":{"rendered":"<h2>Alfombrilla de forraje para conejos: enriquecedora y divertida<\/h2>\n<p>La <strong>alfombrilla de forraje enriquecedora para conejos<\/strong> es uno de los accesorios imprescindibles para pasar tiempo de juego con tu compa\u00f1ero peludo.<\/p>\n<p>Este <strong>juguete para conejos<\/strong> es ideal para estimular los diferentes sentidos de tu conejo mientras le ofrece algo que adora: \u00a1premios!<\/p>\n<p><img fetchpriority=\"high\" decoding=\"async\" class=\"alignnone wp-image-11831 size-full\" src=\"https:\/\/mon-lapinnain.com\/wp-content\/uploads\/2023\/04\/jeu-pour-lapin-rigolo.gif\" alt=\"juguete divertido para conejos\" width=\"350\" height=\"350\" \/><\/p>\n<p>Para jugar con tu conejo, solo tienes que colocar sus premios favoritos debajo de las peque\u00f1as aberturas dedicadas para este prop\u00f3sito. Luego, tu conejo tendr\u00e1 que olfatear, rascar y mordisquear su <strong>alfombrilla de forraje para conejos<\/strong> para acceder a lo que desea.<\/p>\n<p><img decoding=\"async\" class=\"alignnone wp-image-11834\" src=\"https:\/\/mon-lapinnain.com\/wp-content\/uploads\/2023\/04\/jouet-pour-lapin-tapis-de-fouille.jpg\" alt=\"alfombra de excavaci\u00f3n para conejos\" width=\"600\" height=\"600\" \/><\/p>\n<p>Ideal para fortalecer los lazos de amor y amistad que tienes con tu conejo, este tipo de juguete te permite jugar con \u00e9l durante horas, lo que ayuda a reforzar su confianza en ti.<\/p>\n<h3>Un juguete encantador para conejos<\/h3>\n<p>Esta <strong>alfombrilla de forraje enriquecedora para conejos<\/strong> viene en forma de una tela cuadrada antideslizante, que contiene una cesta con zanahorias en relieve cosidas en su superficie.<\/p>\n<p>Es en la zona de la cesta y las zanahorias donde debes esconder los premios de tu conejo \ud83d\ude42 As\u00ed, incluso visualmente, las formas presentes en esta <strong>alfombra olfativa para conejos<\/strong> les ser\u00e1n familiares.<\/p>\n<p><img decoding=\"async\" class=\"alignnone wp-image-11832\" src=\"https:\/\/mon-lapinnain.com\/wp-content\/uploads\/2023\/04\/jeu-de-fouille-lapin.jpg\" alt=\"juego de b\u00fasqueda para conejos\" width=\"600\" height=\"600\" \/><\/p>\n<p>Ten en cuenta que el hecho de que este tipo de <strong>juguete para conejos<\/strong> est\u00e9 hecho de tela lo hace f\u00e1cil de limpiar, ya sea a m\u00e1quina o a mano. De esta forma, tu conejo tendr\u00e1 una zona de juego limpia donde no tendr\u00e1 dificultad para comer.<\/p>\n<p><b>Especificaciones:<\/b><\/p>\n<ul>\n<li>Modelo: Alfombrilla de Forraje para Conejos con Zanahorias y Cesta<\/li>\n<li>Tama\u00f1o: 70 x 70 cm \/ 27,5 x 27,5 in<\/li>\n<\/ul>\n<p>Para estimular los instintos naturales de tu conejo y animarlo a buscar y explorar, descubre nuestra gama de <a href=\"https:\/\/bunzyland.com\/es\/alfombras-conejos\/\">alfombrillas de forraje para conejos<\/a>, dise\u00f1adas para proporcionar horas de diversi\u00f3n saludable.<\/p>\n","protected":false},"excerpt":{"rendered":"<ul>\n<li>Juguete para conejos<\/li>\n<li>Mantiene entretenido a tu conejo<\/li>\n<\/ul>\n","protected":false},"featured_media":15283,"comment_status":"closed","ping_status":"closed","template":"","meta":{"_seopress_robots_primary_cat":"none","_seopress_titles_title":"","_seopress_titles_desc":"The enriching rabbit forage mat is the perfect rabbit game to stimulate your pet's senses. Playful and fun, it's perfect!","_seopress_robots_index":""},"product_brand":[],"product_cat":[287,283,296,269],"product_tag":[],"class_list":{"0":"post-15282","1":"product","2":"type-product","3":"status-publish","4":"has-post-thumbnail","6":"product_cat-alfombra-forraje-conejos","7":"product_cat-alfombras-conejos","8":"product_cat-bunny-shop","9":"product_cat-juguetes-conejos","10":"product_shipping_class-ok-mondial-relais","12":"first","13":"outofstock","14":"taxable","15":"shipping-taxable","16":"purchasable","17":"product-type-simple"},"_links":{"self":[{"href":"https:\/\/bunzyland.com\/es\/wp-json\/wp\/v2\/product\/15282","targetHints":{"allow":["GET"]}}],"collection":[{"href":"https:\/\/bunzyland.com\/es\/wp-json\/wp\/v2\/product"}],"about":[{"href":"https:\/\/bunzyland.com\/es\/wp-json\/wp\/v2\/types\/product"}],"replies":[{"embeddable":true,"href":"https:\/\/bunzyland.com\/es\/wp-json\/wp\/v2\/comments?post=15282"}],"wp:featuredmedia":[{"embeddable":true,"href":"https:\/\/bunzyland.com\/es\/wp-json\/wp\/v2\/media\/15283"}],"wp:attachment":[{"href":"https:\/\/bunzyland.com\/es\/wp-json\/wp\/v2\/media?parent=15282"}],"wp:term":[{"taxonomy":"product_brand","embeddable":true,"href":"https:\/\/bunzyland.com\/es\/wp-json\/wp\/v2\/product_brand?post=15282"},{"taxonomy":"product_cat","embeddable":true,"href":"https:\/\/bunzyland.com\/es\/wp-json\/wp\/v2\/product_cat?post=15282"},{"taxonomy":"product_tag","embeddable":true,"href":"https:\/\/bunzyland.com\/es\/wp-json\/wp\/v2\/product_tag?post=15282"}],"curies":[{"name":"wp","href":"https:\/\/api.w.org\/{rel}","templated":true}]}}