{"id":15321,"date":"2024-02-19T15:55:59","date_gmt":"2024-02-19T14:55:59","guid":{"rendered":"https:\/\/bunzyland.com\/product\/house-rabbit-carrots\/"},"modified":"2025-10-06T16:55:00","modified_gmt":"2025-10-06T14:55:00","slug":"casa-de-zanahorias-para-conejo-domestico","status":"publish","type":"product","link":"https:\/\/bunzyland.com\/es\/producto\/casa-de-zanahorias-para-conejo-domestico\/","title":{"rendered":"Casa de zanahorias para conejo dom\u00e9stico"},"content":{"rendered":"<h2>Casa de Conejo Zanahoria: un escondite colorido y c\u00f3modo<\/h2>\n<p>Nuestra <strong>Casa de Conejo Zanahoria<\/strong> es mucho m\u00e1s que una simple casa, es un para\u00edso para tu conejo. Esta <strong>casa para conejos<\/strong>, con su divertido dise\u00f1o de zanahoria, es el lugar ideal para que tu conejo descanse, se esconda o simplemente juegue. Su interior suave y c\u00f3modo invita a tu conejito a acurrucarse para una relajaci\u00f3n muy merecida.<\/p>\n<p><img fetchpriority=\"high\" decoding=\"async\" class=\"alignnone wp-image-16022\" src=\"https:\/\/mon-lapinnain.com\/wp-content\/uploads\/2024\/01\/Cabane-lapin-lit.png\" alt=\"Cama caba\u00f1a para conejos\" width=\"600\" height=\"600\" \/><\/p>\n<p>Esta <strong>casita para conejos<\/strong> no solo es atractiva con sus colores vivos y dise\u00f1o \u00fanico, sino que tambi\u00e9n es extremadamente segura y c\u00f3moda. La estructura de la casa est\u00e1 dise\u00f1ada para proporcionar un espacio seguro donde tu conejo pueda refugiarse. Ya sea para una siesta tranquila o para escapar del bullicio de la casa, este refugio para conejos es el refugio perfecto. \u00a1A tu conejo le encantar\u00e1 esconderse dentro, como si estuviera en su propia peque\u00f1a cueva c\u00e1lida!<\/p>\n<h3>La casa de conejo perfecta para el espacio de tu conejo<\/h3>\n<p>Cada conejito merece su propio peque\u00f1o rinc\u00f3n en la casa, y esta <strong>casa de conejo zanahoria<\/strong> es justo lo que necesita. No solo sirve como un <strong>escondite para conejos<\/strong>, sino que tambi\u00e9n a\u00f1ade un toque de fantas\u00eda a tu hogar o al <strong>recinto de tu conejo<\/strong>. F\u00e1cil de mover y limpiar, esta casa es tan pr\u00e1ctica como adorable.<\/p>\n<p>Adem\u00e1s, viene con un acogedor coj\u00edn gris que es f\u00e1cil de quitar y limpiar.<\/p>\n<p><strong>Caracter\u00edsticas :<\/strong><\/p>\n<ul>\n<li><strong>Materiales:<\/strong> Tela suave<\/li>\n<li><strong>Tama\u00f1o:<\/strong> An 30 x L 25 x Al 23cm<\/li>\n<li><strong>Dise\u00f1o<\/strong>: Zanahorias<\/li>\n<li><strong>Contenido del paquete:<\/strong> Casa + coj\u00edn gris<\/li>\n<\/ul>\n","protected":false},"excerpt":{"rendered":"<ul>\n<li>El escondite perfecto<\/li>\n<li>Con su peque\u00f1o coj\u00edn<\/li>\n<li>Ideal para un descanso tranquilo<\/li>\n<\/ul>\n","protected":false},"featured_media":15322,"comment_status":"closed","ping_status":"closed","template":"","meta":{"_seopress_robots_primary_cat":"none","_seopress_titles_title":"","_seopress_titles_desc":"The Carrot Rabbit House is the perfect hut for your bunny. It's the ideal hideaway for your rabbit to rest away from prying eyes.","_seopress_robots_index":""},"product_brand":[],"product_cat":[296,272],"product_tag":[],"class_list":{"0":"post-15321","1":"product","2":"type-product","3":"status-publish","4":"has-post-thumbnail","6":"product_cat-bunny-shop","7":"product_cat-casa-conejos","8":"product_shipping_class-ok-mondial-relais","10":"first","11":"outofstock","12":"taxable","13":"shipping-taxable","14":"purchasable","15":"product-type-simple"},"_links":{"self":[{"href":"https:\/\/bunzyland.com\/es\/wp-json\/wp\/v2\/product\/15321","targetHints":{"allow":["GET"]}}],"collection":[{"href":"https:\/\/bunzyland.com\/es\/wp-json\/wp\/v2\/product"}],"about":[{"href":"https:\/\/bunzyland.com\/es\/wp-json\/wp\/v2\/types\/product"}],"replies":[{"embeddable":true,"href":"https:\/\/bunzyland.com\/es\/wp-json\/wp\/v2\/comments?post=15321"}],"wp:featuredmedia":[{"embeddable":true,"href":"https:\/\/bunzyland.com\/es\/wp-json\/wp\/v2\/media\/15322"}],"wp:attachment":[{"href":"https:\/\/bunzyland.com\/es\/wp-json\/wp\/v2\/media?parent=15321"}],"wp:term":[{"taxonomy":"product_brand","embeddable":true,"href":"https:\/\/bunzyland.com\/es\/wp-json\/wp\/v2\/product_brand?post=15321"},{"taxonomy":"product_cat","embeddable":true,"href":"https:\/\/bunzyland.com\/es\/wp-json\/wp\/v2\/product_cat?post=15321"},{"taxonomy":"product_tag","embeddable":true,"href":"https:\/\/bunzyland.com\/es\/wp-json\/wp\/v2\/product_tag?post=15321"}],"curies":[{"name":"wp","href":"https:\/\/api.w.org\/{rel}","templated":true}]}}