{"id":14721,"date":"2025-10-17T13:26:09","date_gmt":"2025-10-17T11:26:09","guid":{"rendered":"https:\/\/bunzyland.com\/?post_type=product&#038;p=14721"},"modified":"2025-10-17T17:26:44","modified_gmt":"2025-10-17T15:26:44","slug":"lettiera-per-coniglio-comfort","status":"publish","type":"product","link":"https:\/\/bunzyland.com\/it\/prodotto\/lettiera-per-coniglio-comfort\/","title":{"rendered":"Lettiera per coniglio Comfort"},"content":{"rendered":"<p><\/p>\n<h2 class=\"wp-block-heading\" id=\"h-litiere-pour-lapin-confort-il-va-adorer-y-aller-vraiment\">Lettiera per coniglio Comfort: gli piacer\u00e0 davvero andarci<\/h2>\n<p><\/p>\n<p><\/p>\n<p>Diciamolo chiaramente: pulire la <strong>lettiera del coniglio<\/strong> non \u00e8 proprio l\u2019attivit\u00e0 preferita della giornata. Eppure, tutto diventa molto pi\u00f9 semplice quando hai il giusto <strong>accessorio per coniglio<\/strong>. Con questa <strong>Lettiera per coniglio Comfort<\/strong>, renderai felice il tuo piccolo coniglietto\u2026 e semplificherai la tua vita (di molto). \ud83d\ude4c<\/p>\n<p><\/p>\n<p><\/p>\n<figure class=\"wp-block-image size-full is-resized\"><img decoding=\"async\" src=\"https:\/\/mon-lapinnain.com\/wp-content\/uploads\/2025\/09\/Litiere-lapin-pratique.jpg\" alt=\"Lettiera coniglio pratica\" class=\"wp-image-24331\" style=\"width:600px\" \/><\/figure>\n<p><\/p>\n<p><\/p>\n<p>Questa <strong>vaschetta lettiera per coniglio<\/strong> \u00e8 dotata di una <strong>griglia forata<\/strong> (buchi di circa 1 cm, perfetti per un <strong>coniglio nano<\/strong>) che impedisce che il tuo coniglio abbia le zampe nell\u2019umidit\u00e0. Risultato: rimane asciutto, pulito, e tu pulisci meno spesso. S\u00ec, ringrazierai questa <strong>griglia <\/strong>magica.<\/p>\n<p><\/p>\n<p><\/p>\n<figure class=\"wp-block-image size-full is-resized\"><img decoding=\"async\" src=\"https:\/\/mon-lapinnain.com\/wp-content\/uploads\/2025\/09\/Grille-litiere-pour-lapin.jpg\" alt=\"Griglia lettiera per coniglio\" class=\"wp-image-24327\" style=\"width:600px\" \/><\/figure>\n<p><\/p>\n<p><\/p>\n<p>Ma il vero punto di forza \u00e8 l\u2019accesso super facile. Non serve saltare, arrampicarsi o fare acrobazie \ud83e\uddd7\u200d\u2642\ufe0f. L\u2019ingresso \u00e8 molto basso, ideale per <strong>conigli anziani<\/strong>, in convalescenza o semplicemente pigri. E diciamoci la verit\u00e0: anche i pi\u00f9 giovani apprezzeranno questo piccolo comfort reale.<\/p>\n<p><\/p>\n<p><\/p>\n<figure class=\"wp-block-image size-full is-resized\"><img decoding=\"async\" src=\"https:\/\/mon-lapinnain.com\/wp-content\/uploads\/2025\/09\/Litiere-pour-lapin-pratique.jpg\" alt=\"Lettiera per coniglio pratica\" class=\"wp-image-24334\" style=\"width:600px\" \/><\/figure>\n<p><\/p>\n<p><\/p>\n<h3 class=\"wp-block-heading\">Una lettiera per coniglio semplice, igienica e ben pensata \ud83e\uddfc<\/h3>\n<p><\/p>\n<p><\/p>\n<p>Vuoi una <strong>lettiera per coniglio<\/strong> che si adatti bene al tuo spazio? Questa <strong>vaschetta lettiera con griglia<\/strong> ha un design discreto ma intelligente. Perfetta da mettere vicino al <strong>sacco del fieno<\/strong>. E visto che \u00e8 robusta, resiste anche ai morsi o alla voglia di scavare (s\u00ec, sappiamo quanto adorano farlo \ud83d\ude05).<\/p>\n<p><\/p>\n<p><\/p>\n<figure class=\"wp-block-image size-full is-resized\"><img decoding=\"async\" src=\"https:\/\/mon-lapinnain.com\/wp-content\/uploads\/2025\/09\/litiere-lapin.jpg\" alt=\"lettiera coniglio\" class=\"wp-image-24330\" style=\"width:600px\" \/><\/figure>\n<p><\/p>\n<p><\/p>\n<p>\ud83d\udca1 E tra noi&#8230; \u00e8 chiaramente la<strong> migliore vaschetta lettiera per coniglio <\/strong>disponibile in Francia<strong>.<\/strong> <br \/>Perch\u00e9? Perch\u00e9 ha tutto ci\u00f2 che serve: <\/p>\n<p><\/p>\n<p><\/p>\n<ul class=\"wp-block-list\"><\/p>\n<li>Un <strong>ingresso basso<\/strong> super pratico (soprattutto per i piccoli o per i pi\u00f9 anziani)<\/li>\n<p><\/p>\n<p><\/p>\n<li>Bordi <strong>alti<\/strong> per evitare gli spruzzi di pip\u00ec (s\u00ec, anche se \u00e8 <em>nella<\/em> lettiera, a volte fa <em>fuori<\/em> \ud83d\ude24)<\/li>\n<p><\/p>\n<p><\/p>\n<li>Una <strong>griglia igienica di qualit\u00e0<\/strong>: niente zampe bagnate, nessun pelo ingiallito<\/li>\n<p><\/p>\n<p><\/p>\n<li>E soprattutto: <strong>non \u00e8 una vaschetta triangolare<\/strong> troppo piccola e scomoda. Qui il tuo coniglio pu\u00f2 davvero stare comodo.<\/li>\n<p><\/ul>\n<p><\/p>\n<p><\/p>\n<figure class=\"wp-block-image size-full is-resized\"><img decoding=\"async\" src=\"https:\/\/mon-lapinnain.com\/wp-content\/uploads\/2025\/09\/Litiere-pour-lapin-hygienique.jpg\" alt=\"Lettiera per coniglio igienica\" class=\"wp-image-24333\" style=\"width:600px\" \/><\/figure>\n<p><\/p>\n<p><\/p>\n<p>\u00c8 il tipo di <strong>accessorio per coniglio<\/strong> che scegli senza pensarci troppo, perch\u00e9 soddisfa ogni esigenza. E soprattutto, rispetta i bisogni naturali del tuo coniglio, senza stressarlo.<\/p>\n<p>Insomma, \u00e8 LA<strong> vaschetta lettiera per coniglio <\/strong>ideale. Il tuo coniglio la adorer\u00e0, e anche tu. \ud83d\udca9\u2728<\/p>\n<p><\/p>\n<p><\/p>\n<p>Caratteristiche:<\/p>\n<p><\/p>\n<p><\/p>\n<ul class=\"wp-block-list\"><\/p>\n<li>Vaschetta lettiera per coniglio\u200b<\/li>\n<p><\/p>\n<p><\/p>\n<li>Colore: Marrone chiaro<\/li>\n<p><\/p>\n<p><\/p>\n<li>Dimensioni: l 51cm x L 40cm x H 12,5cm<\/li>\n<p><\/p>\n<p><\/p>\n<li>Dimensione fori griglia: circa 1cm<\/li>\n<p><\/p>\n<p><\/p>\n<li>Altezza gradino anteriore: 3,5cm<\/li>\n<p><\/p>\n<p><\/p>\n<li>Plastica dura<\/li>\n<p><\/ul>\n<p><\/p>\n<p><\/p>\n<figure class=\"wp-block-image size-full is-resized\"><img decoding=\"async\" src=\"https:\/\/mon-lapinnain.com\/wp-content\/uploads\/2025\/09\/Litiere-lapin-bac-dimenssion.jpg\" alt=\"Lettiera coniglio dimensioni vaschetta\" class=\"wp-image-24581\" style=\"width:600px\" \/><\/figure>\n<p><\/p>\n<p><\/p>\n<p>\ud83d\udc49 Il tuo coniglio merita un angolo toilette degno di lui? Scopri anche le nostre <strong>lettiere per coniglio<\/strong> &amp; <strong>accessori per coniglio<\/strong> \ud83d\udc07\ud83d\udc9b<\/p>\n<p><\/p>\n<p><\/p>\n<p><\/p>\n","protected":false},"excerpt":{"rendered":"<p>\u2705 Vaschetta lettiera coniglio con griglia<br data-start=\"1936\" data-end=\"1939\" \/>\u2705 Accesso facile, anche per i pi\u00f9 anziani<br data-start=\"1982\" data-end=\"1985\" \/>\ud83d\ude31 Scorte limitate, va via velocemente!<\/p>\n","protected":false},"featured_media":14356,"comment_status":"closed","ping_status":"closed","template":"","meta":{"_seopress_robots_primary_cat":"","_seopress_titles_title":"","_seopress_titles_desc":"","_seopress_robots_index":""},"product_brand":[],"product_cat":[276,277],"product_tag":[],"class_list":{"0":"post-14721","1":"product","2":"type-product","3":"status-publish","4":"has-post-thumbnail","6":"product_cat-accessori-conigli","7":"product_cat-lettiera-conigli","9":"first","10":"instock","11":"taxable","12":"shipping-taxable","13":"purchasable","14":"product-type-simple"},"_links":{"self":[{"href":"https:\/\/bunzyland.com\/it\/wp-json\/wp\/v2\/product\/14721","targetHints":{"allow":["GET"]}}],"collection":[{"href":"https:\/\/bunzyland.com\/it\/wp-json\/wp\/v2\/product"}],"about":[{"href":"https:\/\/bunzyland.com\/it\/wp-json\/wp\/v2\/types\/product"}],"replies":[{"embeddable":true,"href":"https:\/\/bunzyland.com\/it\/wp-json\/wp\/v2\/comments?post=14721"}],"wp:featuredmedia":[{"embeddable":true,"href":"https:\/\/bunzyland.com\/it\/wp-json\/wp\/v2\/media\/14356"}],"wp:attachment":[{"href":"https:\/\/bunzyland.com\/it\/wp-json\/wp\/v2\/media?parent=14721"}],"wp:term":[{"taxonomy":"product_brand","embeddable":true,"href":"https:\/\/bunzyland.com\/it\/wp-json\/wp\/v2\/product_brand?post=14721"},{"taxonomy":"product_cat","embeddable":true,"href":"https:\/\/bunzyland.com\/it\/wp-json\/wp\/v2\/product_cat?post=14721"},{"taxonomy":"product_tag","embeddable":true,"href":"https:\/\/bunzyland.com\/it\/wp-json\/wp\/v2\/product_tag?post=14721"}],"curies":[{"name":"wp","href":"https:\/\/api.w.org\/{rel}","templated":true}]}}