{"id":14735,"date":"2025-10-17T13:26:13","date_gmt":"2025-10-17T11:26:13","guid":{"rendered":"https:\/\/bunzyland.com\/?post_type=product&#038;p=14735"},"modified":"2025-10-17T16:58:17","modified_gmt":"2025-10-17T14:58:17","slug":"tenda-rifugio-per-coniglietto","status":"publish","type":"product","link":"https:\/\/bunzyland.com\/it\/prodotto\/tenda-rifugio-per-coniglietto\/","title":{"rendered":"Tenda rifugio per coniglietto"},"content":{"rendered":"<p><\/p>\n<h2 class=\"wp-block-heading\" id=\"h-cabane-pour-lapin-tente-un-petit-refuge-rien-qu-a-lui\">Tenda rifugio per coniglio: un piccolo rifugio solo per lui \ud83c\udfd5\ufe0f\ud83d\udc9b<\/h2>\n<p><\/p>\n<p><\/p>\n<p>Questa <strong>tenda rifugio per coniglio<\/strong> a forma di piccola <strong>tenda<\/strong> diventer\u00e0 il suo posto preferito&#8230; e anche il tuo (solo per l\u2019espressione che fa quando ci si nasconde \ud83d\ude0d). Ultra leggera e facile da spostare, si adatta perfettamente in un <strong>recinto<\/strong>, in un angolo del salotto o in qualsiasi spazio tranquillo tutto suo.<\/p>\n<p><\/p>\n<p><\/p>\n<figure class=\"wp-block-image size-full is-resized\"><img decoding=\"async\" src=\"https:\/\/mon-lapinnain.com\/wp-content\/uploads\/2025\/09\/Cabane-pour-lapin-tente.jpg\" alt=\"Tenda rifugio per coniglio\" class=\"wp-image-24400\" style=\"width:600px\" \/><\/figure>\n<p><\/p>\n<p><\/p>\n<p>Concepita come una vera <strong>tenda per coniglio<\/strong>, gli permette di isolarsi dolcemente quando ha bisogno di tranquillit\u00e0, o di adagiarsi per un pisolino super confortevole. Un vero <strong>nascondiglio per coniglio<\/strong>, discreto e rassicurante, che rispetta i suoi istinti e gli offre un nido accogliente. E davvero&#8230; vederlo sistemarsi l\u00ec come un piccolo esploratore stanco, \u00e8 pura felicit\u00e0. \ud83d\udc30\ud83d\udca4<\/p>\n<p><\/p>\n<p><\/p>\n<h3 class=\"wp-block-heading\" id=\"h-une-cabane-lapin-legere-et-pleine-de-tendresse\">Una tenda per coniglio leggera e piena di dolcezza \ud83d\udc3e<\/h3>\n<p><\/p>\n<p><\/p>\n<p>I <strong>conigli nani<\/strong> sono di natura sensibile: amano avere un posto tranquillo, accogliente e a misura loro. Questa <strong>casetta per coniglio nano<\/strong> \u00e8 pensata proprio per loro: non troppo grande, non troppo stretta, il giusto per farli sentire al sicuro. La sua forma arrotondata e l\u2019ampia apertura facilitano l\u2019accesso anche ai pi\u00f9 timidi.<\/p>\n<p><\/p>\n<p><\/p>\n<figure class=\"wp-block-image size-full is-resized\"><img decoding=\"async\" src=\"https:\/\/mon-lapinnain.com\/wp-content\/uploads\/2025\/09\/Cabane-lapin-tente.jpg\" alt=\"Tenda per coniglio\" class=\"wp-image-24399\" style=\"width:600px\" \/><\/figure>\n<p><\/p>\n<p><\/p>\n<p>\u00c8 anche l\u2019<strong>accessorio<\/strong> ideale per aiutare il tuo coniglio a gestire i momenti di stress o semplicemente a prendersi delle pause lontano dal trambusto. E dato che questa <strong>tenda per coniglio<\/strong> \u00e8 leggera e pieghevole, puoi portarla facilmente con te nei weekend insieme. Un vero rifugio rassicurante che ritrover\u00e0 ovunque. \ud83e\udde1<\/p>\n<p><\/p>\n<p><\/p>\n<p>Caratteristiche: <\/p>\n<p><\/p>\n<p><\/p>\n<ul class=\"wp-block-list\"><\/p>\n<li><strong>Tenda per coniglio beige<\/strong><\/li>\n<p><\/p>\n<p><\/p>\n<li>Fornita con il suo piccolo materassino piatto<\/li>\n<p><\/p>\n<p><\/p>\n<li>Colore: Beige<\/li>\n<p><\/p>\n<p><\/p>\n<li><strong>Dimensioni<\/strong>: <strong>l 32cm x L 32cm x H 30cm<\/strong><\/li>\n<p><\/p>\n<p><\/p>\n<li>Adatta per un coniglio nano<\/li>\n<p><\/ul>\n<p><\/p>\n<p><\/p>\n<p>\ud83d\udc49 E se vuoi offrirgli altri piccoli rifugi adorabili, dai un\u2019occhiata a tutta la nostra <strong>collezione di tende per coniglio<\/strong> pensate per il suo comfort e benessere \ud83d\udc30\ud83d\udc9b<\/p>\n<p><\/p>","protected":false},"excerpt":{"rendered":"<p>\u2705 Un vero nido solo per lui<br \/>\u2705 Rassicura e calma i piccoli conigli stressati<br \/>\u23f3 Stock limitato&#8230; adottala subito!<\/p>\n","protected":false},"featured_media":14551,"comment_status":"closed","ping_status":"closed","template":"","meta":{"_seopress_robots_primary_cat":"","_seopress_titles_title":"","_seopress_titles_desc":"","_seopress_robots_index":""},"product_brand":[],"product_cat":[270],"product_tag":[],"class_list":{"0":"post-14735","1":"product","2":"type-product","3":"status-publish","4":"has-post-thumbnail","6":"product_cat-casa-conigli","8":"first","9":"instock","10":"taxable","11":"shipping-taxable","12":"purchasable","13":"product-type-simple"},"_links":{"self":[{"href":"https:\/\/bunzyland.com\/it\/wp-json\/wp\/v2\/product\/14735","targetHints":{"allow":["GET"]}}],"collection":[{"href":"https:\/\/bunzyland.com\/it\/wp-json\/wp\/v2\/product"}],"about":[{"href":"https:\/\/bunzyland.com\/it\/wp-json\/wp\/v2\/types\/product"}],"replies":[{"embeddable":true,"href":"https:\/\/bunzyland.com\/it\/wp-json\/wp\/v2\/comments?post=14735"}],"wp:featuredmedia":[{"embeddable":true,"href":"https:\/\/bunzyland.com\/it\/wp-json\/wp\/v2\/media\/14551"}],"wp:attachment":[{"href":"https:\/\/bunzyland.com\/it\/wp-json\/wp\/v2\/media?parent=14735"}],"wp:term":[{"taxonomy":"product_brand","embeddable":true,"href":"https:\/\/bunzyland.com\/it\/wp-json\/wp\/v2\/product_brand?post=14735"},{"taxonomy":"product_cat","embeddable":true,"href":"https:\/\/bunzyland.com\/it\/wp-json\/wp\/v2\/product_cat?post=14735"},{"taxonomy":"product_tag","embeddable":true,"href":"https:\/\/bunzyland.com\/it\/wp-json\/wp\/v2\/product_tag?post=14735"}],"curies":[{"name":"wp","href":"https:\/\/api.w.org\/{rel}","templated":true}]}}