{"id":14833,"date":"2024-02-19T15:56:44","date_gmt":"2024-02-19T14:56:44","guid":{"rendered":"https:\/\/bunzyland.com\/product\/hay-ball-for-rabbits\/"},"modified":"2025-10-06T16:54:47","modified_gmt":"2025-10-06T14:54:47","slug":"palla-di-fieno-per-conigli","status":"publish","type":"product","link":"https:\/\/bunzyland.com\/it\/prodotto\/palla-di-fieno-per-conigli\/","title":{"rendered":"Palla di fieno per conigli"},"content":{"rendered":"<div class=\"detailmodule_html\">\n<div class=\"detail-desc-decorate-richtext\">\n<h2>Palla di fieno da rosicchiare per conigli<\/h2>\n<p>La <strong>Palla di Fieno per Conigli<\/strong> \u00e8 molto pi\u00f9 di una semplice prelibatezza. Naturalmente, questa palla di fieno \u00e8 adatta sia ai buongustai grandi che piccoli. Regala al tuo coniglio questa palla di fieno che unisce piacere gustativo e cura dentale. \u00c8 un tesoro naturale, una fonte di fibre essenziali che delizia i sensi del tuo piccolo mentre contribuisce a una digestione sana.<\/p>\n<p><img fetchpriority=\"high\" decoding=\"async\" class=\"alignnone wp-image-16480\" src=\"https:\/\/mon-lapinnain.com\/wp-content\/uploads\/2021\/07\/jouet-pour-lapin-foin.png\" alt=\"giocattolo per coniglio fieno\" width=\"600\" height=\"600\" \/><\/p>\n<p>Questo <strong>giocattolo per conigli<\/strong> non \u00e8 solo uno <strong>snack<\/strong> sano, ma anche un giocattolo interattivo che stimola l&#8217;attivit\u00e0 fisica del tuo coniglio. Facendo rotolare e rosicchiando questa palla da 10 cm di diametro, il tuo coniglio si esercita divertendosi con una gustosa leccornia. \u00c8 un modo divertente per combattere la noia e incoraggiare il comportamento naturale di ricerca del cibo.<\/p>\n<h3>Un giocattolo complementare per conigli<\/h3>\n<p><img decoding=\"async\" class=\"alignnone wp-image-16479\" src=\"https:\/\/mon-lapinnain.com\/wp-content\/uploads\/2021\/07\/boule-foin-pour-lapin.png\" alt=\"palla di fieno per coniglio\" width=\"600\" height=\"600\" \/><\/p>\n<p>Questa <strong>Palla di Fieno per Conigli<\/strong> \u00e8 un must per tutti i proprietari di conigli. Realizzata con erba naturale, questa palla di fieno \u00e8 la scelta perfetta per il tuo coniglio. Nota che questo gioco per conigli non sostituisce l&#8217;apporto quotidiano di fieno. Sebbene sia essenzialmente composta da fieno, questo <strong>giocattolo interattivo<\/strong> serve come extra per stimolare attivit\u00e0 e golosit\u00e0. Il fieno classico dovrebbe rimanere l&#8217;alimento principale del tuo coniglio.<\/p>\n<p><strong>Caratteristiche:\u00a0<\/strong><\/p>\n<ul>\n<li>Materiali: Erba naturale<\/li>\n<li>Dimensioni: 10 cm<\/li>\n<\/ul>\n<\/div>\n<div class=\"detailmodule_dynamic\">\n<p>Per ancora pi\u00f9 divertimento per il tuo amico peloso, scopri la nostra selezione di giocattoli per conigli appositamente pensati per il suo benessere e piacere.<\/p>\n<\/div>\n<div class=\"detailmodule_html\">\n<div class=\"detail-desc-decorate-richtext\"><\/div>\n<\/div>\n<\/div>\n","protected":false},"excerpt":{"rendered":"<p>Palla di fieno da rosicchiare per conigli La Palla di Fieno per Conigli \u00e8 molto pi\u00f9 di una semplice prelibatezza. Naturalmente, questa palla di fieno \u00e8 adatta sia ai buongustai grandi che piccoli. Regala al tuo coniglio questa palla di fieno che unisce piacere gustativo e cura dentale. \u00c8 un tesoro naturale, una fonte di [&hellip;]<\/p>\n","protected":false},"featured_media":14834,"comment_status":"closed","ping_status":"closed","template":"","meta":{"_seopress_robots_primary_cat":"none","_seopress_titles_title":"","_seopress_titles_desc":"","_seopress_robots_index":""},"product_brand":[],"product_cat":[294,292,267,298],"product_tag":[],"class_list":{"0":"post-14833","1":"product","2":"type-product","3":"status-publish","4":"has-post-thumbnail","6":"product_cat-bunny-shop","7":"product_cat-giocattolo-da-rosicchiare","8":"product_cat-giochi-conigli","9":"product_cat-offers","11":"first","12":"instock","13":"taxable","14":"shipping-taxable","15":"purchasable","16":"product-type-simple"},"_links":{"self":[{"href":"https:\/\/bunzyland.com\/it\/wp-json\/wp\/v2\/product\/14833","targetHints":{"allow":["GET"]}}],"collection":[{"href":"https:\/\/bunzyland.com\/it\/wp-json\/wp\/v2\/product"}],"about":[{"href":"https:\/\/bunzyland.com\/it\/wp-json\/wp\/v2\/types\/product"}],"replies":[{"embeddable":true,"href":"https:\/\/bunzyland.com\/it\/wp-json\/wp\/v2\/comments?post=14833"}],"wp:featuredmedia":[{"embeddable":true,"href":"https:\/\/bunzyland.com\/it\/wp-json\/wp\/v2\/media\/14834"}],"wp:attachment":[{"href":"https:\/\/bunzyland.com\/it\/wp-json\/wp\/v2\/media?parent=14833"}],"wp:term":[{"taxonomy":"product_brand","embeddable":true,"href":"https:\/\/bunzyland.com\/it\/wp-json\/wp\/v2\/product_brand?post=14833"},{"taxonomy":"product_cat","embeddable":true,"href":"https:\/\/bunzyland.com\/it\/wp-json\/wp\/v2\/product_cat?post=14833"},{"taxonomy":"product_tag","embeddable":true,"href":"https:\/\/bunzyland.com\/it\/wp-json\/wp\/v2\/product_tag?post=14833"}],"curies":[{"name":"wp","href":"https:\/\/api.w.org\/{rel}","templated":true}]}}