{"id":15055,"date":"2024-02-19T15:56:27","date_gmt":"2024-02-19T14:56:27","guid":{"rendered":"https:\/\/bunzyland.com\/product\/rabbit-bowl\/"},"modified":"2025-10-06T16:54:53","modified_gmt":"2025-10-06T14:54:53","slug":"ciotola-per-coniglio","status":"publish","type":"product","link":"https:\/\/bunzyland.com\/it\/prodotto\/ciotola-per-coniglio\/","title":{"rendered":"Ciotola per coniglio"},"content":{"rendered":"<h2>Ciotola per coniglio: La mangiatoia ideale<\/h2>\n<p>La <strong>ciotola per coniglio<\/strong> \u00e8 il <strong>accessorio<\/strong> perfetto per il tuo piccolo amico. Questa <strong>mangiatoia per conigli<\/strong> offre molti vantaggi al tuo coniglietto. Puoi metterci cibo, fieno e acqua. Non preoccuparti che il tuo animale rovesci la ciotola e allaghi il recinto, questa <strong>ciotola per l&#8217;acqua del coniglio<\/strong> \u00e8 appositamente progettata per non far fuoriuscire l&#8217;acqua. La mangiatoia \u00e8 realizzata in pesante ceramica, cos\u00ec il tuo coniglio non trasformer\u00e0 la sua gabbia in una piscina!<\/p>\n<p>Il tuo coniglio si trover\u00e0 nella posizione giusta per mangiare e bere quanto desidera. Metti la <strong>ciotola per coniglietti<\/strong> in un angolo del recinto, se possibile opposto alla toilette, per mantenere l&#8217;acqua pulita e sicura.<\/p>\n<p><img fetchpriority=\"high\" decoding=\"async\" class=\"alignnone wp-image-8083\" src=\"https:\/\/mon-lapinnain.com\/wp-content\/uploads\/2021\/11\/gamelle-lapin.jpg\" alt=\"ciotola per coniglio\" width=\"600\" height=\"600\" \/><\/p>\n<p>Ci sono due <strong>ciotole per conigli<\/strong>, una rotonda e l&#8217;altra triangolare, scegli quella che fa pi\u00f9 per te. Queste due ciotole in ceramica con i loro bei motivi di carote si adatteranno perfettamente alla voliera del tuo animale. Questa <strong>ciotola per il cibo del coniglio<\/strong> pu\u00f2 contenere anche fieno, insalata o pellet per conigli.<\/p>\n<h3><span data-sheets-value=\"{&quot;1&quot;:2,&quot;2&quot;:&quot;can rabbits drink out of a bowl&quot;}\" data-sheets-userformat=\"{&quot;2&quot;:8897,&quot;3&quot;:{&quot;1&quot;:0},&quot;9&quot;:1,&quot;10&quot;:1,&quot;12&quot;:0,&quot;16&quot;:11}\">I conigli possono bere da una ciotola?<\/span><\/h3>\n<p>\u00c8 meglio scegliere una <strong>ciotola per conigli<\/strong> invece che una bottiglia. Quest&#8217;ultima soluzione \u00e8 molto pi\u00f9 adatta al comportamento del coniglio. Offre una posizione migliore per bere e non c&#8217;\u00e8 rischio che il tuo coniglio si danneggi i denti nel tempo.<\/p>\n<p><strong><br \/>\nAltri dettagli su questa mangiatoia per conigli:<\/strong><\/p>\n<ul>\n<li>Materiali: Ceramica pesante<\/li>\n<li>Forme: Rotonda o Triangolare<\/li>\n<li>Dimensioni:<br \/>\nciotola rotonda: D 13cm x H 6cm (D 5,1in x H 2,4in)<br \/>\nciotola triangolare: L 10,5 x P 12 x H 5,5 cm (L 4,1in x P 4,7in x H 2,2in)<\/li>\n<\/ul>\n<p>Per garantire il benessere e il comfort del tuo coniglio, scopri la nostra ampia gamma di <a href=\"https:\/\/bunzyland.com\/it\/accessori-conigli\/\">accessori per conigli<\/a>, adatti a tutte le sue esigenze.<\/p>\n","protected":false},"excerpt":{"rendered":"<ul>\n<li>Ciotola per coniglio<\/li>\n<li>Ceramica<\/li>\n<\/ul>\n","protected":false},"featured_media":15056,"comment_status":"closed","ping_status":"closed","template":"","meta":{"_seopress_robots_primary_cat":"none","_seopress_titles_title":"","_seopress_titles_desc":"","_seopress_robots_index":""},"product_brand":[],"product_cat":[276,288,294,298],"product_tag":[],"class_list":{"0":"post-15055","1":"product","2":"type-product","3":"status-publish","4":"has-post-thumbnail","6":"product_cat-accessori-conigli","7":"product_cat-borraccia-per-conigli","8":"product_cat-bunny-shop","9":"product_cat-offers","10":"product_shipping_class-ok-mondial-relais","12":"first","13":"instock","14":"sale","15":"taxable","16":"shipping-taxable","17":"purchasable","18":"product-type-variable","19":"has-default-attributes"},"_links":{"self":[{"href":"https:\/\/bunzyland.com\/it\/wp-json\/wp\/v2\/product\/15055","targetHints":{"allow":["GET"]}}],"collection":[{"href":"https:\/\/bunzyland.com\/it\/wp-json\/wp\/v2\/product"}],"about":[{"href":"https:\/\/bunzyland.com\/it\/wp-json\/wp\/v2\/types\/product"}],"replies":[{"embeddable":true,"href":"https:\/\/bunzyland.com\/it\/wp-json\/wp\/v2\/comments?post=15055"}],"wp:featuredmedia":[{"embeddable":true,"href":"https:\/\/bunzyland.com\/it\/wp-json\/wp\/v2\/media\/15056"}],"wp:attachment":[{"href":"https:\/\/bunzyland.com\/it\/wp-json\/wp\/v2\/media?parent=15055"}],"wp:term":[{"taxonomy":"product_brand","embeddable":true,"href":"https:\/\/bunzyland.com\/it\/wp-json\/wp\/v2\/product_brand?post=15055"},{"taxonomy":"product_cat","embeddable":true,"href":"https:\/\/bunzyland.com\/it\/wp-json\/wp\/v2\/product_cat?post=15055"},{"taxonomy":"product_tag","embeddable":true,"href":"https:\/\/bunzyland.com\/it\/wp-json\/wp\/v2\/product_tag?post=15055"}],"curies":[{"name":"wp","href":"https:\/\/api.w.org\/{rel}","templated":true}]}}