{"id":15195,"date":"2024-02-19T15:56:11","date_gmt":"2024-02-19T14:56:11","guid":{"rendered":"https:\/\/bunzyland.com\/?post_type=product&#038;p=15195"},"modified":"2026-01-08T14:28:44","modified_gmt":"2026-01-08T13:28:44","slug":"ratelier-foin-lapin-en-tissu","status":"publish","type":"product","link":"https:\/\/bunzyland.com\/it\/prodotto\/ratelier-foin-lapin-en-tissu\/","title":{"rendered":"Portafieno per coniglio in tessuto"},"content":{"rendered":"<h2><b>Il portafieno<\/b><b>&nbsp;<\/b><b>per coniglio in tessuto da appendere<\/b><\/h2>\n<p><span style=\"font-weight: 400\">Il <\/span><b>portafieno<\/b><b> per coniglio in tessuto <\/b><span style=\"font-weight: 400\">\u00e8 uno degli accessori indispensabili da inserire nel recinto del tuo coniglietto, sia per la sua alimentazione che per il suo benessere generale.<\/span><\/p>\n<p><span style=\"font-weight: 400\">Infatti, questa <strong>sacca per fieno<\/strong><\/span><b>&nbsp;<\/b><b>per coniglio<\/b><span style=\"font-weight: 400\"> \u00e8 molto facile da appendere alle sbarre del recinto e permetter\u00e0 al tuo coniglietto di avere accesso al suo cibo in qualsiasi momento.<\/span><\/p>\n<p><img fetchpriority=\"high\" decoding=\"async\" class=\"alignnone size-full wp-image-13012\" src=\"https:\/\/mon-lapinnain.com\/wp-content\/uploads\/2022\/08\/ratelier-foin-lapin.gif\" alt=\"portafieno per coniglio\" width=\"360\" height=\"360\" \/><\/p>\n<p><span style=\"font-weight: 400\">Ricordiamo inoltre che il fieno \u00e8 l\u2019elemento essenziale che costituisce l\u2019alimentazione dei coniglietti. Di conseguenza, il tuo compagno dalle lunghe orecchie deve potervi accedere a piacimento e in quantit\u00e0 illimitata!<\/span><\/p>\n<p><span style=\"font-weight: 400\">Cos\u00ec, questo <\/span><b>portafieno<\/b><b>&nbsp;<\/b><b>per coniglio<\/b><span style=\"font-weight: 400\"> \u00e8 perfetto per saziare la fame della tua piccola palla di pelo, senza che debba chiedere&nbsp;<\/span><span style=\"font-weight: 400\">\u263a<\/span><\/p>\n<h3><b>Un accessorio per coniglio indispensabile&nbsp;<\/b><\/h3>\n<p><span style=\"font-weight: 400\">Il<\/span><b> portafieno per coniglio in tessuto <\/b><span style=\"font-weight: 400\">\u00e8 molto pratico e facile da installare nel recinto.<\/span><\/p>\n<p><span style=\"font-weight: 400\">Ti basta riempire la sacca con il fieno e appenderla alle sbarre orizzontali, grazie ai due ganci metallici molto robusti che si trovano sulla parte superiore della sacca.&nbsp;<\/span><\/p>\n<p><img decoding=\"async\" class=\"alignnone wp-image-9499\" src=\"https:\/\/mon-lapinnain.com\/wp-content\/uploads\/2022\/09\/sac-a-foin-lapin.jpg\" alt=\"sacca per fieno per coniglio\" width=\"600\" height=\"600\" \/><\/p>\n<p><span style=\"font-weight: 400\">Assicurati che le due aperture (finestre) che permettono al tuo coniglietto di nutrirsi siano ben rivolte verso l&#8217;interno del recinto.<\/span><\/p>\n<p><span style=\"font-weight: 400\">Inoltre, segnaliamo che questa <strong>mangiatoia per coniglio<\/strong><\/span><span style=\"font-weight: 400\"> \u00e8 ultra colorata. Da un lato sar\u00e0 attraente per il tuo coniglietto, ma porter\u00e0 anche un tocco di decorazione nel recinto della tua piccola palla di pelo (cosa da non trascurare&nbsp;<\/span><span style=\"font-weight: 400\">\u263a<\/span><span style=\"font-weight: 400\">).<\/span><\/p>\n<p><span style=\"font-weight: 400\">Infine, dato che questa <\/span><span style=\"font-weight: 400\"><b>sacca per fieno<\/b><\/span>&nbsp;<span style=\"font-weight: 400\">\u00e8 in tessuto, \u00e8 molto facile da pulire e da lavare.&nbsp;&nbsp;<\/span><\/p>\n<p><b>Caratteristiche:<\/b><\/p>\n<ul>\n<li style=\"font-weight: 400\"><span style=\"font-weight: 400\">Colore: Blu con motivo ananas<\/span><\/li>\n<li>Materiali: Tessuto<\/li>\n<li>Dimensioni: 28 x 25 cm<\/li>\n<\/ul>\n<p>&nbsp;<\/p>\n<p>Per assicurare il benessere e il comfort del tuo coniglio, esplora la nostra ampia gamma di accessori per coniglio, adatti a tutte le sue necessit\u00e0.<\/p>\n","protected":false},"excerpt":{"rendered":"<ul>\n<li>Accessorio per coniglio<\/li>\n<li>Sacca per fieno<\/li>\n<\/ul>\n","protected":false},"featured_media":15196,"comment_status":"closed","ping_status":"closed","template":"","meta":{"_seopress_robots_primary_cat":"","_seopress_titles_title":"","_seopress_titles_desc":"","_seopress_robots_index":""},"product_brand":[],"product_cat":[276,294,280],"product_tag":[],"class_list":{"0":"post-15195","1":"product","2":"type-product","3":"status-publish","4":"has-post-thumbnail","6":"product_cat-accessori-conigli","7":"product_cat-bunny-shop","8":"product_cat-mangiatore-fieno-conigli","9":"product_shipping_class-ok-mondial-relais","11":"first","12":"instock","13":"taxable","14":"shipping-taxable","15":"purchasable","16":"product-type-simple"},"_links":{"self":[{"href":"https:\/\/bunzyland.com\/it\/wp-json\/wp\/v2\/product\/15195","targetHints":{"allow":["GET"]}}],"collection":[{"href":"https:\/\/bunzyland.com\/it\/wp-json\/wp\/v2\/product"}],"about":[{"href":"https:\/\/bunzyland.com\/it\/wp-json\/wp\/v2\/types\/product"}],"replies":[{"embeddable":true,"href":"https:\/\/bunzyland.com\/it\/wp-json\/wp\/v2\/comments?post=15195"}],"wp:featuredmedia":[{"embeddable":true,"href":"https:\/\/bunzyland.com\/it\/wp-json\/wp\/v2\/media\/15196"}],"wp:attachment":[{"href":"https:\/\/bunzyland.com\/it\/wp-json\/wp\/v2\/media?parent=15195"}],"wp:term":[{"taxonomy":"product_brand","embeddable":true,"href":"https:\/\/bunzyland.com\/it\/wp-json\/wp\/v2\/product_brand?post=15195"},{"taxonomy":"product_cat","embeddable":true,"href":"https:\/\/bunzyland.com\/it\/wp-json\/wp\/v2\/product_cat?post=15195"},{"taxonomy":"product_tag","embeddable":true,"href":"https:\/\/bunzyland.com\/it\/wp-json\/wp\/v2\/product_tag?post=15195"}],"curies":[{"name":"wp","href":"https:\/\/api.w.org\/{rel}","templated":true}]}}