{"id":15335,"date":"2024-02-19T15:55:58","date_gmt":"2024-02-19T14:55:58","guid":{"rendered":"https:\/\/bunzyland.com\/product\/rabbit-teepee-carrot-design\/"},"modified":"2025-10-06T16:55:01","modified_gmt":"2025-10-06T14:55:01","slug":"tenda-tipi-per-conigli-motivo-carota","status":"publish","type":"product","link":"https:\/\/bunzyland.com\/it\/prodotto\/tenda-tipi-per-conigli-motivo-carota\/","title":{"rendered":"Tenda tipi per conigli &#8211; Motivo carota"},"content":{"rendered":"<h2>Un tipi per conigli con motivo carota per il massimo comfort<\/h2>\n<p>La <strong>Tenda Tipi per Conigli Motivo Carota<\/strong> \u00e8 una vera oasi di felicit\u00e0 per il tuo coniglietto. Il suo vivace motivo a carota porta un tocco di fantasia e allegria nello spazio vitale del tuo coniglio. Progettata per offrire sia un luogo di gioco che un rifugio per il relax, questa <strong>tenda per conigli<\/strong> \u00e8 il posto perfetto affinch\u00e9 il tuo <strong>coniglietto possa giocare<\/strong> o riposarsi in tutta tranquillit\u00e0.<\/p>\n<p>Questo affascinante <strong>rifugio per conigli<\/strong> funge da accogliente rifugio dove il tuo piccolo pu\u00f2 allontanarsi dal mondo esterno. Il design della <strong>tenda tipi per conigli<\/strong> offre un luogo sicuro e appartato, permettendo al tuo coniglio di ritirarsi in uno spazio confortevole e sicuro. Sia per un pisolino tranquillo che per un momento di solitudine, questo nascondiglio \u00e8 il luogo ideale per permettere al tuo coniglio di ricaricarsi.<\/p>\n<p><img fetchpriority=\"high\" decoding=\"async\" class=\"alignnone wp-image-16151\" src=\"https:\/\/mon-lapinnain.com\/wp-content\/uploads\/2024\/01\/tipi-pour-lapin-bois.png\" alt=\"tenda tipi per conigli\" width=\"600\" height=\"600\" \/><\/p>\n<h3>Un rifugio per conigli carino e pratico<\/h3>\n<p>Ogni aspetto di questa <strong>Tenda Tipi per Conigli Motivo Carota<\/strong> \u00e8 stato pensato con cura per garantire la gioia e il comfort del tuo animale domestico. La casetta \u00e8 realizzata con materiali di alta qualit\u00e0, garantendo durata e facile manutenzione. I colorati motivi a carota stimolano l\u2019interesse visivo del tuo coniglio, mentre la struttura spaziosa offre ampio spazio per rilassarsi e giocare. Inoltre, la porta aperta incentiva l\u2019esplorazione e l\u2019indipendenza, arricchendo l\u2019ambiente quotidiano del tuo coniglio.<\/p>\n<p>Puoi posizionare la <strong>tenda<\/strong> nel suo recinto o nel tuo soggiorno, cos\u00ec avr\u00e0 uno spazio tutto suo. Anche il tuo coniglio ha il diritto di essere comodo! Facile da ripiegare, puoi persino portarla in vacanza!<\/p>\n<p><strong>Caratteristiche:<\/strong><\/p>\n<ul>\n<li><strong>Materiali:<\/strong> Legno e tessuto<\/li>\n<li><strong>Dimensioni:<\/strong> L 35 x P 41 x H 43,5cm<\/li>\n<li><strong>Motivo:<\/strong> Motivi a carota<\/li>\n<\/ul>\n","protected":false},"excerpt":{"rendered":"<ul>\n<li>Tenda per conigli<\/li>\n<li>Legno e tessuto<\/li>\n<li>Carina e confortevole<\/li>\n<\/ul>\n","protected":false},"featured_media":15336,"comment_status":"closed","ping_status":"closed","template":"","meta":{"_seopress_robots_primary_cat":"none","_seopress_titles_title":"","_seopress_titles_desc":"The Carrot Rabbit Tipi is the ideal hut for your bunny. Its tent-like design is perfect for rabbits.","_seopress_robots_index":""},"product_brand":[],"product_cat":[294,270,271],"product_tag":[],"class_list":{"0":"post-15335","1":"product","2":"type-product","3":"status-publish","4":"has-post-thumbnail","6":"product_cat-bunny-shop","7":"product_cat-casa-conigli","8":"product_cat-teepee-conigli","9":"product_shipping_class-ok-mondial-relais","11":"first","12":"instock","13":"taxable","14":"shipping-taxable","15":"purchasable","16":"product-type-simple"},"_links":{"self":[{"href":"https:\/\/bunzyland.com\/it\/wp-json\/wp\/v2\/product\/15335","targetHints":{"allow":["GET"]}}],"collection":[{"href":"https:\/\/bunzyland.com\/it\/wp-json\/wp\/v2\/product"}],"about":[{"href":"https:\/\/bunzyland.com\/it\/wp-json\/wp\/v2\/types\/product"}],"replies":[{"embeddable":true,"href":"https:\/\/bunzyland.com\/it\/wp-json\/wp\/v2\/comments?post=15335"}],"wp:featuredmedia":[{"embeddable":true,"href":"https:\/\/bunzyland.com\/it\/wp-json\/wp\/v2\/media\/15336"}],"wp:attachment":[{"href":"https:\/\/bunzyland.com\/it\/wp-json\/wp\/v2\/media?parent=15335"}],"wp:term":[{"taxonomy":"product_brand","embeddable":true,"href":"https:\/\/bunzyland.com\/it\/wp-json\/wp\/v2\/product_brand?post=15335"},{"taxonomy":"product_cat","embeddable":true,"href":"https:\/\/bunzyland.com\/it\/wp-json\/wp\/v2\/product_cat?post=15335"},{"taxonomy":"product_tag","embeddable":true,"href":"https:\/\/bunzyland.com\/it\/wp-json\/wp\/v2\/product_tag?post=15335"}],"curies":[{"name":"wp","href":"https:\/\/api.w.org\/{rel}","templated":true}]}}